{"id":769225,"date":"2025-08-28T13:46:22","date_gmt":"2025-08-28T10:46:22","guid":{"rendered":"https:\/\/roveyayinevi.com.tr\/index.php\/urun\/evimde-ciltli\/"},"modified":"2026-04-15T03:35:36","modified_gmt":"2026-04-15T00:35:36","slug":"evimde-ciltli","status":"publish","type":"product","link":"https:\/\/roveyayinevi.com.tr\/index.php\/urun\/evimde-ciltli\/","title":{"rendered":"Evimde (Ciltli)"},"content":{"rendered":"<p>Ava, D\u00fcnya\u2019y\u0131 ziyarete gelen Ay adl\u0131 sevimli bir yarat\u0131\u011fa rehberlik eder ve b\u00fcy\u00fcleyici gezegenimizi ona tan\u0131t\u0131r. Siz de bu iki yeni arkada\u015f\u0131n ne\u015feli d\u00fcnyalar\u0131na dal\u0131n ve gezegenimize bir de onlar\u0131n g\u00f6z\u00fcnden bak\u0131n.Mark Janssen\u2019in reng\u00e2renk, sihirli d\u00fcnyas\u0131na bir kez ad\u0131m att\u0131n\u0131z m\u0131 oradan ayr\u0131lmay\u0131 hi\u00e7 ama hi\u00e7 istemeyeceksiniz!<\/p>\n","protected":false},"excerpt":{"rendered":"<p>Ava, D\u00fcnya\u2019y\u0131 ziyarete gelen Ay adl\u0131 sevimli bir yarat\u0131\u011fa rehberlik eder ve b\u00fcy\u00fcleyici gezegenimizi ona tan\u0131t\u0131r. Siz de bu iki yeni arkada\u015f\u0131n ne\u015feli d\u00fcnyalar\u0131na dal\u0131n ve<span class=\"excerpt-hellip\"> [\u2026]<\/span><\/p>\n","protected":false},"featured_media":0,"template":"","meta":{"_monsterinsights_skip_tracking":false,"_monsterinsights_sitenote_active":false,"_monsterinsights_sitenote_note":"","_monsterinsights_sitenote_category":0},"product_brand":[],"product_cat":[12274,12284],"product_tag":[],"class_list":{"0":"post-769225","1":"product","2":"type-product","3":"status-publish","5":"product_cat-cocuk-ve-genclik-kitaplari","6":"product_cat-hikayeler","7":"pa_cilt-ciltli","8":"pa_tur-kitap","9":"pa_yayinevi-can-cocuk-yayinlari","10":"pa_yazar-mark-janssen","12":"first","13":"instock","14":"sale","15":"shipping-taxable","16":"purchasable","17":"product-type-simple"},"_links":{"self":[{"href":"https:\/\/roveyayinevi.com.tr\/index.php\/wp-json\/wp\/v2\/product\/769225","targetHints":{"allow":["GET"]}}],"collection":[{"href":"https:\/\/roveyayinevi.com.tr\/index.php\/wp-json\/wp\/v2\/product"}],"about":[{"href":"https:\/\/roveyayinevi.com.tr\/index.php\/wp-json\/wp\/v2\/types\/product"}],"wp:attachment":[{"href":"https:\/\/roveyayinevi.com.tr\/index.php\/wp-json\/wp\/v2\/media?parent=769225"}],"wp:term":[{"taxonomy":"product_brand","embeddable":true,"href":"https:\/\/roveyayinevi.com.tr\/index.php\/wp-json\/wp\/v2\/product_brand?post=769225"},{"taxonomy":"product_cat","embeddable":true,"href":"https:\/\/roveyayinevi.com.tr\/index.php\/wp-json\/wp\/v2\/product_cat?post=769225"},{"taxonomy":"product_tag","embeddable":true,"href":"https:\/\/roveyayinevi.com.tr\/index.php\/wp-json\/wp\/v2\/product_tag?post=769225"}],"curies":[{"name":"wp","href":"https:\/\/api.w.org\/{rel}","templated":true}]}}