{"id":769223,"date":"2025-08-28T13:46:16","date_gmt":"2025-08-28T10:46:16","guid":{"rendered":"https:\/\/roveyayinevi.com.tr\/index.php\/urun\/anlam-okumalari-1-estetigin-dili\/"},"modified":"2026-04-15T03:35:36","modified_gmt":"2026-04-15T00:35:36","slug":"anlam-okumalari-1-estetigin-dili","status":"publish","type":"product","link":"https:\/\/roveyayinevi.com.tr\/index.php\/urun\/anlam-okumalari-1-estetigin-dili\/","title":{"rendered":"Anlam Okumalar\u0131-1 Esteti\u011fin Dili"},"content":{"rendered":"<p>Anlat\u0131; kendini yap\u0131da, koleksiyonda, sat\u0131rda, m\u0131srada, renkte, yolda, mek\u00e2nda, kronolojide saklar. \u0130nsan, bu anlat\u0131y\u0131 arayan ve onu olu\u015fturan noktada konu\u015flan\u0131r. Mevcut olanla yeni aras\u0131ndaki ba\u011f\u0131, alg\u0131 ve estetikle olu\u015fturur. Bir insan\u0131n yaln\u0131zca ya\u015famas\u0131 bile hayat i\u00e7in, i\u00e7ine do\u011fdu\u011fu toplum ve ailesi i\u00e7in, kurdu\u011fu ba\u011flar i\u00e7in bir anlat\u0131d\u0131r. O y\u00fczden esteti\u011fin dili \u00f6nemlidir. Sanat\u0131 sanat\u00e7\u0131n\u0131n ekseninden \u00e7\u0131kar\u0131rsak, hayat\u0131n her yan\u0131na sa\u00e7\u0131lan alg\u0131lar ve \u00f6nem; anlat\u0131n\u0131n herkesin bir ucundan yakalayaca\u011f\u0131 \u015fey oldu\u011funu bize g\u00f6sterir. Sporla ilgilenen o anlat\u0131yla ilgilidir, mimariyle ilgilenen kendi alan\u0131yla\u2026 Elinizdeki bu kitap, bu imgelere ve ba\u011flara dair \u00f6rnekleri i\u00e7ermektedir. <\/p>\n","protected":false},"excerpt":{"rendered":"<p>Anlat\u0131; kendini yap\u0131da, koleksiyonda, sat\u0131rda, m\u0131srada, renkte, yolda, mek\u00e2nda, kronolojide saklar. \u0130nsan, bu anlat\u0131y\u0131 arayan ve onu olu\u015fturan noktada konu\u015flan\u0131r. Mevcut olanla yeni aras\u0131ndaki ba\u011f\u0131, alg\u0131<span class=\"excerpt-hellip\"> [\u2026]<\/span><\/p>\n","protected":false},"featured_media":0,"template":"","meta":{"_monsterinsights_skip_tracking":false,"_monsterinsights_sitenote_active":false,"_monsterinsights_sitenote_note":"","_monsterinsights_sitenote_category":0},"product_brand":[],"product_cat":[13072,12291],"product_tag":[],"class_list":{"0":"post-769223","1":"product","2":"type-product","3":"status-publish","5":"product_cat-arastirma-inceleme-referans","6":"product_cat-edebiyat","7":"pa_cilt-ciltsiz","8":"pa_tur-kitap","9":"pa_yayinevi-cinaralti-yayinlari","10":"pa_yazar-nur-u-nisa","12":"first","13":"instock","14":"sale","15":"shipping-taxable","16":"purchasable","17":"product-type-simple"},"_links":{"self":[{"href":"https:\/\/roveyayinevi.com.tr\/index.php\/wp-json\/wp\/v2\/product\/769223","targetHints":{"allow":["GET"]}}],"collection":[{"href":"https:\/\/roveyayinevi.com.tr\/index.php\/wp-json\/wp\/v2\/product"}],"about":[{"href":"https:\/\/roveyayinevi.com.tr\/index.php\/wp-json\/wp\/v2\/types\/product"}],"wp:attachment":[{"href":"https:\/\/roveyayinevi.com.tr\/index.php\/wp-json\/wp\/v2\/media?parent=769223"}],"wp:term":[{"taxonomy":"product_brand","embeddable":true,"href":"https:\/\/roveyayinevi.com.tr\/index.php\/wp-json\/wp\/v2\/product_brand?post=769223"},{"taxonomy":"product_cat","embeddable":true,"href":"https:\/\/roveyayinevi.com.tr\/index.php\/wp-json\/wp\/v2\/product_cat?post=769223"},{"taxonomy":"product_tag","embeddable":true,"href":"https:\/\/roveyayinevi.com.tr\/index.php\/wp-json\/wp\/v2\/product_tag?post=769223"}],"curies":[{"name":"wp","href":"https:\/\/api.w.org\/{rel}","templated":true}]}}