{"id":769222,"date":"2025-08-28T13:46:13","date_gmt":"2025-08-28T10:46:13","guid":{"rendered":"https:\/\/roveyayinevi.com.tr\/index.php\/urun\/fircalarin-sihri\/"},"modified":"2026-04-15T03:35:36","modified_gmt":"2026-04-15T00:35:36","slug":"fircalarin-sihri","status":"publish","type":"product","link":"https:\/\/roveyayinevi.com.tr\/index.php\/urun\/fircalarin-sihri\/","title":{"rendered":"F\u0131r\u00e7alar\u0131n Sihri"},"content":{"rendered":"<p>Madurer varl\u0131kl\u0131 bir Anadolu Beyi&#8217;nin o\u011fludur. Ne yaz\u0131k ki g\u00fcne\u015f \u0131\u015f\u0131\u011f\u0131 ve temiz havayla temas etmesine engel olan gizemli bir hastal\u0131ktan mustariptir. Hayat\u0131n\u0131, saray\u0131n penceresi olmayan \u00fc\u00e7 odas\u0131nda s\u00fcrd\u00fcrmektedir. Babas\u0131 Ganuan, \u00fcnl\u00fc bir ressam\u0131 saray\u0131na davet eder ve ondan \u00e7ocu\u011fun ya\u015fad\u0131\u011f\u0131 odalar\u0131n duvarlar\u0131n\u0131 d\u00fcnyay\u0131 g\u00f6steren resimlerle kaplamas\u0131n\u0131 ister.Ressam duvar resimleri \u00fczerinde \u00e7al\u0131\u015f\u0131rken, \u00e7ocukla ili\u015fkisi derinle\u015fir ve aralar\u0131nda s\u0131k\u0131 bir dostluk ba\u015flar.Bir ressam, bir \u00e7ocu\u011fa yaln\u0131zca boya f\u0131r\u00e7alar\u0131yla \u00e7al\u0131\u015farak d\u00fcnyan\u0131n g\u00fczelli\u011fini g\u00f6sterebilir mi?F\u0131r\u00e7alar\u0131n Sihri, dostluk, g\u00fczellik ve hayat\u0131n gelip ge\u00e7icili\u011fi \u00fczerine unutulmaz bir roman.<\/p>\n","protected":false},"excerpt":{"rendered":"<p>Madurer varl\u0131kl\u0131 bir Anadolu Beyi&#8217;nin o\u011fludur. Ne yaz\u0131k ki g\u00fcne\u015f \u0131\u015f\u0131\u011f\u0131 ve temiz havayla temas etmesine engel olan gizemli bir hastal\u0131ktan mustariptir. Hayat\u0131n\u0131, saray\u0131n penceresi olmayan<span class=\"excerpt-hellip\"> [\u2026]<\/span><\/p>\n","protected":false},"featured_media":0,"template":"","meta":{"_monsterinsights_skip_tracking":false,"_monsterinsights_sitenote_active":false,"_monsterinsights_sitenote_note":"","_monsterinsights_sitenote_category":0},"product_brand":[],"product_cat":[12274,12284],"product_tag":[],"class_list":{"0":"post-769222","1":"product","2":"type-product","3":"status-publish","5":"product_cat-cocuk-ve-genclik-kitaplari","6":"product_cat-hikayeler","7":"pa_cilt-ciltsiz","8":"pa_tur-kitap","9":"pa_yayinevi-can-cocuk-yayinlari","10":"pa_yazar-roberto-piumini","12":"first","13":"instock","14":"sale","15":"shipping-taxable","16":"purchasable","17":"product-type-simple"},"_links":{"self":[{"href":"https:\/\/roveyayinevi.com.tr\/index.php\/wp-json\/wp\/v2\/product\/769222","targetHints":{"allow":["GET"]}}],"collection":[{"href":"https:\/\/roveyayinevi.com.tr\/index.php\/wp-json\/wp\/v2\/product"}],"about":[{"href":"https:\/\/roveyayinevi.com.tr\/index.php\/wp-json\/wp\/v2\/types\/product"}],"wp:attachment":[{"href":"https:\/\/roveyayinevi.com.tr\/index.php\/wp-json\/wp\/v2\/media?parent=769222"}],"wp:term":[{"taxonomy":"product_brand","embeddable":true,"href":"https:\/\/roveyayinevi.com.tr\/index.php\/wp-json\/wp\/v2\/product_brand?post=769222"},{"taxonomy":"product_cat","embeddable":true,"href":"https:\/\/roveyayinevi.com.tr\/index.php\/wp-json\/wp\/v2\/product_cat?post=769222"},{"taxonomy":"product_tag","embeddable":true,"href":"https:\/\/roveyayinevi.com.tr\/index.php\/wp-json\/wp\/v2\/product_tag?post=769222"}],"curies":[{"name":"wp","href":"https:\/\/api.w.org\/{rel}","templated":true}]}}