{"id":769221,"date":"2025-08-28T13:46:10","date_gmt":"2025-08-28T10:46:10","guid":{"rendered":"https:\/\/roveyayinevi.com.tr\/index.php\/urun\/bes-mevsim-edebiyat\/"},"modified":"2026-04-15T03:35:36","modified_gmt":"2026-04-15T00:35:36","slug":"bes-mevsim-edebiyat","status":"publish","type":"product","link":"https:\/\/roveyayinevi.com.tr\/index.php\/urun\/bes-mevsim-edebiyat\/","title":{"rendered":"Be\u015f Mevsim Edebiyat"},"content":{"rendered":"<p>\u201cYazd\u0131klar\u0131m\u0131zdan ibaret de\u011filiz elbette ancak nasip olmu\u015f ve yazabilmi\u015fsek bir k\u0131sm\u0131n\u0131 da payla\u015fmal\u0131yd\u0131k.\u201d diyor Yasemin Kulo\u011flu eserinin sunu\u015funda bizlere. Naatlar\u0131n, mesnev\u00eelerin, halk hik\u00e2yelerinin s\u00fcsledi\u011fi; hayat\u0131 durup yeniden d\u00fc\u015f\u00fcnmek isteyenlere ve d\u00fcnya dertlerinden bunalanlara soluklanacaklar\u0131 tasavvuf ve felsefeyle harmanlanm\u0131\u015f bir k\u00f6\u015fe oluyor b\u00f6ylece Be\u015f Mevsim Edebiyat. Yasemin Kulo\u011flu; Be\u015f mevsim Edebiyat eseriyle bizleri edebiyat\u0131n iyile\u015ftirici iklimine davet ediyor, \u00e2deta zamanlar ve mek\u00e2nlar aras\u0131nda s\u00fcr\u00fcklenen hat\u0131ralarla aram\u0131zda mistik bir ba\u011f kuruyor. Onun yaz\u0131lar\u0131ndaki k\u0131v\u0131lc\u0131mlarla kendi ruhunuzda yeni bir \u0131\u015f\u0131k bulacak, kelimelerle \u015fifalanan dostlar\u0131n aras\u0131nda olacaks\u0131n\u0131z. \u201cOkuduklar\u0131m, yazd\u0131klar\u0131m karn\u0131m\u0131 doyurmuyordu ancak ruhumu e\u015fsiz ziyafetlere g\u00f6t\u00fcr\u00fcyordu. Sizi bu ziyafetlere davet etmek istedim.\u201d diyerek bizi samimiyetle kucaklayan yazar\u0131n, \u00e7e\u015fit bol sofras\u0131na gelin konuk olup birazc\u0131k soluklanal\u0131m. O zaman A\u015fk H\u00fb\u2026 <\/p>\n","protected":false},"excerpt":{"rendered":"<p>\u201cYazd\u0131klar\u0131m\u0131zdan ibaret de\u011filiz elbette ancak nasip olmu\u015f ve yazabilmi\u015fsek bir k\u0131sm\u0131n\u0131 da payla\u015fmal\u0131yd\u0131k.\u201d diyor Yasemin Kulo\u011flu eserinin sunu\u015funda bizlere. Naatlar\u0131n, mesnev\u00eelerin, halk hik\u00e2yelerinin s\u00fcsledi\u011fi; hayat\u0131 durup<span class=\"excerpt-hellip\"> [\u2026]<\/span><\/p>\n","protected":false},"featured_media":0,"template":"","meta":{"_monsterinsights_skip_tracking":false,"_monsterinsights_sitenote_active":false,"_monsterinsights_sitenote_note":"","_monsterinsights_sitenote_category":0},"product_brand":[],"product_cat":[12777,12291],"product_tag":[],"class_list":{"0":"post-769221","1":"product","2":"type-product","3":"status-publish","5":"product_cat-deneme","6":"product_cat-edebiyat","7":"pa_cilt-ciltsiz","8":"pa_tur-kitap","9":"pa_yayinevi-cinaralti-yayinlari","10":"pa_yazar-yasemin-kuloglu","12":"first","13":"instock","14":"sale","15":"shipping-taxable","16":"purchasable","17":"product-type-simple"},"_links":{"self":[{"href":"https:\/\/roveyayinevi.com.tr\/index.php\/wp-json\/wp\/v2\/product\/769221","targetHints":{"allow":["GET"]}}],"collection":[{"href":"https:\/\/roveyayinevi.com.tr\/index.php\/wp-json\/wp\/v2\/product"}],"about":[{"href":"https:\/\/roveyayinevi.com.tr\/index.php\/wp-json\/wp\/v2\/types\/product"}],"wp:attachment":[{"href":"https:\/\/roveyayinevi.com.tr\/index.php\/wp-json\/wp\/v2\/media?parent=769221"}],"wp:term":[{"taxonomy":"product_brand","embeddable":true,"href":"https:\/\/roveyayinevi.com.tr\/index.php\/wp-json\/wp\/v2\/product_brand?post=769221"},{"taxonomy":"product_cat","embeddable":true,"href":"https:\/\/roveyayinevi.com.tr\/index.php\/wp-json\/wp\/v2\/product_cat?post=769221"},{"taxonomy":"product_tag","embeddable":true,"href":"https:\/\/roveyayinevi.com.tr\/index.php\/wp-json\/wp\/v2\/product_tag?post=769221"}],"curies":[{"name":"wp","href":"https:\/\/api.w.org\/{rel}","templated":true}]}}