{"id":769219,"date":"2025-08-28T13:46:05","date_gmt":"2025-08-28T10:46:05","guid":{"rendered":"https:\/\/roveyayinevi.com.tr\/index.php\/urun\/edep-mektebi\/"},"modified":"2026-04-15T03:35:36","modified_gmt":"2026-04-15T00:35:36","slug":"edep-mektebi","status":"publish","type":"product","link":"https:\/\/roveyayinevi.com.tr\/index.php\/urun\/edep-mektebi\/","title":{"rendered":"Edep Mektebi"},"content":{"rendered":"<p>Ayla A\u011fabeg\u00fcm, ya\u015fad\u0131\u011f\u0131 toplumu g\u00fczelle\u015ftirmeyi misyon edinmi\u015f g\u00f6n\u00fcl insanlardan biridir. O eski \u0130stanbul\u2019u \u00e7ok iyi tan\u0131m\u0131\u015f, bu \u015fehrin ruhunu kendi ruhu ile birle\u015ftirebilmi\u015f bir \u0130stanbul han\u0131mefendisidir. Bu kitapta, ge\u00e7mi\u015f zaman\u0131n inceliklerini bug\u00fcne ta\u015f\u0131yan bir \u0130stanbul \u00f6zlemi \u00e7eken Ayla A\u011fabeg\u00fcm\u2019\u00fcn; g\u00f6rg\u00fcn\u00fcn, nezaketin, kom\u015fuluk ili\u015fkilerinin, mahalle k\u00fclt\u00fcr\u00fcn\u00fcn devam edebilmesi ad\u0131na tecr\u00fcbe aktar\u0131m\u0131 yapt\u0131\u011f\u0131 birbirinden de\u011ferli yaz\u0131lar\u0131n\u0131 bulacaks\u0131n\u0131z. <\/p>\n","protected":false},"excerpt":{"rendered":"<p>Ayla A\u011fabeg\u00fcm, ya\u015fad\u0131\u011f\u0131 toplumu g\u00fczelle\u015ftirmeyi misyon edinmi\u015f g\u00f6n\u00fcl insanlardan biridir. O eski \u0130stanbul\u2019u \u00e7ok iyi tan\u0131m\u0131\u015f, bu \u015fehrin ruhunu kendi ruhu ile birle\u015ftirebilmi\u015f bir \u0130stanbul han\u0131mefendisidir.<span class=\"excerpt-hellip\"> [\u2026]<\/span><\/p>\n","protected":false},"featured_media":0,"template":"","meta":{"_monsterinsights_skip_tracking":false,"_monsterinsights_sitenote_active":false,"_monsterinsights_sitenote_note":"","_monsterinsights_sitenote_category":0},"product_brand":[],"product_cat":[12777,12291],"product_tag":[],"class_list":{"0":"post-769219","1":"product","2":"type-product","3":"status-publish","5":"product_cat-deneme","6":"product_cat-edebiyat","7":"pa_cilt-ciltsiz","8":"pa_tur-kitap","9":"pa_yayinevi-cinaralti-yayinlari","10":"pa_yazar-ayla-agabegum","12":"first","13":"instock","14":"sale","15":"shipping-taxable","16":"purchasable","17":"product-type-simple"},"_links":{"self":[{"href":"https:\/\/roveyayinevi.com.tr\/index.php\/wp-json\/wp\/v2\/product\/769219","targetHints":{"allow":["GET"]}}],"collection":[{"href":"https:\/\/roveyayinevi.com.tr\/index.php\/wp-json\/wp\/v2\/product"}],"about":[{"href":"https:\/\/roveyayinevi.com.tr\/index.php\/wp-json\/wp\/v2\/types\/product"}],"wp:attachment":[{"href":"https:\/\/roveyayinevi.com.tr\/index.php\/wp-json\/wp\/v2\/media?parent=769219"}],"wp:term":[{"taxonomy":"product_brand","embeddable":true,"href":"https:\/\/roveyayinevi.com.tr\/index.php\/wp-json\/wp\/v2\/product_brand?post=769219"},{"taxonomy":"product_cat","embeddable":true,"href":"https:\/\/roveyayinevi.com.tr\/index.php\/wp-json\/wp\/v2\/product_cat?post=769219"},{"taxonomy":"product_tag","embeddable":true,"href":"https:\/\/roveyayinevi.com.tr\/index.php\/wp-json\/wp\/v2\/product_tag?post=769219"}],"curies":[{"name":"wp","href":"https:\/\/api.w.org\/{rel}","templated":true}]}}