{"id":769216,"date":"2025-08-28T13:45:57","date_gmt":"2025-08-28T10:45:57","guid":{"rendered":"https:\/\/roveyayinevi.com.tr\/index.php\/urun\/sozun-hakki\/"},"modified":"2026-04-15T03:35:36","modified_gmt":"2026-04-15T00:35:36","slug":"sozun-hakki","status":"publish","type":"product","link":"https:\/\/roveyayinevi.com.tr\/index.php\/urun\/sozun-hakki\/","title":{"rendered":"S\u00f6z\u00fcn Hakk\u0131"},"content":{"rendered":"<p>S\u00f6z, ancak Hakk\u2019\u0131n insana bah\u015fetti\u011fi ilmin insan\u0131 ayd\u0131nlatmas\u0131 i\u00e7in kullan\u0131lmal\u0131d\u0131r. A\u011f\u0131zdan \u00e7\u0131kt\u0131\u011f\u0131 noktada nereye gidece\u011fi belli olmayan s\u00f6z\u00fcn hi\u00e7bir k\u0131ymeti yoktur. S\u00f6z, Ayla A\u011fabeg\u00fcm\u2019\u00fcn kaleminde \u00f6nce inan\u0131r, sonra onun \u00fcslubunda samimiyeti ku\u015fan\u0131r. S\u00f6z\u00fcn Hakk\u0131, hikmetince eri\u015fmek istedi\u011fi manaya ula\u015fma gayesiyle kaleme al\u0131nan Ayla A\u011fabeg\u00fcm yaz\u0131lar\u0131ndan olu\u015fmaktad\u0131r. <\/p>\n","protected":false},"excerpt":{"rendered":"<p>S\u00f6z, ancak Hakk\u2019\u0131n insana bah\u015fetti\u011fi ilmin insan\u0131 ayd\u0131nlatmas\u0131 i\u00e7in kullan\u0131lmal\u0131d\u0131r. A\u011f\u0131zdan \u00e7\u0131kt\u0131\u011f\u0131 noktada nereye gidece\u011fi belli olmayan s\u00f6z\u00fcn hi\u00e7bir k\u0131ymeti yoktur. S\u00f6z, Ayla A\u011fabeg\u00fcm\u2019\u00fcn kaleminde \u00f6nce<span class=\"excerpt-hellip\"> [\u2026]<\/span><\/p>\n","protected":false},"featured_media":0,"template":"","meta":{"_monsterinsights_skip_tracking":false,"_monsterinsights_sitenote_active":false,"_monsterinsights_sitenote_note":"","_monsterinsights_sitenote_category":0},"product_brand":[],"product_cat":[12777,12291],"product_tag":[],"class_list":{"0":"post-769216","1":"product","2":"type-product","3":"status-publish","5":"product_cat-deneme","6":"product_cat-edebiyat","7":"pa_cilt-ciltsiz","8":"pa_tur-kitap","9":"pa_yayinevi-cinaralti-yayinlari","10":"pa_yazar-ayla-agabegum","12":"first","13":"instock","14":"sale","15":"shipping-taxable","16":"purchasable","17":"product-type-simple"},"_links":{"self":[{"href":"https:\/\/roveyayinevi.com.tr\/index.php\/wp-json\/wp\/v2\/product\/769216","targetHints":{"allow":["GET"]}}],"collection":[{"href":"https:\/\/roveyayinevi.com.tr\/index.php\/wp-json\/wp\/v2\/product"}],"about":[{"href":"https:\/\/roveyayinevi.com.tr\/index.php\/wp-json\/wp\/v2\/types\/product"}],"wp:attachment":[{"href":"https:\/\/roveyayinevi.com.tr\/index.php\/wp-json\/wp\/v2\/media?parent=769216"}],"wp:term":[{"taxonomy":"product_brand","embeddable":true,"href":"https:\/\/roveyayinevi.com.tr\/index.php\/wp-json\/wp\/v2\/product_brand?post=769216"},{"taxonomy":"product_cat","embeddable":true,"href":"https:\/\/roveyayinevi.com.tr\/index.php\/wp-json\/wp\/v2\/product_cat?post=769216"},{"taxonomy":"product_tag","embeddable":true,"href":"https:\/\/roveyayinevi.com.tr\/index.php\/wp-json\/wp\/v2\/product_tag?post=769216"}],"curies":[{"name":"wp","href":"https:\/\/api.w.org\/{rel}","templated":true}]}}