{"id":769214,"date":"2025-08-28T13:45:54","date_gmt":"2025-08-28T10:45:54","guid":{"rendered":"https:\/\/roveyayinevi.com.tr\/index.php\/urun\/panik-atak\/"},"modified":"2026-04-15T03:35:36","modified_gmt":"2026-04-15T00:35:36","slug":"panik-atak","status":"publish","type":"product","link":"https:\/\/roveyayinevi.com.tr\/index.php\/urun\/panik-atak\/","title":{"rendered":"Panik Atak"},"content":{"rendered":"<p>\u201cKalbim \u00e7ok h\u0131zl\u0131 at\u0131yor, sanki yerinden f\u0131rlayacak gibi! G\u00f6\u011fs\u00fcme b\u0131\u00e7ak saplan\u0131yor. Eyvah kalp krizi ge\u00e7iriyorum galiba! Yak\u0131nlar\u0131ma haber vermeliyim! Nefesim yetmiyor, bo\u011faz\u0131mda bir d\u00fc\u011f\u00fcn var. Her taraf\u0131m uyu\u015fuyor, ate\u015f gibi yan\u0131yorum. Midem bulan\u0131yor. Tansiyonum y\u00fckseldi. Sanki akl\u0131m\u0131 yitirece\u011fim.\u201d Panik atak, bir \u00e7e\u015fit \u201cyalanc\u0131 kalp krizi\u201d ata\u011f\u0131d\u0131r ve onlarca nedeni vard\u0131r. Bunlar tespit edilir ve ona y\u00f6nelik tedavi uygulan\u0131rsa ba\u015fa \u00e7\u0131k\u0131labilen bir problemdir. Siz de panik ata\u011f\u0131 tedavi ederek ya\u015fama kald\u0131\u011f\u0131n\u0131z yerden devam edebiliriz. \u0130\u00e7inizdeki iyile\u015fme g\u00fcc\u00fcn\u00fc, ya\u015fam enerjinizi ve bilin\u00e7li tedavi s\u00fcrecinizi birle\u015ftirerek ya\u015fam kalitenizi art\u0131rmak elinizde. Bu kitap, panik atak ile nas\u0131l ba\u015fa \u00e7\u0131kaca\u011f\u0131n\u0131z\u0131 anlat\u0131yor. <\/p>\n","protected":false},"excerpt":{"rendered":"<p>\u201cKalbim \u00e7ok h\u0131zl\u0131 at\u0131yor, sanki yerinden f\u0131rlayacak gibi! G\u00f6\u011fs\u00fcme b\u0131\u00e7ak saplan\u0131yor. Eyvah kalp krizi ge\u00e7iriyorum galiba! Yak\u0131nlar\u0131ma haber vermeliyim! Nefesim yetmiyor, bo\u011faz\u0131mda bir d\u00fc\u011f\u00fcn var. Her<span class=\"excerpt-hellip\"> [\u2026]<\/span><\/p>\n","protected":false},"featured_media":0,"template":"","meta":{"_monsterinsights_skip_tracking":false,"_monsterinsights_sitenote_active":false,"_monsterinsights_sitenote_note":"","_monsterinsights_sitenote_category":0},"product_brand":[],"product_cat":[12357],"product_tag":[],"class_list":{"0":"post-769214","1":"product","2":"type-product","3":"status-publish","5":"product_cat-psikoloji","6":"pa_cilt-ciltsiz","7":"pa_tur-kitap","8":"pa_yayinevi-cinaralti-yayinlari","9":"pa_yazar-nihat-kaya","11":"first","12":"instock","13":"sale","14":"shipping-taxable","15":"purchasable","16":"product-type-simple"},"_links":{"self":[{"href":"https:\/\/roveyayinevi.com.tr\/index.php\/wp-json\/wp\/v2\/product\/769214","targetHints":{"allow":["GET"]}}],"collection":[{"href":"https:\/\/roveyayinevi.com.tr\/index.php\/wp-json\/wp\/v2\/product"}],"about":[{"href":"https:\/\/roveyayinevi.com.tr\/index.php\/wp-json\/wp\/v2\/types\/product"}],"wp:attachment":[{"href":"https:\/\/roveyayinevi.com.tr\/index.php\/wp-json\/wp\/v2\/media?parent=769214"}],"wp:term":[{"taxonomy":"product_brand","embeddable":true,"href":"https:\/\/roveyayinevi.com.tr\/index.php\/wp-json\/wp\/v2\/product_brand?post=769214"},{"taxonomy":"product_cat","embeddable":true,"href":"https:\/\/roveyayinevi.com.tr\/index.php\/wp-json\/wp\/v2\/product_cat?post=769214"},{"taxonomy":"product_tag","embeddable":true,"href":"https:\/\/roveyayinevi.com.tr\/index.php\/wp-json\/wp\/v2\/product_tag?post=769214"}],"curies":[{"name":"wp","href":"https:\/\/api.w.org\/{rel}","templated":true}]}}