{"id":769213,"date":"2025-08-28T13:45:52","date_gmt":"2025-08-28T10:45:52","guid":{"rendered":"https:\/\/roveyayinevi.com.tr\/index.php\/urun\/gallant-ciltli\/"},"modified":"2026-04-15T03:35:36","modified_gmt":"2026-04-15T00:35:36","slug":"gallant-ciltli","status":"publish","type":"product","link":"https:\/\/roveyayinevi.com.tr\/index.php\/urun\/gallant-ciltli\/","title":{"rendered":"Gallant (Ciltli)"},"content":{"rendered":"<p>En \u0130yi Gen\u00e7 Yeti\u015fkin Fantastik &amp; Bilim Kurgu Kitab\u0131 Dal\u0131nda 2022 Goodreads Okur \u00d6d\u00fclleri Kazanan\u0131    Olivia Prior, bir yetimhanede b\u00fcy\u00fcm\u00fc\u015ft\u00fcr. Ge\u00e7mi\u015fine dair sahip oldu\u011fu tek \u015fey, annesinin delili\u011fini g\u00f6steren g\u00fcnl\u00fc\u011f\u00fcd\u00fcr. Bir g\u00fcn tan\u0131mad\u0131\u011f\u0131 birinden gelen bir mektup Olivia\u2019y\u0131 yuvas\u0131na, Gallant\u2019a \u00e7a\u011f\u0131r\u0131r. Ancak Olivia, Gallant\u2019a gitti\u011finde evdeki hi\u00e7 kimse onu beklemiyordur. Olivia, kuzeni Matthew ona d\u00fc\u015fman\u0131 gibi davransa ve koridorlarda yar\u0131s\u0131 belirgin hortlaklar onu takip etse de ilk kez kendini yuvas\u0131nda hissetti\u011fi bu yeri terk etmeyecektir. Olivia, Gallant\u2019\u0131n s\u0131rlar\u0131 oldu\u011funun fark\u0131ndad\u0131r ve bu s\u0131rlar\u0131 \u00e7\u00f6zmeye kararl\u0131d\u0131r. Gizemli duvar\u0131 a\u015ft\u0131\u011f\u0131nda, kendini Gallant olmayan bir Gallant\u2019ta bulur. Bu Gallant ger\u00e7e\u011finin tam z\u0131tt\u0131d\u0131r ve t\u00fcm araziye gizemli bir fig\u00fcr h\u00fckmetmektedir. Olivia art\u0131k ailesinin ba\u015f\u0131na neler geldi\u011fini anl\u0131yor ve babas\u0131n\u0131n kim oldu\u011funu biliyordur. Kendini hep bir yere ait hissetmek isteyen Olivia, bir Prior olarak yapmas\u0131 gerekeni yap\u0131p ger\u00e7ek d\u00fcnyay\u0131 evin efendisinden koruyabilecek midir? Yoksa tercihi duvar\u0131n \u00f6tesinden yana m\u0131 olacakt\u0131r?<\/p>\n","protected":false},"excerpt":{"rendered":"<p>En \u0130yi Gen\u00e7 Yeti\u015fkin Fantastik &amp; Bilim Kurgu Kitab\u0131 Dal\u0131nda 2022 Goodreads Okur \u00d6d\u00fclleri Kazanan\u0131 Olivia Prior, bir yetimhanede b\u00fcy\u00fcm\u00fc\u015ft\u00fcr. Ge\u00e7mi\u015fine dair sahip oldu\u011fu tek \u015fey,<span class=\"excerpt-hellip\"> [\u2026]<\/span><\/p>\n","protected":false},"featured_media":0,"template":"","meta":{"_monsterinsights_skip_tracking":false,"_monsterinsights_sitenote_active":false,"_monsterinsights_sitenote_note":"","_monsterinsights_sitenote_category":0},"product_brand":[],"product_cat":[12291,14777],"product_tag":[],"class_list":{"0":"post-769213","1":"product","2":"type-product","3":"status-publish","5":"product_cat-edebiyat","6":"product_cat-fantastik","7":"pa_cilt-ciltli","8":"pa_tur-kitap","9":"pa_yayinevi-artemis-yayinlari","10":"pa_yazar-v-e-schwab","12":"first","13":"instock","14":"sale","15":"shipping-taxable","16":"purchasable","17":"product-type-simple"},"_links":{"self":[{"href":"https:\/\/roveyayinevi.com.tr\/index.php\/wp-json\/wp\/v2\/product\/769213","targetHints":{"allow":["GET"]}}],"collection":[{"href":"https:\/\/roveyayinevi.com.tr\/index.php\/wp-json\/wp\/v2\/product"}],"about":[{"href":"https:\/\/roveyayinevi.com.tr\/index.php\/wp-json\/wp\/v2\/types\/product"}],"wp:attachment":[{"href":"https:\/\/roveyayinevi.com.tr\/index.php\/wp-json\/wp\/v2\/media?parent=769213"}],"wp:term":[{"taxonomy":"product_brand","embeddable":true,"href":"https:\/\/roveyayinevi.com.tr\/index.php\/wp-json\/wp\/v2\/product_brand?post=769213"},{"taxonomy":"product_cat","embeddable":true,"href":"https:\/\/roveyayinevi.com.tr\/index.php\/wp-json\/wp\/v2\/product_cat?post=769213"},{"taxonomy":"product_tag","embeddable":true,"href":"https:\/\/roveyayinevi.com.tr\/index.php\/wp-json\/wp\/v2\/product_tag?post=769213"}],"curies":[{"name":"wp","href":"https:\/\/api.w.org\/{rel}","templated":true}]}}