{"id":769209,"date":"2025-08-28T13:45:43","date_gmt":"2025-08-28T10:45:43","guid":{"rendered":"https:\/\/roveyayinevi.com.tr\/index.php\/urun\/rodoscuklu-fenni-divani\/"},"modified":"2026-04-15T03:35:36","modified_gmt":"2026-04-15T00:35:36","slug":"rodoscuklu-fenni-divani","status":"publish","type":"product","link":"https:\/\/roveyayinevi.com.tr\/index.php\/urun\/rodoscuklu-fenni-divani\/","title":{"rendered":"Rodos\u00e7uklu Fenni Divan\u0131"},"content":{"rendered":"<p>18. y\u00fczy\u0131l \u015fairlerinden olan Rodos\u00e7uklu Fenn\u00ee\u2019ye dair bilgiler k\u0131s\u0131tl\u0131d\u0131r. As\u0131l ad\u0131 Emin olan \u015fair bir d\u00f6nem \u0130stanbul\u2019da saray hizmetinde bulunmu\u015ftur. Saraydan ayr\u0131ld\u0131ktan sonra Rodos\u00e7uk\u2019a bug\u00fcnk\u00fc ad\u0131yla Tekirda\u011f\u2019a yerle\u015fmi\u015f ve hayat\u0131n\u0131n kalan k\u0131sm\u0131n\u0131 orada tamamlam\u0131\u015ft\u0131r. Fenn\u00ee\u2019nin bilindi\u011fi kadar\u0131yla tek eseri 1779\/80 y\u0131l\u0131nda tertip etti\u011fi Divan\u2019\u0131d\u0131r. \u0130ki b\u00f6l\u00fcmden olu\u015fan bu kitab\u0131n ilk b\u00f6l\u00fcm\u00fcnde Fenn\u00ee\u2019nin hayat\u0131 ve edeb\u00ee \u00fczerinde durulmu\u015f, Fenn\u00ee\u2019nin Divan\u2019\u0131nda and\u0131\u011f\u0131 ve nazire yazd\u0131\u011f\u0131 \u015fairlerden bahsedilmi\u015f, Divan\u2019da bulunan naz\u0131m \u015fekilleri ile ahenk unsurlar\u0131 incelenmi\u015ftir. \u00c7al\u0131\u015fman\u0131n ikinci b\u00f6l\u00fcm\u00fcnde Divan\u2019\u0131n tenkitli metnine yer verilmi\u015ftir. <\/p>\n","protected":false},"excerpt":{"rendered":"<p>18. y\u00fczy\u0131l \u015fairlerinden olan Rodos\u00e7uklu Fenn\u00ee\u2019ye dair bilgiler k\u0131s\u0131tl\u0131d\u0131r. As\u0131l ad\u0131 Emin olan \u015fair bir d\u00f6nem \u0130stanbul\u2019da saray hizmetinde bulunmu\u015ftur. Saraydan ayr\u0131ld\u0131ktan sonra Rodos\u00e7uk\u2019a bug\u00fcnk\u00fc ad\u0131yla<span class=\"excerpt-hellip\"> [\u2026]<\/span><\/p>\n","protected":false},"featured_media":0,"template":"","meta":{"_monsterinsights_skip_tracking":false,"_monsterinsights_sitenote_active":false,"_monsterinsights_sitenote_note":"","_monsterinsights_sitenote_category":0},"product_brand":[],"product_cat":[13072,12291],"product_tag":[],"class_list":{"0":"post-769209","1":"product","2":"type-product","3":"status-publish","5":"product_cat-arastirma-inceleme-referans","6":"product_cat-edebiyat","7":"pa_cilt-ciltsiz","8":"pa_tur-kitap","9":"pa_yayinevi-ideal-kultur-akademik","10":"pa_yazar-hasan-kaya-haci-ibrahim-demirkazik","12":"first","13":"instock","14":"sale","15":"shipping-taxable","16":"purchasable","17":"product-type-simple"},"_links":{"self":[{"href":"https:\/\/roveyayinevi.com.tr\/index.php\/wp-json\/wp\/v2\/product\/769209","targetHints":{"allow":["GET"]}}],"collection":[{"href":"https:\/\/roveyayinevi.com.tr\/index.php\/wp-json\/wp\/v2\/product"}],"about":[{"href":"https:\/\/roveyayinevi.com.tr\/index.php\/wp-json\/wp\/v2\/types\/product"}],"wp:attachment":[{"href":"https:\/\/roveyayinevi.com.tr\/index.php\/wp-json\/wp\/v2\/media?parent=769209"}],"wp:term":[{"taxonomy":"product_brand","embeddable":true,"href":"https:\/\/roveyayinevi.com.tr\/index.php\/wp-json\/wp\/v2\/product_brand?post=769209"},{"taxonomy":"product_cat","embeddable":true,"href":"https:\/\/roveyayinevi.com.tr\/index.php\/wp-json\/wp\/v2\/product_cat?post=769209"},{"taxonomy":"product_tag","embeddable":true,"href":"https:\/\/roveyayinevi.com.tr\/index.php\/wp-json\/wp\/v2\/product_tag?post=769209"}],"curies":[{"name":"wp","href":"https:\/\/api.w.org\/{rel}","templated":true}]}}