{"id":769207,"date":"2025-08-28T13:45:40","date_gmt":"2025-08-28T10:45:40","guid":{"rendered":"https:\/\/roveyayinevi.com.tr\/index.php\/urun\/keltlerden-vikinglere-britanya\/"},"modified":"2026-04-15T03:35:36","modified_gmt":"2026-04-15T00:35:36","slug":"keltlerden-vikinglere-britanya","status":"publish","type":"product","link":"https:\/\/roveyayinevi.com.tr\/index.php\/urun\/keltlerden-vikinglere-britanya\/","title":{"rendered":"Keltlerden Vikinglere Britanya"},"content":{"rendered":"<p>Britanya adalar\u0131 tarihi \u0130ngiltere, \u0130sko\u00e7ya, Galler ve \u0130rlanda\u2019y\u0131 kapsayan \u00e7ok y\u00f6nl\u00fc zengin bir tarihtir. Bu tarihin \u015fekillenmesinde belirleyici bir rol \u00fcstlenen \u0130ngiltere ise tarih boyunca siyasi ve k\u00fclt\u00fcrel bir merkez olmu\u015ftur. Keltlerden Romal\u0131lara, Anglo-Saxonlardan Vikinglere kadar bir\u00e7ok uygarl\u0131\u011f\u0131n iz b\u0131rakt\u0131\u011f\u0131 Britanya k\u00fclt\u00fcr\u00fcn\u00fcn olu\u015fumu ve geli\u015fimi, tarihi kaynaklar ve British Museum\u2019da yer alan maddi kal\u0131nt\u0131lar temel al\u0131narak incelenmi\u015ftir. Britanya\u2019n\u0131n kimli\u011fini olu\u015fturan bu topluluklar\u0131n inan\u00e7lar\u0131n\u0131, geleneklerini ve ya\u015fam tarzlar\u0131n\u0131 yans\u0131tan eserlerin yan\u0131 s\u0131ra ya\u015fanan siyasi, dini ve k\u00fclt\u00fcrel etkile\u015fimler ile de\u011fi\u015fimlerin ele al\u0131nd\u0131\u011f\u0131 bu kitap, Britanya k\u00fclt\u00fcr\u00fcn\u00fc derinlemesine incelenme imkan\u0131 sunmaktad\u0131r. <\/p>\n","protected":false},"excerpt":{"rendered":"<p>Britanya adalar\u0131 tarihi \u0130ngiltere, \u0130sko\u00e7ya, Galler ve \u0130rlanda\u2019y\u0131 kapsayan \u00e7ok y\u00f6nl\u00fc zengin bir tarihtir. Bu tarihin \u015fekillenmesinde belirleyici bir rol \u00fcstlenen \u0130ngiltere ise tarih boyunca siyasi<span class=\"excerpt-hellip\"> [\u2026]<\/span><\/p>\n","protected":false},"featured_media":0,"template":"","meta":{"_monsterinsights_skip_tracking":false,"_monsterinsights_sitenote_active":false,"_monsterinsights_sitenote_note":"","_monsterinsights_sitenote_category":0},"product_brand":[],"product_cat":[12304],"product_tag":[],"class_list":{"0":"post-769207","1":"product","2":"type-product","3":"status-publish","5":"product_cat-tarih","6":"pa_cilt-ciltsiz","7":"pa_tur-kitap","8":"pa_yayinevi-ideal-kultur-akademik","9":"pa_yazar-gulhan-sindi","11":"first","12":"instock","13":"sale","14":"shipping-taxable","15":"purchasable","16":"product-type-simple"},"_links":{"self":[{"href":"https:\/\/roveyayinevi.com.tr\/index.php\/wp-json\/wp\/v2\/product\/769207","targetHints":{"allow":["GET"]}}],"collection":[{"href":"https:\/\/roveyayinevi.com.tr\/index.php\/wp-json\/wp\/v2\/product"}],"about":[{"href":"https:\/\/roveyayinevi.com.tr\/index.php\/wp-json\/wp\/v2\/types\/product"}],"wp:attachment":[{"href":"https:\/\/roveyayinevi.com.tr\/index.php\/wp-json\/wp\/v2\/media?parent=769207"}],"wp:term":[{"taxonomy":"product_brand","embeddable":true,"href":"https:\/\/roveyayinevi.com.tr\/index.php\/wp-json\/wp\/v2\/product_brand?post=769207"},{"taxonomy":"product_cat","embeddable":true,"href":"https:\/\/roveyayinevi.com.tr\/index.php\/wp-json\/wp\/v2\/product_cat?post=769207"},{"taxonomy":"product_tag","embeddable":true,"href":"https:\/\/roveyayinevi.com.tr\/index.php\/wp-json\/wp\/v2\/product_tag?post=769207"}],"curies":[{"name":"wp","href":"https:\/\/api.w.org\/{rel}","templated":true}]}}