{"id":769206,"date":"2025-08-28T13:45:38","date_gmt":"2025-08-28T10:45:38","guid":{"rendered":"https:\/\/roveyayinevi.com.tr\/index.php\/urun\/dogu-guneydogu-ve-musul-denkleminde-asiretler-1918-1922\/"},"modified":"2026-04-15T03:35:36","modified_gmt":"2026-04-15T00:35:36","slug":"dogu-guneydogu-ve-musul-denkleminde-asiretler-1918-1922","status":"publish","type":"product","link":"https:\/\/roveyayinevi.com.tr\/index.php\/urun\/dogu-guneydogu-ve-musul-denkleminde-asiretler-1918-1922\/","title":{"rendered":"Do\u011fu, G\u00fcneydo\u011fu ve Musul Denkleminde A\u015firetler (1918-1922)"},"content":{"rendered":"<p>Birinci D\u00fcnya Sava\u015f\u0131\u2019n\u0131n sona ermesi ve sava\u015fta yenilen taraflardan biri olan Osmanl\u0131 Devleti\u2019nin 30 Ekim 1918\u2019de Mondros M\u00fctarekesi\u2019ni imzalamas\u0131 devletin do\u011fu ve g\u00fcneydo\u011fusunda yeni birtak\u0131m geli\u015fmeleri de beraberinde getirdi. Musul\u2019dan G\u00fcneydo\u011fu Anadolu\u2019ya do\u011fru i\u015fgalci bir politika sergileyen \u0130ngiltere, b\u00f6lgede sosyal ve siyasal g\u00fc\u00e7 olan a\u015firet yap\u0131lanmas\u0131n\u0131 da kendi \u00e7\u0131karlar\u0131 do\u011frultusunda kullanmak ad\u0131na muhtelif politikalar sergiledi.   Do\u011fu, G\u00fcneydo\u011fu ve Musul Denkleminde A\u015firetler (1918-1922) isimli bu eserde Mondros M\u00fctarekesi\u2019nin ard\u0131ndan \u0130ngilizlerin a\u015firetleri elde etme \u00e7abalar\u0131na kar\u015f\u0131 Osmanl\u0131 Devleti\u2019nin uygulad\u0131\u011f\u0131 siyaset ve a\u015firetlerin bu siyasete y\u00f6nelik izledikleri tutum, Mill\u00ee M\u00fccadele\u2019ye yakla\u015f\u0131mlar\u0131 ve ba\u011f\u0131ms\u0131zl\u0131k hareketlerindeki rolleri ile beraber Osmanl\u0131 topraklar\u0131nda a\u015firet \u00f6rg\u00fctlenmesi \u00e7ok y\u00f6nl\u00fc olarak ele al\u0131nmaktad\u0131r. <\/p>\n","protected":false},"excerpt":{"rendered":"<p>Birinci D\u00fcnya Sava\u015f\u0131\u2019n\u0131n sona ermesi ve sava\u015fta yenilen taraflardan biri olan Osmanl\u0131 Devleti\u2019nin 30 Ekim 1918\u2019de Mondros M\u00fctarekesi\u2019ni imzalamas\u0131 devletin do\u011fu ve g\u00fcneydo\u011fusunda yeni birtak\u0131m geli\u015fmeleri<span class=\"excerpt-hellip\"> [\u2026]<\/span><\/p>\n","protected":false},"featured_media":0,"template":"","meta":{"_monsterinsights_skip_tracking":false,"_monsterinsights_sitenote_active":false,"_monsterinsights_sitenote_note":"","_monsterinsights_sitenote_category":0},"product_brand":[],"product_cat":[12304],"product_tag":[],"class_list":{"0":"post-769206","1":"product","2":"type-product","3":"status-publish","5":"product_cat-tarih","6":"pa_cilt-ciltsiz","7":"pa_tur-kitap","8":"pa_yayinevi-aktif-yayinevi","9":"pa_yazar-nihal-esen","11":"first","12":"instock","13":"sale","14":"shipping-taxable","15":"purchasable","16":"product-type-simple"},"_links":{"self":[{"href":"https:\/\/roveyayinevi.com.tr\/index.php\/wp-json\/wp\/v2\/product\/769206","targetHints":{"allow":["GET"]}}],"collection":[{"href":"https:\/\/roveyayinevi.com.tr\/index.php\/wp-json\/wp\/v2\/product"}],"about":[{"href":"https:\/\/roveyayinevi.com.tr\/index.php\/wp-json\/wp\/v2\/types\/product"}],"wp:attachment":[{"href":"https:\/\/roveyayinevi.com.tr\/index.php\/wp-json\/wp\/v2\/media?parent=769206"}],"wp:term":[{"taxonomy":"product_brand","embeddable":true,"href":"https:\/\/roveyayinevi.com.tr\/index.php\/wp-json\/wp\/v2\/product_brand?post=769206"},{"taxonomy":"product_cat","embeddable":true,"href":"https:\/\/roveyayinevi.com.tr\/index.php\/wp-json\/wp\/v2\/product_cat?post=769206"},{"taxonomy":"product_tag","embeddable":true,"href":"https:\/\/roveyayinevi.com.tr\/index.php\/wp-json\/wp\/v2\/product_tag?post=769206"}],"curies":[{"name":"wp","href":"https:\/\/api.w.org\/{rel}","templated":true}]}}