{"id":769204,"date":"2025-08-28T13:45:35","date_gmt":"2025-08-28T10:45:35","guid":{"rendered":"https:\/\/roveyayinevi.com.tr\/index.php\/urun\/kirli-cark\/"},"modified":"2026-04-15T03:35:36","modified_gmt":"2026-04-15T00:35:36","slug":"kirli-cark","status":"publish","type":"product","link":"https:\/\/roveyayinevi.com.tr\/index.php\/urun\/kirli-cark\/","title":{"rendered":"Kirli \u00c7ark"},"content":{"rendered":"<p>\u201cSanal bahis ilk bak\u0131\u015fta basit bir oyun gibi g\u00f6r\u00fcnebilir. Bir t\u0131kla de\u011fi\u015fen oranlar, ekranda d\u00f6nen renkli simgeler&#8230; Ancak bu cazip g\u00f6r\u00fcnen d\u00fcnyan\u0131n y\u00fczeyini kaz\u0131d\u0131\u011f\u0131n\u0131zda, alt\u0131ndan organize bir su\u00e7 a\u011f\u0131 \u00e7\u0131kar. Asl\u0131nda her bahis, kaybetme zincirinin ilk halkas\u0131n\u0131 olu\u015fturur. Bu sistem, oyuncular\u0131 ad\u0131m ad\u0131m kendine ba\u011flar. Ba\u015flang\u0131\u00e7ta yaln\u0131zca basit bir \u00fcyelik ve k\u00fc\u00e7\u00fck bir yat\u0131r\u0131m gerekir. Hatta ilk ba\u015fta kazand\u0131r\u0131r gibi g\u00f6r\u00fcn\u00fcr; ancak bir s\u00fcre sonra kay\u0131plar ba\u015flar. Her kay\u0131p, oyuncunun kazanma arzusunu daha da k\u00f6r\u00fckler. Kaybettik\u00e7e daha fazla oynars\u0131n\u0131z. Oynad\u0131k\u00e7a batars\u0131n\u0131z. Bu tip oyunlarda kasa daima kazan\u0131r ve kay\u0131plar yaln\u0131zca para ile s\u0131n\u0131rl\u0131 kalmaz. Umudun en b\u00fcy\u00fck tuzaklardan biri oldu\u011funu unutmay\u0131n. Bazen g\u00f6zlerinizi kapatt\u0131\u011f\u0131n\u0131zda size kazand\u0131raca\u011f\u0131n\u0131 d\u00fc\u015f\u00fcnd\u00fc\u011f\u00fcn\u00fcz bu umut, asl\u0131nda kay\u0131plar\u0131n\u0131z\u0131 daha da derinle\u015ftiren en b\u00fcy\u00fck h\u0131rs\u0131zd\u0131r.\u201d   \u201cT\u00fcrkiye\u2019deki yoksulluk art\u0131k vatanda\u015f\u0131n ruhuna i\u015flemi\u015f vaziyette. Bir de o ruhu emen yasad\u0131\u015f\u0131 sanal bahis \u00f6rg\u00fctleri gibi yap\u0131lar oldu mu gariban\u0131 koruyan kimse kalm\u0131yor. Ha eskiden gariban\u0131 koruyan m\u0131 vard\u0131 o da ayr\u0131 bir konu. Fakat g\u00f6r\u00fcyoruz ki enflasyonla birlikte son y\u0131llarda yoksullu\u011fun pen\u00e7esine kap\u0131lmak \u00e7ok daha \u0131st\u0131rap verici bir hal ald\u0131. \u00dcst\u00fcne bir de adaletsizlik, e\u015fitsizlik, haks\u0131zl\u0131k binince insan\u0131n hayk\u0131racak bir nefesi bile kalm\u0131yor. Maalesef ac\u0131 sonlar tek \u00e7\u0131k\u0131\u015f yolu olarak g\u00f6r\u00fcl\u00fcyor. Aileler da\u011f\u0131l\u0131yor, \u00e7ocuklar yetim kal\u0131yor, toplum \u00e7\u00f6k\u00fcyor. \u0130\u015fte istedim ki bu kitap hayk\u0131racak bir nefesi bile kalmayanlar\u0131n sesi olsun. \u0130stedim ki \u00e7ark\u0131n di\u015flileri aras\u0131nda ezilenlerin isyan\u0131 olsun.\u201d <\/p>\n","protected":false},"excerpt":{"rendered":"<p>\u201cSanal bahis ilk bak\u0131\u015fta basit bir oyun gibi g\u00f6r\u00fcnebilir. Bir t\u0131kla de\u011fi\u015fen oranlar, ekranda d\u00f6nen renkli simgeler&#8230; Ancak bu cazip g\u00f6r\u00fcnen d\u00fcnyan\u0131n y\u00fczeyini kaz\u0131d\u0131\u011f\u0131n\u0131zda, alt\u0131ndan organize<span class=\"excerpt-hellip\"> [\u2026]<\/span><\/p>\n","protected":false},"featured_media":0,"template":"","meta":{"_monsterinsights_skip_tracking":false,"_monsterinsights_sitenote_active":false,"_monsterinsights_sitenote_note":"","_monsterinsights_sitenote_category":0},"product_brand":[],"product_cat":[52477],"product_tag":[],"class_list":{"0":"post-769204","1":"product","2":"type-product","3":"status-publish","5":"product_cat-arastirma","6":"pa_cilt-ciltsiz","7":"pa_tur-kitap","8":"pa_yayinevi-kirmizi-kedi-yayinevi","9":"pa_yazar-murat-agirel","11":"first","12":"instock","13":"sale","14":"shipping-taxable","15":"purchasable","16":"product-type-simple"},"_links":{"self":[{"href":"https:\/\/roveyayinevi.com.tr\/index.php\/wp-json\/wp\/v2\/product\/769204","targetHints":{"allow":["GET"]}}],"collection":[{"href":"https:\/\/roveyayinevi.com.tr\/index.php\/wp-json\/wp\/v2\/product"}],"about":[{"href":"https:\/\/roveyayinevi.com.tr\/index.php\/wp-json\/wp\/v2\/types\/product"}],"wp:attachment":[{"href":"https:\/\/roveyayinevi.com.tr\/index.php\/wp-json\/wp\/v2\/media?parent=769204"}],"wp:term":[{"taxonomy":"product_brand","embeddable":true,"href":"https:\/\/roveyayinevi.com.tr\/index.php\/wp-json\/wp\/v2\/product_brand?post=769204"},{"taxonomy":"product_cat","embeddable":true,"href":"https:\/\/roveyayinevi.com.tr\/index.php\/wp-json\/wp\/v2\/product_cat?post=769204"},{"taxonomy":"product_tag","embeddable":true,"href":"https:\/\/roveyayinevi.com.tr\/index.php\/wp-json\/wp\/v2\/product_tag?post=769204"}],"curies":[{"name":"wp","href":"https:\/\/api.w.org\/{rel}","templated":true}]}}