{"id":769203,"date":"2025-08-28T13:45:34","date_gmt":"2025-08-28T10:45:34","guid":{"rendered":"https:\/\/roveyayinevi.com.tr\/index.php\/urun\/hidroksiklorokin-sulfatin-kemik-iyilesmesine-etkileri\/"},"modified":"2025-10-23T11:24:51","modified_gmt":"2025-10-23T08:24:51","slug":"hidroksiklorokin-sulfatin-kemik-iyilesmesine-etkileri","status":"publish","type":"product","link":"https:\/\/roveyayinevi.com.tr\/index.php\/urun\/hidroksiklorokin-sulfatin-kemik-iyilesmesine-etkileri\/","title":{"rendered":"Hidroksiklorokin Su\u0308lfatin Kemik I\u0307yiles\u0327mesine Etkileri"},"content":{"rendered":"<p>Hidroksiklorokin s\u00fclfat, son y\u0131llarda farkl\u0131 terap\u00f6tik alanlardaki potansiyel etkileriyle dikkat \u00e7eken bir ila\u00e7t\u0131r. Ancak bu ilac\u0131n kemik iyile\u015fmesi \u00fczerindeki biyolojik etkileri yeterince anla\u015f\u0131lmam\u0131\u015f bir ara\u015ft\u0131rma sahas\u0131 olarak kalm\u0131\u015ft\u0131r. Bu eserde, s\u0131\u00e7an femur k\u0131r\u0131k modeli kullan\u0131larak hidroksiklorokin s\u00fclfat\u0131n kemik iyile\u015fmesi \u00fczerindeki etkileri detayl\u0131 bir \u015fekilde incelenmektedir. Hidroksiklorokin s\u00fclfat\u0131n kemik dokusu \u00fczerindeki rol\u00fcn\u00fc bilimsel bir yakla\u015f\u0131mla deneysel metodolojilerden histolojik de\u011ferlendirmelere kadar geni\u015f bir perspektif ile sunan bu eser, ortopedi, farmakoloji ve biyomedikal alanlar\u0131nda \u00e7al\u0131\u015fan profesyoneller ve ara\u015ft\u0131rmac\u0131lar i\u00e7in de\u011ferli bir rehber olacakt\u0131r. <\/p>\n","protected":false},"excerpt":{"rendered":"<p>Hidroksiklorokin s\u00fclfat, son y\u0131llarda farkl\u0131 terap\u00f6tik alanlardaki potansiyel etkileriyle dikkat \u00e7eken bir ila\u00e7t\u0131r. Ancak bu ilac\u0131n kemik iyile\u015fmesi \u00fczerindeki biyolojik etkileri yeterince anla\u015f\u0131lmam\u0131\u015f bir ara\u015ft\u0131rma sahas\u0131<span class=\"excerpt-hellip\"> [\u2026]<\/span><\/p>\n","protected":false},"featured_media":0,"template":"","meta":{"_monsterinsights_skip_tracking":false,"_monsterinsights_sitenote_active":false,"_monsterinsights_sitenote_note":"","_monsterinsights_sitenote_category":0},"product_brand":[],"product_cat":[13005,38128],"product_tag":[],"class_list":{"0":"post-769203","1":"product","2":"type-product","3":"status-publish","5":"product_cat-bilim-muhendislik","6":"product_cat-tip-bilimleri","7":"pa_cilt-ciltsiz","8":"pa_tur-kitap","9":"pa_yayinevi-aktif-yayinevi","10":"pa_yazar-yigit-onaloglu","12":"first","13":"instock","14":"sale","15":"shipping-taxable","16":"purchasable","17":"product-type-simple"},"_links":{"self":[{"href":"https:\/\/roveyayinevi.com.tr\/index.php\/wp-json\/wp\/v2\/product\/769203","targetHints":{"allow":["GET"]}}],"collection":[{"href":"https:\/\/roveyayinevi.com.tr\/index.php\/wp-json\/wp\/v2\/product"}],"about":[{"href":"https:\/\/roveyayinevi.com.tr\/index.php\/wp-json\/wp\/v2\/types\/product"}],"wp:attachment":[{"href":"https:\/\/roveyayinevi.com.tr\/index.php\/wp-json\/wp\/v2\/media?parent=769203"}],"wp:term":[{"taxonomy":"product_brand","embeddable":true,"href":"https:\/\/roveyayinevi.com.tr\/index.php\/wp-json\/wp\/v2\/product_brand?post=769203"},{"taxonomy":"product_cat","embeddable":true,"href":"https:\/\/roveyayinevi.com.tr\/index.php\/wp-json\/wp\/v2\/product_cat?post=769203"},{"taxonomy":"product_tag","embeddable":true,"href":"https:\/\/roveyayinevi.com.tr\/index.php\/wp-json\/wp\/v2\/product_tag?post=769203"}],"curies":[{"name":"wp","href":"https:\/\/api.w.org\/{rel}","templated":true}]}}