{"id":769199,"date":"2025-08-28T13:45:26","date_gmt":"2025-08-28T10:45:26","guid":{"rendered":"https:\/\/roveyayinevi.com.tr\/index.php\/urun\/yeni-eril\/"},"modified":"2026-04-15T03:35:36","modified_gmt":"2026-04-15T00:35:36","slug":"yeni-eril","status":"publish","type":"product","link":"https:\/\/roveyayinevi.com.tr\/index.php\/urun\/yeni-eril\/","title":{"rendered":"Yeni Eril"},"content":{"rendered":"<p>\u015e\u0130MD\u0130 KEND\u0130 H\u0130K\u00c2YENDEN YEPYEN\u0130 B\u0130R H\u0130K\u00c2YE YARATMAYA HAZIR MISIN?   Uyan eril! Bu kitap tesad\u00fcfen eline ge\u00e7medi&#8230; Eril olman\u0131n yeni kodlar\u0131yla bulu\u015fmaya haz\u0131r m\u0131s\u0131n?   Hayat\u0131nda tekrar eden d\u00f6ng\u00fcleri, kalbinin sessiz ac\u0131lar\u0131n\u0131, i\u00e7sel engelleri ve seni s\u0131n\u0131rlayan zincirleri fark edip onlardan kurtulmak ister misin? Bu yolculuk, dengeli eril g\u00fcc\u00fcn\u00fc yeniden ke\u015ffetmeni ve bilin\u00e7le hayat\u0131n\u0131n b\u00fct\u00fcn\u00fcn\u00fc ele alman\u0131 sa\u011flayacak. \u0130\u00e7inde ad\u0131m ad\u0131m bulaca\u011f\u0131n birlik, kalbin ve zihnin aras\u0131nda ahenk ve uyumu sa\u011flayacak. B\u00f6ylelikle, hayalini kurdu\u011fun insanlar, olaylar sana \u00e7ekilecek.   \u0130\u00e7indeki vizyoner ruhunu uyand\u0131ran, sosyal normlar\u0131n kal\u0131plar\u0131n\u0131 a\u015fmana yard\u0131mc\u0131 olacak bu \u00f6zel metodoloji ve seni yenileyecek 9 kod, yolculu\u011fun boyunca \u00f6zel pratiklerle desteklenecek. Ad\u0131m ad\u0131m ilerlerken, i\u00e7sel d\u00f6n\u00fc\u015f\u00fcm\u00fcn\u00fc ya\u015fayacak ve hayat\u0131nda denge, \u00f6zg\u00fcrl\u00fck ve ko\u015fulsuz sevgiyi bulacaks\u0131n.   Hat\u0131rla! Yeni d\u00fcnyan\u0131n, senin y\u00fcksek potansiyeline ve \u00f6zg\u00fcn g\u00fcc\u00fcne ihtiyac\u0131 var. Art\u0131k hayallerini ertelemeyi b\u0131rakma zaman\u0131! <\/p>\n","protected":false},"excerpt":{"rendered":"<p>\u015e\u0130MD\u0130 KEND\u0130 H\u0130K\u00c2YENDEN YEPYEN\u0130 B\u0130R H\u0130K\u00c2YE YARATMAYA HAZIR MISIN? Uyan eril! Bu kitap tesad\u00fcfen eline ge\u00e7medi&#8230; Eril olman\u0131n yeni kodlar\u0131yla bulu\u015fmaya haz\u0131r m\u0131s\u0131n? Hayat\u0131nda tekrar eden<span class=\"excerpt-hellip\"> [\u2026]<\/span><\/p>\n","protected":false},"featured_media":0,"template":"","meta":{"_monsterinsights_skip_tracking":false,"_monsterinsights_sitenote_active":false,"_monsterinsights_sitenote_note":"","_monsterinsights_sitenote_category":0},"product_brand":[],"product_cat":[12364,12376],"product_tag":[],"class_list":{"0":"post-769199","1":"product","2":"type-product","3":"status-publish","5":"product_cat-genel-konular","6":"product_cat-kisisel-gelisim","7":"pa_cilt-ciltsiz","8":"pa_tur-kitap","9":"pa_yayinevi-destek-yayinlari","10":"pa_yazar-nil-keskin","12":"first","13":"instock","14":"sale","15":"shipping-taxable","16":"purchasable","17":"product-type-simple"},"_links":{"self":[{"href":"https:\/\/roveyayinevi.com.tr\/index.php\/wp-json\/wp\/v2\/product\/769199","targetHints":{"allow":["GET"]}}],"collection":[{"href":"https:\/\/roveyayinevi.com.tr\/index.php\/wp-json\/wp\/v2\/product"}],"about":[{"href":"https:\/\/roveyayinevi.com.tr\/index.php\/wp-json\/wp\/v2\/types\/product"}],"wp:attachment":[{"href":"https:\/\/roveyayinevi.com.tr\/index.php\/wp-json\/wp\/v2\/media?parent=769199"}],"wp:term":[{"taxonomy":"product_brand","embeddable":true,"href":"https:\/\/roveyayinevi.com.tr\/index.php\/wp-json\/wp\/v2\/product_brand?post=769199"},{"taxonomy":"product_cat","embeddable":true,"href":"https:\/\/roveyayinevi.com.tr\/index.php\/wp-json\/wp\/v2\/product_cat?post=769199"},{"taxonomy":"product_tag","embeddable":true,"href":"https:\/\/roveyayinevi.com.tr\/index.php\/wp-json\/wp\/v2\/product_tag?post=769199"}],"curies":[{"name":"wp","href":"https:\/\/api.w.org\/{rel}","templated":true}]}}