{"id":769196,"date":"2025-08-28T13:45:20","date_gmt":"2025-08-28T10:45:20","guid":{"rendered":"https:\/\/roveyayinevi.com.tr\/index.php\/urun\/ilk-ogrenme-kitaplarim-my-first-books-5-kitap-ciltli\/"},"modified":"2026-04-15T03:35:36","modified_gmt":"2026-04-15T00:35:36","slug":"ilk-ogrenme-kitaplarim-my-first-books-5-kitap-ciltli","status":"publish","type":"product","link":"https:\/\/roveyayinevi.com.tr\/index.php\/urun\/ilk-ogrenme-kitaplarim-my-first-books-5-kitap-ciltli\/","title":{"rendered":"\u0130lk \u00d6\u011frenme Kitaplar\u0131m: My First Books (5 Kitap) (Ciltli)"},"content":{"rendered":"<p>&#8220;\u0130lk \u00d6\u011frenme Kitaplar\u0131m&#8221; serisi, miniklerin d\u00fcnyay\u0131 ke\u015ffetmelerine yard\u0131mc\u0131 olacak e\u011flenceli ve e\u011fitici bir set! Megakids Yay\u0131nlar\u0131 taraf\u0131ndan 2025 y\u0131l\u0131nda bas\u0131lan bu sevimli seri, 9&#215;9 cm boyutlar\u0131nda 5 kitaptan olu\u015fuyor ve her biri \u00e7ocuklar\u0131n temel kavramlar\u0131 \u00f6\u011frenmesine rehberlik ediyor.   Say\u0131lar &#8211; Numbers, Z\u0131tl\u0131klar &#8211; Opposites, Renkler &#8211; Colors, \u015eekiller &#8211; Shapes ve Alfabe &#8211; Alphabet ba\u015fl\u0131klar\u0131ndan olu\u015fan her kitap, \u00e7ocuklar\u0131n hem T\u00fcrk\u00e7e hem de \u0130ngilizce kelime da\u011farc\u0131\u011f\u0131n\u0131 geli\u015ftirmek i\u00e7in tasarland\u0131. \u0130lk sayfada T\u00fcrk\u00e7e ve \u0130ngilizce kelimeler yer al\u0131rken, ikinci sayfada bu kelimelerin kar\u015f\u0131l\u0131\u011f\u0131 olan renkli ve e\u011flenceli resimler bulunuyor. Bu sayede \u00e7ocuklar, g\u00f6rsel haf\u0131zalar\u0131n\u0131 kullanarak hem yeni kelimeler \u00f6\u011freniyor hem de iki dil aras\u0131nda ba\u011flant\u0131 kuruyor.   Kitaplar\u0131n k\u00fc\u00e7\u00fck boyutu, minik ellerin rahat\u00e7a tutup \u00e7evirebilmeleri i\u00e7in ideal. Ayr\u0131ca, setin kutusu sayesinde kitaplar kolayca ta\u015f\u0131nabilir ve saklanabilir. Bu \u00f6zellikleriyle &#8220;\u0130lk \u00d6\u011frenme Kitaplar\u0131m&#8221; serisi, hem evde hem de okul \u00f6ncesi e\u011fitimde kullan\u0131labilecek harika bir kaynak. <\/p>\n","protected":false},"excerpt":{"rendered":"<p>&#8220;\u0130lk \u00d6\u011frenme Kitaplar\u0131m&#8221; serisi, miniklerin d\u00fcnyay\u0131 ke\u015ffetmelerine yard\u0131mc\u0131 olacak e\u011flenceli ve e\u011fitici bir set! Megakids Yay\u0131nlar\u0131 taraf\u0131ndan 2025 y\u0131l\u0131nda bas\u0131lan bu sevimli seri, 9&#215;9 cm boyutlar\u0131nda<span class=\"excerpt-hellip\"> [\u2026]<\/span><\/p>\n","protected":false},"featured_media":0,"template":"","meta":{"_monsterinsights_skip_tracking":false,"_monsterinsights_sitenote_active":false,"_monsterinsights_sitenote_note":"","_monsterinsights_sitenote_category":0},"product_brand":[],"product_cat":[12274,15842],"product_tag":[],"class_list":{"0":"post-769196","1":"product","2":"type-product","3":"status-publish","5":"product_cat-cocuk-ve-genclik-kitaplari","6":"product_cat-egitici-kitaplar","7":"pa_cilt-ciltli","8":"pa_tur-kitap","9":"pa_yayinevi-megakids-yayincilik","10":"pa_yazar-kolektif","12":"first","13":"instock","14":"sale","15":"shipping-taxable","16":"purchasable","17":"product-type-simple"},"_links":{"self":[{"href":"https:\/\/roveyayinevi.com.tr\/index.php\/wp-json\/wp\/v2\/product\/769196","targetHints":{"allow":["GET"]}}],"collection":[{"href":"https:\/\/roveyayinevi.com.tr\/index.php\/wp-json\/wp\/v2\/product"}],"about":[{"href":"https:\/\/roveyayinevi.com.tr\/index.php\/wp-json\/wp\/v2\/types\/product"}],"wp:attachment":[{"href":"https:\/\/roveyayinevi.com.tr\/index.php\/wp-json\/wp\/v2\/media?parent=769196"}],"wp:term":[{"taxonomy":"product_brand","embeddable":true,"href":"https:\/\/roveyayinevi.com.tr\/index.php\/wp-json\/wp\/v2\/product_brand?post=769196"},{"taxonomy":"product_cat","embeddable":true,"href":"https:\/\/roveyayinevi.com.tr\/index.php\/wp-json\/wp\/v2\/product_cat?post=769196"},{"taxonomy":"product_tag","embeddable":true,"href":"https:\/\/roveyayinevi.com.tr\/index.php\/wp-json\/wp\/v2\/product_tag?post=769196"}],"curies":[{"name":"wp","href":"https:\/\/api.w.org\/{rel}","templated":true}]}}