{"id":769195,"date":"2025-08-28T13:45:16","date_gmt":"2025-08-28T10:45:16","guid":{"rendered":"https:\/\/roveyayinevi.com.tr\/index.php\/urun\/her-hikaye-bir-hayattir\/"},"modified":"2026-04-15T03:35:36","modified_gmt":"2026-04-15T00:35:36","slug":"her-hikaye-bir-hayattir","status":"publish","type":"product","link":"https:\/\/roveyayinevi.com.tr\/index.php\/urun\/her-hikaye-bir-hayattir\/","title":{"rendered":"Her Hikaye Bir Hayatt\u0131r"},"content":{"rendered":"<p>\u0130nsan\u0131n d\u00fcnyaya geli\u015fi bir hikayedir. Do\u011fmas\u0131 hik\u00e2ye, emeklemesi hik\u00e2ye, b\u00fcy\u00fcmesi hik\u00e2ye, \u00f6l\u00fcm\u00fc bir hikayedir. Do\u011fumda da \u00f6l\u00fcmde de ya\u015fanm\u0131\u015f hikayelerle s\u00fcslenmi\u015f yol i\u015faretleri vard\u0131r. Bu bilin\u00e7 ve odaklanmayla ba\u015flad\u0131m okumaya. Ya\u015fanm\u0131\u015f hikayelerin bir yol arkada\u015f\u0131, bir uyar\u0131c\u0131, tecr\u00fcbe payla\u015f\u0131m\u0131 ve \u00e7o\u011fu zaman da bir kurtar\u0131c\u0131 oldu\u011funu g\u00f6rd\u00fcm. Hik\u00e2yeleri okurken bazen h\u00fcz\u00fcnlendim, bazen g\u00fcld\u00fcm, bazen g\u00f6zlerim ya\u015fard\u0131. Kimi zaman derin d\u00fc\u015f\u00fcncelere dald\u0131m. D\u00fc\u015f\u00fcnd\u00fcm&#8230; Hayat\u0131n s\u00fcrprizlerle dolu oldu\u011funu&#8230; Olaylar\u0131n bizim bilmedi\u011fimiz ve g\u00f6remedi\u011fimiz y\u00f6nlerinde ne b\u00fcy\u00fck manalar ve s\u0131rlar bulundu\u011funu anlad\u0131m. Her hik\u00e2yede bir \u015feyler buldum. Her hik\u00e2yede hayat\u0131n asl\u0131nda ne kadar g\u00fczel oldu\u011funu anlad\u0131m. Bir hediyenin ard\u0131ndaki s\u0131rlar\u0131 g\u00f6rd\u00fcm, bir tebess\u00fcm\u00fcn sonu\u00e7lar\u0131n\u0131 ya\u015fad\u0131m, fedakarl\u0131\u011f\u0131n ne kadar g\u00fczel bir \u015fey oldu\u011funu anlad\u0131m, bir g\u00fcn mutlaka hesap sorulaca\u011f\u0131n\u0131 idrak ettim&#8230; Her hik\u00e2yeyi kendi hayat\u0131ma uyarlamaya \u00e7al\u0131\u015ft\u0131m&#8230; Bu kitaptaki bir demet ya\u015fanm\u0131\u015f hik\u00e2yede hayat\u0131n\u0131zdan izler bulacaks\u0131n\u0131z. Sizi ya\u015fanm\u0131\u015f hik\u00e2yelerin gizem dolu d\u00fcnyas\u0131na davet ediyoruz. <\/p>\n","protected":false},"excerpt":{"rendered":"<p>\u0130nsan\u0131n d\u00fcnyaya geli\u015fi bir hikayedir. Do\u011fmas\u0131 hik\u00e2ye, emeklemesi hik\u00e2ye, b\u00fcy\u00fcmesi hik\u00e2ye, \u00f6l\u00fcm\u00fc bir hikayedir. Do\u011fumda da \u00f6l\u00fcmde de ya\u015fanm\u0131\u015f hikayelerle s\u00fcslenmi\u015f yol i\u015faretleri vard\u0131r. Bu bilin\u00e7<span class=\"excerpt-hellip\"> [\u2026]<\/span><\/p>\n","protected":false},"featured_media":0,"template":"","meta":{"_monsterinsights_skip_tracking":false,"_monsterinsights_sitenote_active":false,"_monsterinsights_sitenote_note":"","_monsterinsights_sitenote_category":0},"product_brand":[],"product_cat":[12291,12711],"product_tag":[],"class_list":{"0":"post-769195","1":"product","2":"type-product","3":"status-publish","5":"product_cat-edebiyat","6":"product_cat-roman-oyku","7":"pa_cilt-ciltsiz","8":"pa_tur-kitap","9":"pa_yayinevi-anonim-yayincilik","10":"pa_yazar-mustafa-sabri-beser","12":"first","13":"instock","14":"sale","15":"shipping-taxable","16":"purchasable","17":"product-type-simple"},"_links":{"self":[{"href":"https:\/\/roveyayinevi.com.tr\/index.php\/wp-json\/wp\/v2\/product\/769195","targetHints":{"allow":["GET"]}}],"collection":[{"href":"https:\/\/roveyayinevi.com.tr\/index.php\/wp-json\/wp\/v2\/product"}],"about":[{"href":"https:\/\/roveyayinevi.com.tr\/index.php\/wp-json\/wp\/v2\/types\/product"}],"wp:attachment":[{"href":"https:\/\/roveyayinevi.com.tr\/index.php\/wp-json\/wp\/v2\/media?parent=769195"}],"wp:term":[{"taxonomy":"product_brand","embeddable":true,"href":"https:\/\/roveyayinevi.com.tr\/index.php\/wp-json\/wp\/v2\/product_brand?post=769195"},{"taxonomy":"product_cat","embeddable":true,"href":"https:\/\/roveyayinevi.com.tr\/index.php\/wp-json\/wp\/v2\/product_cat?post=769195"},{"taxonomy":"product_tag","embeddable":true,"href":"https:\/\/roveyayinevi.com.tr\/index.php\/wp-json\/wp\/v2\/product_tag?post=769195"}],"curies":[{"name":"wp","href":"https:\/\/api.w.org\/{rel}","templated":true}]}}