{"id":769193,"date":"2025-08-28T13:45:11","date_gmt":"2025-08-28T10:45:11","guid":{"rendered":"https:\/\/roveyayinevi.com.tr\/index.php\/urun\/isin-dibi-bozulmus\/"},"modified":"2026-04-15T03:35:36","modified_gmt":"2026-04-15T00:35:36","slug":"isin-dibi-bozulmus","status":"publish","type":"product","link":"https:\/\/roveyayinevi.com.tr\/index.php\/urun\/isin-dibi-bozulmus\/","title":{"rendered":"\u0130\u015fin Dibi Bozulmu\u015f"},"content":{"rendered":"<p>\u0130\u015fin Dibi Bozulmu\u015f\u2019ta yazar\u0131n \u00e7ekmecesinde kalm\u0131\u015f ve ancak 1983\u2019ten sonra kitaplar\u0131na al\u0131nm\u0131\u015f \u00f6yk\u00fcleri okuyacaks\u0131n\u0131z. Bu tarihsiz \u00f6yk\u00fcler bir araya getirilirken yaz\u0131m ve anlat\u0131m bi\u00e7imleri dikkate al\u0131nd\u0131, tematik ili\u015fkilerine g\u00f6re s\u0131raland\u0131.   Esendal, y\u00f6neten-y\u00f6netilen ili\u015fkisiyle ilgili izleklerde g\u00f6zlem ve ayr\u0131nt\u0131 zenginli\u011fine b\u00fcy\u00fck \u00f6nem verir. Ad\u0131n\u0131 \u201c\u0130\u015fin Dibi Bozulmu\u015f\u201d \u00f6yk\u00fcs\u00fcnden alan bu kitapta da y\u00f6netici-ayd\u0131n tabakas\u0131n\u0131n yurt sorunlar\u0131n\u0131 ele al\u0131\u015f\u0131 ve halka bak\u0131\u015f\u0131, b\u00fcrokrasideki \u00e7arp\u0131kl\u0131klar, idari makamlardaki amir-memur ili\u015fkilerinde d\u00f6nen entrikalar, ortaya \u00e7\u0131kan g\u00fcl\u00fcn\u00e7 ve \u00f6z\u00fcnde ac\u0131nas\u0131 durumlar sergileniyor. S\u00f6z gelimi, \u201c\u00c7amur Ahmet\u2019in \u00c7\u0131k\u0131\u015flar\u0131\u201d adl\u0131 \u00f6yk\u00fcs\u00fc e\u011fitim sisteminde bug\u00fcn de rastlanan tuhafl\u0131klar\u0131n bir r\u00f6ntgeni niteli\u011finde.   Bu kitapla birlikte Esendal \u00f6yk\u00fcleri YKY\u2019de on ciltte tamamlanm\u0131\u015f oldu.   \u201cA\u00e7l\u0131ktan korkmayacaks\u0131n, laf\u0131 zehir zemberek, g\u00f6n\u00fcll\u00fc ite versen yenmez gibi s\u00f6yleyeceksin, h\u0131rs\u0131za h\u0131rs\u0131z, bozguncuya bozguncu diyeceksin ki herif, \u2018Beni tan\u0131m\u0131yorlar, dalgay\u0131 \u00e7akm\u0131yorlar, mandepsiye bas\u0131yorlar, yutturuyorum!\u2019 demesin. Demesin de, gene becerebilirse yaps\u0131n! Benim raconumda h\u0131rs\u0131zlar, y\u00fczs\u00fczler, beceriksizler, uyuzlar kendi adlar\u0131n\u0131 bilmelidirler. Bu t\u00f6re herkesi kendi yerine oturtur. Felsefeci bu dalavereleri nereden bilecek! Anlat\u0131yorum da herifler gene anlam\u0131yorlar!\u201d <\/p>\n","protected":false},"excerpt":{"rendered":"<p>\u0130\u015fin Dibi Bozulmu\u015f\u2019ta yazar\u0131n \u00e7ekmecesinde kalm\u0131\u015f ve ancak 1983\u2019ten sonra kitaplar\u0131na al\u0131nm\u0131\u015f \u00f6yk\u00fcleri okuyacaks\u0131n\u0131z. Bu tarihsiz \u00f6yk\u00fcler bir araya getirilirken yaz\u0131m ve anlat\u0131m bi\u00e7imleri dikkate al\u0131nd\u0131,<span class=\"excerpt-hellip\"> [\u2026]<\/span><\/p>\n","protected":false},"featured_media":0,"template":"","meta":{"_monsterinsights_skip_tracking":false,"_monsterinsights_sitenote_active":false,"_monsterinsights_sitenote_note":"","_monsterinsights_sitenote_category":0},"product_brand":[],"product_cat":[12291,12711],"product_tag":[],"class_list":{"0":"post-769193","1":"product","2":"type-product","3":"status-publish","5":"product_cat-edebiyat","6":"product_cat-roman-oyku","7":"pa_cilt-ciltsiz","8":"pa_tur-kitap","9":"pa_yayinevi-yapi-kredi-yayinlari","10":"pa_yazar-memduh-sevket-esendal","12":"first","13":"instock","14":"sale","15":"shipping-taxable","16":"purchasable","17":"product-type-simple"},"_links":{"self":[{"href":"https:\/\/roveyayinevi.com.tr\/index.php\/wp-json\/wp\/v2\/product\/769193","targetHints":{"allow":["GET"]}}],"collection":[{"href":"https:\/\/roveyayinevi.com.tr\/index.php\/wp-json\/wp\/v2\/product"}],"about":[{"href":"https:\/\/roveyayinevi.com.tr\/index.php\/wp-json\/wp\/v2\/types\/product"}],"wp:attachment":[{"href":"https:\/\/roveyayinevi.com.tr\/index.php\/wp-json\/wp\/v2\/media?parent=769193"}],"wp:term":[{"taxonomy":"product_brand","embeddable":true,"href":"https:\/\/roveyayinevi.com.tr\/index.php\/wp-json\/wp\/v2\/product_brand?post=769193"},{"taxonomy":"product_cat","embeddable":true,"href":"https:\/\/roveyayinevi.com.tr\/index.php\/wp-json\/wp\/v2\/product_cat?post=769193"},{"taxonomy":"product_tag","embeddable":true,"href":"https:\/\/roveyayinevi.com.tr\/index.php\/wp-json\/wp\/v2\/product_tag?post=769193"}],"curies":[{"name":"wp","href":"https:\/\/api.w.org\/{rel}","templated":true}]}}