{"id":769191,"date":"2025-08-28T13:45:07","date_gmt":"2025-08-28T10:45:07","guid":{"rendered":"https:\/\/roveyayinevi.com.tr\/index.php\/urun\/turk-seflik-rejimi\/"},"modified":"2026-04-15T03:35:36","modified_gmt":"2026-04-15T00:35:36","slug":"turk-seflik-rejimi","status":"publish","type":"product","link":"https:\/\/roveyayinevi.com.tr\/index.php\/urun\/turk-seflik-rejimi\/","title":{"rendered":"T\u00fcrk \u015eeflik Rejimi"},"content":{"rendered":"<p>\u2018B\u00fcrokratik \u015fef\u2019 Birinci Mustafa Pa\u015fa\u2019n\u0131n Tanzimat mimarl\u0131\u011f\u0131 ile ba\u015flayan \u201cterbiye-i n\u00e2s ve icray\u0131 niz\u00e2m\u00e2t\u201d in\u015faat\u0131n\u0131n Cumhuriyet binas\u0131nda tecess\u00fcm etmesini sa\u011flayan m\u00fchendis \u2018ebedi \u015fef\u2019 \u0130kinci Mustafa Pa\u015fa\u2019n\u0131n \u201cy\u00fcr\u00fcmeyi \u00f6\u011freninceye ve yolu tan\u0131y\u0131ncaya dek milletin elinden tutup ben y\u00f6nlendirece\u011fim. Ancak ondan sonra kendi ba\u015f\u0131na karar verebilir, kendi kendisini y\u00f6netebilir\u201d anlay\u0131\u015f\u0131n\u0131n s\u00fcreklili\u011fini \u201cdevlet y\u00f6netimini alalade cahil ve gerici insanlar\u0131n eline b\u0131rakmamak\u201d inanc\u0131yla taahh\u00fct alt\u0131na alan m\u00fcteahhit \u2018milli \u015fef\u2019 \u00dc\u00e7\u00fcnc\u00fc Mustafa Pa\u015fa\u2019n\u0131n \u2018k\u0131lavuzlu\u011funda\u2019 kurulan T\u00fcrkiye Cumhuriyeti\u2019nin ikinci asr\u0131na girerken dahi de\u011fil \u2018ayd\u0131nlanm\u0131\u015f bir \u00e7a\u011fda\u2019, de\u011fil \u2018ayd\u0131nlanmaya giden bir d\u00f6nemde\u2019 ayd\u0131nlanman\u0131n e\u015fi\u011finde bile \u2018hen\u00fcz\u2019 durulmam\u0131\u015ft\u0131r: \u2018Tembellik, rahatl\u0131k\/konfor, korkakl\u0131k, al\u0131\u015fkanl\u0131k\u2019 nedeniyle \u2018ergenlikten \u00e7\u0131k\u0131p\u2019 \u2018erginli\u011fe ad\u0131m atamam\u0131\u015ft\u0131r. <\/p>\n","protected":false},"excerpt":{"rendered":"<p>\u2018B\u00fcrokratik \u015fef\u2019 Birinci Mustafa Pa\u015fa\u2019n\u0131n Tanzimat mimarl\u0131\u011f\u0131 ile ba\u015flayan \u201cterbiye-i n\u00e2s ve icray\u0131 niz\u00e2m\u00e2t\u201d in\u015faat\u0131n\u0131n Cumhuriyet binas\u0131nda tecess\u00fcm etmesini sa\u011flayan m\u00fchendis \u2018ebedi \u015fef\u2019 \u0130kinci Mustafa Pa\u015fa\u2019n\u0131n<span class=\"excerpt-hellip\"> [\u2026]<\/span><\/p>\n","protected":false},"featured_media":0,"template":"","meta":{"_monsterinsights_skip_tracking":false,"_monsterinsights_sitenote_active":false,"_monsterinsights_sitenote_note":"","_monsterinsights_sitenote_category":0},"product_brand":[],"product_cat":[13590,12337],"product_tag":[],"class_list":{"0":"post-769191","1":"product","2":"type-product","3":"status-publish","5":"product_cat-arastirma-inceleme-politika-siyaset","6":"product_cat-politika-siyaset","7":"pa_cilt-ciltsiz","8":"pa_tur-kitap","9":"pa_yayinevi-episteme-yayinlari","10":"pa_yazar-halis-cetin","12":"first","13":"instock","14":"sale","15":"shipping-taxable","16":"purchasable","17":"product-type-simple"},"_links":{"self":[{"href":"https:\/\/roveyayinevi.com.tr\/index.php\/wp-json\/wp\/v2\/product\/769191","targetHints":{"allow":["GET"]}}],"collection":[{"href":"https:\/\/roveyayinevi.com.tr\/index.php\/wp-json\/wp\/v2\/product"}],"about":[{"href":"https:\/\/roveyayinevi.com.tr\/index.php\/wp-json\/wp\/v2\/types\/product"}],"wp:attachment":[{"href":"https:\/\/roveyayinevi.com.tr\/index.php\/wp-json\/wp\/v2\/media?parent=769191"}],"wp:term":[{"taxonomy":"product_brand","embeddable":true,"href":"https:\/\/roveyayinevi.com.tr\/index.php\/wp-json\/wp\/v2\/product_brand?post=769191"},{"taxonomy":"product_cat","embeddable":true,"href":"https:\/\/roveyayinevi.com.tr\/index.php\/wp-json\/wp\/v2\/product_cat?post=769191"},{"taxonomy":"product_tag","embeddable":true,"href":"https:\/\/roveyayinevi.com.tr\/index.php\/wp-json\/wp\/v2\/product_tag?post=769191"}],"curies":[{"name":"wp","href":"https:\/\/api.w.org\/{rel}","templated":true}]}}