{"id":769187,"date":"2025-08-28T13:44:58","date_gmt":"2025-08-28T10:44:58","guid":{"rendered":"https:\/\/roveyayinevi.com.tr\/index.php\/urun\/dogru-akil\/"},"modified":"2026-04-15T03:35:01","modified_gmt":"2026-04-15T00:35:01","slug":"dogru-akil","status":"publish","type":"product","link":"https:\/\/roveyayinevi.com.tr\/index.php\/urun\/dogru-akil\/","title":{"rendered":"Do\u011fru Ak\u0131l"},"content":{"rendered":"<p>Amerika kutupla\u015fman\u0131n ve acziyetin derinliklerine inerken, sosyal psikolog Jonathan Haidt imk\u00e2ns\u0131z gibi g\u00f6r\u00fcnen bir \u015feyi ba\u015fararak ahlak, siyaset ve din hakk\u0131ndaki geleneksel d\u00fc\u015f\u00fcnceyi siyas\u00ee yelpazedeki herkese hitap edecek \u015fekilde sorguluyor. Ahlak psikolojisi \u00fczerine yirmi be\u015f y\u0131ld\u0131r s\u00fcrd\u00fcrd\u00fc\u011f\u00fc \u00e7\u0131\u011f\u0131r a\u00e7\u0131c\u0131 ara\u015ft\u0131rmalar\u0131na dayanarak, ahlaki yarg\u0131lar\u0131n nas\u0131l ak\u0131ldan de\u011fil de i\u00e7g\u00fcd\u00fcsel duygulardan kaynakland\u0131\u011f\u0131n\u0131 g\u00f6steriyor. Haidt, liberallerin, muhafazak\u00e2rlar\u0131n ve liberteryenlerin do\u011fru ve yanl\u0131\u015f konusunda neden bu kadar farkl\u0131 sezgilere sahip olduklar\u0131n\u0131 a\u00e7\u0131kl\u0131yor ve herkesin temel kayg\u0131lar\u0131n\u0131n \u00e7o\u011funda asl\u0131nda neden hakl\u0131 oldu\u011funu g\u00f6steriyor.   Haidt, bu incelikli ama kolay anla\u015f\u0131l\u0131r kitapta bize insan i\u015fbirli\u011finin mucizesini ve ayn\u0131 zamanda ebedi b\u00f6l\u00fcnmelerimizin ve \u00e7at\u0131\u015fmalar\u0131m\u0131z\u0131n lanetini anlaman\u0131n anahtar\u0131n\u0131 veriyor. \u00d6fkenizi anlay\u0131\u015fla takas etmeye haz\u0131rsan\u0131z, Do\u011fru Ak\u0131l&#8217;\u0131 okuyun. <\/p>\n","protected":false},"excerpt":{"rendered":"<p>Amerika kutupla\u015fman\u0131n ve acziyetin derinliklerine inerken, sosyal psikolog Jonathan Haidt imk\u00e2ns\u0131z gibi g\u00f6r\u00fcnen bir \u015feyi ba\u015fararak ahlak, siyaset ve din hakk\u0131ndaki geleneksel d\u00fc\u015f\u00fcnceyi siyas\u00ee yelpazedeki herkese<span class=\"excerpt-hellip\"> [\u2026]<\/span><\/p>\n","protected":false},"featured_media":0,"template":"","meta":{"_monsterinsights_skip_tracking":false,"_monsterinsights_sitenote_active":false,"_monsterinsights_sitenote_note":"","_monsterinsights_sitenote_category":0},"product_brand":[],"product_cat":[12357],"product_tag":[],"class_list":{"0":"post-769187","1":"product","2":"type-product","3":"status-publish","5":"product_cat-psikoloji","6":"pa_cilt-ciltsiz","7":"pa_tur-kitap","8":"pa_yayinevi-felix-kitap","9":"pa_yazar-jonathan-haidt","11":"first","12":"instock","13":"sale","14":"shipping-taxable","15":"purchasable","16":"product-type-simple"},"_links":{"self":[{"href":"https:\/\/roveyayinevi.com.tr\/index.php\/wp-json\/wp\/v2\/product\/769187","targetHints":{"allow":["GET"]}}],"collection":[{"href":"https:\/\/roveyayinevi.com.tr\/index.php\/wp-json\/wp\/v2\/product"}],"about":[{"href":"https:\/\/roveyayinevi.com.tr\/index.php\/wp-json\/wp\/v2\/types\/product"}],"wp:attachment":[{"href":"https:\/\/roveyayinevi.com.tr\/index.php\/wp-json\/wp\/v2\/media?parent=769187"}],"wp:term":[{"taxonomy":"product_brand","embeddable":true,"href":"https:\/\/roveyayinevi.com.tr\/index.php\/wp-json\/wp\/v2\/product_brand?post=769187"},{"taxonomy":"product_cat","embeddable":true,"href":"https:\/\/roveyayinevi.com.tr\/index.php\/wp-json\/wp\/v2\/product_cat?post=769187"},{"taxonomy":"product_tag","embeddable":true,"href":"https:\/\/roveyayinevi.com.tr\/index.php\/wp-json\/wp\/v2\/product_tag?post=769187"}],"curies":[{"name":"wp","href":"https:\/\/api.w.org\/{rel}","templated":true}]}}