{"id":769185,"date":"2025-08-28T13:44:54","date_gmt":"2025-08-28T10:44:54","guid":{"rendered":"https:\/\/roveyayinevi.com.tr\/index.php\/urun\/kayip-ruhlarla-savas\/"},"modified":"2026-04-15T03:35:01","modified_gmt":"2026-04-15T00:35:01","slug":"kayip-ruhlarla-savas","status":"publish","type":"product","link":"https:\/\/roveyayinevi.com.tr\/index.php\/urun\/kayip-ruhlarla-savas\/","title":{"rendered":"Kay\u0131p Ruhlarla Sava\u015f"},"content":{"rendered":"<p>Ya ba\u011f\u0131ml\u0131l\u0131k hakk\u0131nda bize anlat\u0131lan her \u015fey yanl\u0131\u015fsa? Johann Hari, ailesinde ba\u011f\u0131ml\u0131l\u0131k problemi oldu\u011funu bir g\u00fcn akrabalar\u0131ndan birini uyand\u0131rmaya \u00e7al\u0131\u015f\u0131p ba\u015faramad\u0131\u011f\u0131nda fark etti. Kafas\u0131 kar\u0131\u015fm\u0131\u015ft\u0131, ba\u011f\u0131ml\u0131l\u0131\u011fa ger\u00e7ekte neyin sebep oldu\u011funu ve bu sorunun nas\u0131l \u00e7\u00f6z\u00fclebilece\u011fini bulmal\u0131yd\u0131. Bu arzu \u00fc\u00e7 y\u0131l s\u00fcren otuz bin millik yolculu\u011fun ba\u015flang\u0131c\u0131 oldu. Bir s\u00fcr\u00fc insanla tan\u0131\u015ft\u0131, farkl\u0131 farkl\u0131 hik\u00e2yeler dinledi ve anlamaya \u00e7al\u0131\u015ft\u0131. \u0130\u015fte bu hik\u00e2yeleri bir araya getiren elinizdeki kitap yirmi milyondan fazla izlenen bir TED konu\u015fmas\u0131n\u0131n da temelini olu\u015fturdu ve ba\u011f\u0131ml\u0131l\u0131k hakk\u0131ndaki tart\u0131\u015fmalar bamba\u015fka bir boyuta ta\u015f\u0131nd\u0131. Art\u0131k hi\u00e7bir \u015fey eskisi gibi olmayacakt\u0131.   \u201cM\u00fcthi\u015f&#8230; Elimden b\u0131rakamad\u0131m\u201d NOAM CHOMSKY \u201c\u0130nan\u0131lmaz derecede g\u00fc\u00e7l\u00fc\u201d CAROLINE LUCAS \u201cKesinlikle muhte\u015fem bir kitap. \u0130nsanlar\u0131 b\u00fcy\u00fcleyecek\u201d ELTON JOHN \u201cSarho\u015f edici derecede heyecan verici\u201d RUSSELL BRAND \u201cZaman\u0131m\u0131z\u0131n en az tart\u0131\u015f\u0131lan ahlaki adaletsizliklerinden birine, uyu\u015fturucuyla sava\u015fa kar\u015f\u0131 m\u00fckemmel bir panzehir. Titiz ara\u015ft\u0131rma ve derin insan hik\u00e2yelerini bir araya getiriyor\u201d GLENN GREENWALD<\/p>\n","protected":false},"excerpt":{"rendered":"<p>Ya ba\u011f\u0131ml\u0131l\u0131k hakk\u0131nda bize anlat\u0131lan her \u015fey yanl\u0131\u015fsa? Johann Hari, ailesinde ba\u011f\u0131ml\u0131l\u0131k problemi oldu\u011funu bir g\u00fcn akrabalar\u0131ndan birini uyand\u0131rmaya \u00e7al\u0131\u015f\u0131p ba\u015faramad\u0131\u011f\u0131nda fark etti. Kafas\u0131 kar\u0131\u015fm\u0131\u015ft\u0131, ba\u011f\u0131ml\u0131l\u0131\u011fa<span class=\"excerpt-hellip\"> [\u2026]<\/span><\/p>\n","protected":false},"featured_media":0,"template":"","meta":{"_monsterinsights_skip_tracking":false,"_monsterinsights_sitenote_active":false,"_monsterinsights_sitenote_note":"","_monsterinsights_sitenote_category":0},"product_brand":[],"product_cat":[12357],"product_tag":[],"class_list":{"0":"post-769185","1":"product","2":"type-product","3":"status-publish","5":"product_cat-psikoloji","6":"pa_cilt-ciltsiz","7":"pa_tur-kitap","8":"pa_yayinevi-ucuncu-goz","9":"pa_yazar-johann-hari","11":"first","12":"instock","13":"sale","14":"shipping-taxable","15":"purchasable","16":"product-type-simple"},"_links":{"self":[{"href":"https:\/\/roveyayinevi.com.tr\/index.php\/wp-json\/wp\/v2\/product\/769185","targetHints":{"allow":["GET"]}}],"collection":[{"href":"https:\/\/roveyayinevi.com.tr\/index.php\/wp-json\/wp\/v2\/product"}],"about":[{"href":"https:\/\/roveyayinevi.com.tr\/index.php\/wp-json\/wp\/v2\/types\/product"}],"wp:attachment":[{"href":"https:\/\/roveyayinevi.com.tr\/index.php\/wp-json\/wp\/v2\/media?parent=769185"}],"wp:term":[{"taxonomy":"product_brand","embeddable":true,"href":"https:\/\/roveyayinevi.com.tr\/index.php\/wp-json\/wp\/v2\/product_brand?post=769185"},{"taxonomy":"product_cat","embeddable":true,"href":"https:\/\/roveyayinevi.com.tr\/index.php\/wp-json\/wp\/v2\/product_cat?post=769185"},{"taxonomy":"product_tag","embeddable":true,"href":"https:\/\/roveyayinevi.com.tr\/index.php\/wp-json\/wp\/v2\/product_tag?post=769185"}],"curies":[{"name":"wp","href":"https:\/\/api.w.org\/{rel}","templated":true}]}}