{"id":769180,"date":"2025-08-28T13:44:42","date_gmt":"2025-08-28T10:44:42","guid":{"rendered":"https:\/\/roveyayinevi.com.tr\/index.php\/urun\/duygusal-istismarci-ebeveynlerin-yetiskin-cocuklari\/"},"modified":"2026-04-15T03:35:01","modified_gmt":"2026-04-15T00:35:01","slug":"duygusal-istismarci-ebeveynlerin-yetiskin-cocuklari","status":"publish","type":"product","link":"https:\/\/roveyayinevi.com.tr\/index.php\/urun\/duygusal-istismarci-ebeveynlerin-yetiskin-cocuklari\/","title":{"rendered":"Duygusal \u0130stismarc\u0131 Ebeveynlerin Yeti\u015fkin \u00c7ocuklar\u0131"},"content":{"rendered":"<p>Ailelerin \u00e7ocuklar\u0131na y\u00f6nelik davran\u0131\u015flar\u0131 ve istismarlar\u0131 \u00fczerine uzmanla\u015fm\u0131\u015f Sherrie Campbell, elinizdeki kitapta okurlara \u201cAileniz sizi istismar ediyor mu?\u201d sorusunu ve bunun yan\u0131t\u0131n\u0131 nas\u0131l alabileceklerini sunuyor. Kendi deneyimlerinden ve dan\u0131\u015fanlar\u0131n\u0131n ba\u015flar\u0131ndan ge\u00e7en olaylardan yola \u00e7\u0131karak bir ailenin \u00e7ocu\u011funu hangi \u015fekillerde istismar edebilece\u011fini izah eden Campbell, bu istismar\u0131n sadece bilindik anlamda fiziki olmad\u0131\u011f\u0131n\u0131, psikolojik, ekonomik vb. konulardaki istismarlar\u0131n daha s\u0131k s\u00f6z konusu olabilece\u011fini g\u00f6steriyor. Ve Campbell bunlar\u0131 yaparken okurlara, ba\u015flar\u0131ndan b\u00f6yle bir \u015fey ge\u00e7se bunu nas\u0131l tespit edebileceklerine dair bir k\u0131lavuz sunmay\u0131 da ihmal etmiyor.<\/p>\n","protected":false},"excerpt":{"rendered":"<p>Ailelerin \u00e7ocuklar\u0131na y\u00f6nelik davran\u0131\u015flar\u0131 ve istismarlar\u0131 \u00fczerine uzmanla\u015fm\u0131\u015f Sherrie Campbell, elinizdeki kitapta okurlara \u201cAileniz sizi istismar ediyor mu?\u201d sorusunu ve bunun yan\u0131t\u0131n\u0131 nas\u0131l alabileceklerini sunuyor. Kendi<span class=\"excerpt-hellip\"> [\u2026]<\/span><\/p>\n","protected":false},"featured_media":0,"template":"","meta":{"_monsterinsights_skip_tracking":false,"_monsterinsights_sitenote_active":false,"_monsterinsights_sitenote_note":"","_monsterinsights_sitenote_category":0},"product_brand":[],"product_cat":[12357],"product_tag":[],"class_list":{"0":"post-769180","1":"product","2":"type-product","3":"status-publish","5":"product_cat-psikoloji","6":"pa_cilt-ciltsiz","7":"pa_tur-kitap","8":"pa_yayinevi-ucuncu-goz","9":"pa_yazar-sherrie-campbell","11":"first","12":"instock","13":"sale","14":"shipping-taxable","15":"purchasable","16":"product-type-simple"},"_links":{"self":[{"href":"https:\/\/roveyayinevi.com.tr\/index.php\/wp-json\/wp\/v2\/product\/769180","targetHints":{"allow":["GET"]}}],"collection":[{"href":"https:\/\/roveyayinevi.com.tr\/index.php\/wp-json\/wp\/v2\/product"}],"about":[{"href":"https:\/\/roveyayinevi.com.tr\/index.php\/wp-json\/wp\/v2\/types\/product"}],"wp:attachment":[{"href":"https:\/\/roveyayinevi.com.tr\/index.php\/wp-json\/wp\/v2\/media?parent=769180"}],"wp:term":[{"taxonomy":"product_brand","embeddable":true,"href":"https:\/\/roveyayinevi.com.tr\/index.php\/wp-json\/wp\/v2\/product_brand?post=769180"},{"taxonomy":"product_cat","embeddable":true,"href":"https:\/\/roveyayinevi.com.tr\/index.php\/wp-json\/wp\/v2\/product_cat?post=769180"},{"taxonomy":"product_tag","embeddable":true,"href":"https:\/\/roveyayinevi.com.tr\/index.php\/wp-json\/wp\/v2\/product_tag?post=769180"}],"curies":[{"name":"wp","href":"https:\/\/api.w.org\/{rel}","templated":true}]}}