{"id":769178,"date":"2025-08-28T13:44:39","date_gmt":"2025-08-28T10:44:39","guid":{"rendered":"https:\/\/roveyayinevi.com.tr\/index.php\/urun\/hayvanlari-anlamak\/"},"modified":"2026-04-15T03:35:01","modified_gmt":"2026-04-15T00:35:01","slug":"hayvanlari-anlamak","status":"publish","type":"product","link":"https:\/\/roveyayinevi.com.tr\/index.php\/urun\/hayvanlari-anlamak\/","title":{"rendered":"Hayvanlar\u0131 Anlamak"},"content":{"rendered":"<p>Hayvanlar d\u00fcnyay\u0131 nas\u0131l alg\u0131lar? Bir kedi ya da k\u00f6pek olmak asl\u0131nda nas\u0131l bir \u015feydir? Lars Svendsen Hayvanlar\u0131 Anlamak isimli kitab\u0131nda insanlara, hayvanlar\u0131n  d\u00fcnyas\u0131n\u0131 anlayabilmeleri i\u00e7in ipu\u00e7lar\u0131 sunuyor. Hayvanlar\u0131n ileti\u015fimini, zek\u00e2s\u0131n\u0131, yaln\u0131zl\u0131\u011f\u0131n\u0131 ve ac\u0131s\u0131n\u0131 anlat\u0131rken \u00e7ok daha temelinde de insan ve hayvanlar\u0131n nas\u0131l birlikte ya\u015fay\u0131p bir \u00e7e\u015fit arkada\u015fl\u0131k kurabilece\u011fini derinlemesine inceliyor. Svendsen, \u015fempanzelerden ahtapotlara bir\u00e7ok hayvan t\u00fcr\u00fcnden \u00f6rnekler sunuyor ancak as\u0131l odak noktas\u0131 g\u00fcnl\u00fck hayat\u0131m\u0131zda, en yak\u0131n\u0131m\u0131zda olan kedi ve k\u00f6pekler.  K\u00f6pe\u011finiz konu\u015fabilseydi, onu anlayabilir miydiniz? Bir\u00e7o\u011fumuz bir k\u00f6pe\u011fin kuyru\u011funu sallad\u0131\u011f\u0131nda ya da bir kedinin m\u0131r\u0131ldad\u0131\u011f\u0131nda mutlu oldu\u011funu pek\u00e2l\u00e2 biliriz. Peki, etraf\u0131m\u0131z\u0131 \u00e7evreleyen hayvanlar asl\u0131nda nas\u0131l d\u00fc\u015f\u00fcn\u00fcrler? Ve biz ger\u00e7ekten onlar\u0131 anlayabilir miyiz?  Bu e\u011flenceli ve merak uyand\u0131ran kitap, hayvanlar hakk\u0131nda bilgilendirici ve esprili konular\u0131 anlat\u0131rken, felsefe tarihinden tart\u0131\u015fmalar ve \u00f6rneklerle, g\u00fcncel bilimsel bulgulardan, hayvanlar\u0131n yaln\u0131z hissedip hissetmedi\u011fine kadar onlarca felsefi soruya da cevap veriyor.<\/p>\n","protected":false},"excerpt":{"rendered":"<p>Hayvanlar d\u00fcnyay\u0131 nas\u0131l alg\u0131lar? Bir kedi ya da k\u00f6pek olmak asl\u0131nda nas\u0131l bir \u015feydir? Lars Svendsen Hayvanlar\u0131 Anlamak isimli kitab\u0131nda insanlara, hayvanlar\u0131n d\u00fcnyas\u0131n\u0131 anlayabilmeleri i\u00e7in ipu\u00e7lar\u0131<span class=\"excerpt-hellip\"> [\u2026]<\/span><\/p>\n","protected":false},"featured_media":0,"template":"","meta":{"_monsterinsights_skip_tracking":false,"_monsterinsights_sitenote_active":false,"_monsterinsights_sitenote_note":"","_monsterinsights_sitenote_category":0},"product_brand":[],"product_cat":[12388],"product_tag":[],"class_list":{"0":"post-769178","1":"product","2":"type-product","3":"status-publish","5":"product_cat-felsefe","6":"pa_cilt-ciltsiz","7":"pa_tur-kitap","8":"pa_yayinevi-pinhan-yayincilik","9":"pa_yazar-lars-svendsen","11":"first","12":"instock","13":"sale","14":"shipping-taxable","15":"purchasable","16":"product-type-simple"},"_links":{"self":[{"href":"https:\/\/roveyayinevi.com.tr\/index.php\/wp-json\/wp\/v2\/product\/769178","targetHints":{"allow":["GET"]}}],"collection":[{"href":"https:\/\/roveyayinevi.com.tr\/index.php\/wp-json\/wp\/v2\/product"}],"about":[{"href":"https:\/\/roveyayinevi.com.tr\/index.php\/wp-json\/wp\/v2\/types\/product"}],"wp:attachment":[{"href":"https:\/\/roveyayinevi.com.tr\/index.php\/wp-json\/wp\/v2\/media?parent=769178"}],"wp:term":[{"taxonomy":"product_brand","embeddable":true,"href":"https:\/\/roveyayinevi.com.tr\/index.php\/wp-json\/wp\/v2\/product_brand?post=769178"},{"taxonomy":"product_cat","embeddable":true,"href":"https:\/\/roveyayinevi.com.tr\/index.php\/wp-json\/wp\/v2\/product_cat?post=769178"},{"taxonomy":"product_tag","embeddable":true,"href":"https:\/\/roveyayinevi.com.tr\/index.php\/wp-json\/wp\/v2\/product_tag?post=769178"}],"curies":[{"name":"wp","href":"https:\/\/api.w.org\/{rel}","templated":true}]}}