{"id":769177,"date":"2025-08-28T13:44:38","date_gmt":"2025-08-28T10:44:38","guid":{"rendered":"https:\/\/roveyayinevi.com.tr\/index.php\/urun\/dusundugun-gibi-degil\/"},"modified":"2026-04-15T03:35:01","modified_gmt":"2026-04-15T00:35:01","slug":"dusundugun-gibi-degil","status":"publish","type":"product","link":"https:\/\/roveyayinevi.com.tr\/index.php\/urun\/dusundugun-gibi-degil\/","title":{"rendered":"D\u00fc\u015f\u00fcnd\u00fc\u011f\u00fcn Gibi De\u011fil"},"content":{"rendered":"<p>\u201cKendinizi duygusal karma\u015fadan kurtarmak ve ger\u00e7ekte kim oldu\u011funuzu ke\u015ffetmek i\u00e7in ilham verici bir rehber. \u201d \u2014Deepak Chopra   NEDEN ACININ BA\u015eLAMASI VE B\u0130TMES\u0130 D\u00dc\u015e\u00dcNCE B\u0130\u00c7\u0130M\u0130N\u0130ZDE YATAR?   Ba\u015f\u0131n\u0131za ne gelmi\u015f olursa olsun, nereden gelmi\u015f ya da ne yapm\u0131\u015f olursan\u0131z olun; ya\u015fam\u0131n\u0131zda h\u00e2l\u00e2 tam bir huzur, ko\u015fulsuz sevgi, tatmin ve bol miktarda ne\u015fe bulabilirsiniz. Hi\u00e7 kimse bu durumun istisnas\u0131 de\u011fildir. Karanl\u0131k yaln\u0131zca \u0131\u015f\u0131k sayesinde var olur, bu da en karanl\u0131k an\u0131m\u0131zda bile \u0131\u015f\u0131\u011f\u0131n var olmas\u0131 gerekti\u011fi anlam\u0131na gelir.   Bu kitab\u0131n sayfalar\u0131nda, d\u0131\u015f ko\u015fullar ne olursa olsun istedi\u011fimiz herhangi bir hayat deneyimini yaratmak i\u00e7in zihnimizin sonsuz potansiyelinin kavranmas\u0131yla sizi g\u00fc\u00e7lendirecek zamans\u0131z bilgelik yer almaktad\u0131r.   D\u00fc\u015f\u00fcnd\u00fc\u011f\u00fcn Gibi De\u011fil beyninizi yeniden yap\u0131land\u0131rmak, ge\u00e7mi\u015finizi yeniden yazmak, olumlu d\u00fc\u015f\u00fcnmekle ilgili de\u011fildir. Sorunlar\u0131m\u0131z\u0131, onlar\u0131 yaratan ayn\u0131 bilin\u00e7 d\u00fczeyiyle \u00e7\u00f6zemeyiz. Taktikler ge\u00e7icidir. Bilincin geni\u015flemesi ise kal\u0131c\u0131d\u0131r.   Bu kitap, d\u00fc\u015f\u00fcncelerinizin \u00f6tesine ge\u00e7menize ve ruhunuzun derinliklerinde sezgisel olarak zaten bildi\u011finiz \u015feylerin ger\u00e7e\u011fini ke\u015ffetmenize yard\u0131mc\u0131 olmak i\u00e7in yaz\u0131lm\u0131\u015ft\u0131r.     \u201cD\u00fc\u015f\u00fcnd\u00fc\u011f\u00fcn Gibi De\u011fil, geceleri yatakta sa\u011fa sola d\u00f6n\u00fcp kendini h\u0131rpalayan herkes i\u00e7in bu ac\u0131dan kurtulman\u0131n \u00f6nemli bir ilk ad\u0131m\u0131.  Joseph Nguyen\u2019in s\u00f6zleri a\u00e7\u0131k ve kavramlar\u0131n\u0131n anla\u015f\u0131lmas\u0131 kolay. Ve daha da \u00f6nemlisi, hepsi ger\u00e7ek.\u201d  \u2014Simon Sinek   \u201cD\u00fc\u015f\u00fcnd\u00fc\u011f\u00fcn Gibi De\u011fil hepimizi ac\u0131 \u00e7ekmemize neden olan d\u00fc\u015f\u00fcncelerden uzakla\u015ft\u0131rarak \u015fimdiki anda mevcut olan t\u00fcm bilgelik ve f\u0131rsatlarla yeniden ba\u011flant\u0131 kurmam\u0131z\u0131 sa\u011fl\u0131yor. Joseph bize sezgilerimizi yeniden ke\u015ffetmemiz, bireysel hedeflerimiz ve ilham\u0131m\u0131zla uyumlu bir gelecek yaratmam\u0131z i\u00e7in gerekli ara\u00e7lar\u0131 sunuyor.\u201d  \u2014Dr. Nicole LePera   \u201cHepimize zehirleyici a\u015f\u0131r\u0131 d\u00fc\u015f\u00fcnmeden kendimizi nas\u0131l kurtaraca\u011f\u0131m\u0131z\u0131 ve bunun yerine i\u00e7 huzuru nas\u0131l koyaca\u011f\u0131m\u0131z\u0131 g\u00f6steren, hayat\u0131m\u0131zla ili\u015fkilendirebilece\u011fimiz bir rehber.\u201d \u2014Lori Gottlieb <\/p>\n","protected":false},"excerpt":{"rendered":"<p>\u201cKendinizi duygusal karma\u015fadan kurtarmak ve ger\u00e7ekte kim oldu\u011funuzu ke\u015ffetmek i\u00e7in ilham verici bir rehber. \u201d \u2014Deepak Chopra NEDEN ACININ BA\u015eLAMASI VE B\u0130TMES\u0130 D\u00dc\u015e\u00dcNCE B\u0130\u00c7\u0130M\u0130N\u0130ZDE YATAR? Ba\u015f\u0131n\u0131za<span class=\"excerpt-hellip\"> [\u2026]<\/span><\/p>\n","protected":false},"featured_media":0,"template":"","meta":{"_monsterinsights_skip_tracking":false,"_monsterinsights_sitenote_active":false,"_monsterinsights_sitenote_note":"","_monsterinsights_sitenote_category":0},"product_brand":[],"product_cat":[12357],"product_tag":[],"class_list":{"0":"post-769177","1":"product","2":"type-product","3":"status-publish","5":"product_cat-psikoloji","6":"pa_cilt-ciltsiz","7":"pa_tur-kitap","8":"pa_yayinevi-nepal-kitap","9":"pa_yazar-joseph-nguyen","11":"first","12":"instock","13":"sale","14":"shipping-taxable","15":"purchasable","16":"product-type-simple"},"_links":{"self":[{"href":"https:\/\/roveyayinevi.com.tr\/index.php\/wp-json\/wp\/v2\/product\/769177","targetHints":{"allow":["GET"]}}],"collection":[{"href":"https:\/\/roveyayinevi.com.tr\/index.php\/wp-json\/wp\/v2\/product"}],"about":[{"href":"https:\/\/roveyayinevi.com.tr\/index.php\/wp-json\/wp\/v2\/types\/product"}],"wp:attachment":[{"href":"https:\/\/roveyayinevi.com.tr\/index.php\/wp-json\/wp\/v2\/media?parent=769177"}],"wp:term":[{"taxonomy":"product_brand","embeddable":true,"href":"https:\/\/roveyayinevi.com.tr\/index.php\/wp-json\/wp\/v2\/product_brand?post=769177"},{"taxonomy":"product_cat","embeddable":true,"href":"https:\/\/roveyayinevi.com.tr\/index.php\/wp-json\/wp\/v2\/product_cat?post=769177"},{"taxonomy":"product_tag","embeddable":true,"href":"https:\/\/roveyayinevi.com.tr\/index.php\/wp-json\/wp\/v2\/product_tag?post=769177"}],"curies":[{"name":"wp","href":"https:\/\/api.w.org\/{rel}","templated":true}]}}