{"id":769174,"date":"2025-08-28T13:44:32","date_gmt":"2025-08-28T10:44:32","guid":{"rendered":"https:\/\/roveyayinevi.com.tr\/index.php\/urun\/futbolda-izoinertial-antrenman-uygulamalari\/"},"modified":"2026-04-15T03:35:01","modified_gmt":"2026-04-15T00:35:01","slug":"futbolda-izoinertial-antrenman-uygulamalari","status":"publish","type":"product","link":"https:\/\/roveyayinevi.com.tr\/index.php\/urun\/futbolda-izoinertial-antrenman-uygulamalari\/","title":{"rendered":"Futbolda \u0130zoinertial Antrenman Uygulamalar\u0131"},"content":{"rendered":"<p>\u0130\u00e7indekiler :          1.\u00d6ZET          2. ABSRACT          3. G\u0130R\u0130\u015e ve AMA\u00c7          4. GENEL B\u0130LG\u0130LER          5. GERE\u00c7 ve Y\u00d6NTEM          6. BULGULAR          7. TARTI\u015eMA ve \u00d6NER\u0130LER <\/p>\n","protected":false},"excerpt":{"rendered":"<p>\u0130\u00e7indekiler : 1.\u00d6ZET 2. ABSRACT 3. G\u0130R\u0130\u015e ve AMA\u00c7 4. GENEL B\u0130LG\u0130LER 5. GERE\u00c7 ve Y\u00d6NTEM 6. BULGULAR 7. TARTI\u015eMA ve \u00d6NER\u0130LER<\/p>\n","protected":false},"featured_media":0,"template":"","meta":{"_monsterinsights_skip_tracking":false,"_monsterinsights_sitenote_active":false,"_monsterinsights_sitenote_note":"","_monsterinsights_sitenote_category":0},"product_brand":[],"product_cat":[15563,15564],"product_tag":[],"class_list":{"0":"post-769174","1":"product","2":"type-product","3":"status-publish","5":"product_cat-hobi","6":"product_cat-spor","7":"pa_cilt-ciltsiz","8":"pa_tur-kitap","9":"pa_yayinevi-gazi-kitabevi","10":"pa_yazar-halil-korkmaz","12":"first","13":"instock","14":"sale","15":"shipping-taxable","16":"purchasable","17":"product-type-simple"},"_links":{"self":[{"href":"https:\/\/roveyayinevi.com.tr\/index.php\/wp-json\/wp\/v2\/product\/769174","targetHints":{"allow":["GET"]}}],"collection":[{"href":"https:\/\/roveyayinevi.com.tr\/index.php\/wp-json\/wp\/v2\/product"}],"about":[{"href":"https:\/\/roveyayinevi.com.tr\/index.php\/wp-json\/wp\/v2\/types\/product"}],"wp:attachment":[{"href":"https:\/\/roveyayinevi.com.tr\/index.php\/wp-json\/wp\/v2\/media?parent=769174"}],"wp:term":[{"taxonomy":"product_brand","embeddable":true,"href":"https:\/\/roveyayinevi.com.tr\/index.php\/wp-json\/wp\/v2\/product_brand?post=769174"},{"taxonomy":"product_cat","embeddable":true,"href":"https:\/\/roveyayinevi.com.tr\/index.php\/wp-json\/wp\/v2\/product_cat?post=769174"},{"taxonomy":"product_tag","embeddable":true,"href":"https:\/\/roveyayinevi.com.tr\/index.php\/wp-json\/wp\/v2\/product_tag?post=769174"}],"curies":[{"name":"wp","href":"https:\/\/api.w.org\/{rel}","templated":true}]}}