{"id":769173,"date":"2025-08-28T13:44:30","date_gmt":"2025-08-28T10:44:30","guid":{"rendered":"https:\/\/roveyayinevi.com.tr\/index.php\/urun\/atletik-triadin-olimpik-branslardaki-kadin-sporcularda-gorulme-sikligi-sporcu-ve-antrenorlerin-bilgi-duzeyleri\/"},"modified":"2026-04-15T03:35:01","modified_gmt":"2026-04-15T00:35:01","slug":"atletik-triadin-olimpik-branslardaki-kadin-sporcularda-gorulme-sikligi-sporcu-ve-antrenorlerin-bilgi-duzeyleri","status":"publish","type":"product","link":"https:\/\/roveyayinevi.com.tr\/index.php\/urun\/atletik-triadin-olimpik-branslardaki-kadin-sporcularda-gorulme-sikligi-sporcu-ve-antrenorlerin-bilgi-duzeyleri\/","title":{"rendered":"Atletik Triad&#8217;\u0131n Olimpik Bran\u015flardaki Kad\u0131n Sporcularda G\u00f6r\u00fclme S\u0131kl\u0131\u011f\u0131 Sporcu ve Antren\u00f6rlerin Bilgi D\u00fczeyleri"},"content":{"rendered":"<p>\u0130\u00e7indekiler :          1. Giri\u015f          2. Ara\u015ft\u0131rman\u0131n Kuramsal \u00c7er\u00e7evesi          3. Y\u00f6ntem          4. Bulgular          5. Tart\u0131\u015fma, Sonu\u00e7 ve \u00d6neriler <\/p>\n","protected":false},"excerpt":{"rendered":"<p>\u0130\u00e7indekiler : 1. Giri\u015f 2. Ara\u015ft\u0131rman\u0131n Kuramsal \u00c7er\u00e7evesi 3. Y\u00f6ntem 4. Bulgular 5. Tart\u0131\u015fma, Sonu\u00e7 ve \u00d6neriler<\/p>\n","protected":false},"featured_media":0,"template":"","meta":{"_monsterinsights_skip_tracking":false,"_monsterinsights_sitenote_active":false,"_monsterinsights_sitenote_note":"","_monsterinsights_sitenote_category":0},"product_brand":[],"product_cat":[15563,15564],"product_tag":[],"class_list":{"0":"post-769173","1":"product","2":"type-product","3":"status-publish","5":"product_cat-hobi","6":"product_cat-spor","7":"pa_cilt-ciltsiz","8":"pa_tur-kitap","9":"pa_yayinevi-gazi-kitabevi","10":"pa_yazar-muge-sarper-kahveci-gulten-herguner","12":"first","13":"instock","14":"sale","15":"shipping-taxable","16":"purchasable","17":"product-type-simple"},"_links":{"self":[{"href":"https:\/\/roveyayinevi.com.tr\/index.php\/wp-json\/wp\/v2\/product\/769173","targetHints":{"allow":["GET"]}}],"collection":[{"href":"https:\/\/roveyayinevi.com.tr\/index.php\/wp-json\/wp\/v2\/product"}],"about":[{"href":"https:\/\/roveyayinevi.com.tr\/index.php\/wp-json\/wp\/v2\/types\/product"}],"wp:attachment":[{"href":"https:\/\/roveyayinevi.com.tr\/index.php\/wp-json\/wp\/v2\/media?parent=769173"}],"wp:term":[{"taxonomy":"product_brand","embeddable":true,"href":"https:\/\/roveyayinevi.com.tr\/index.php\/wp-json\/wp\/v2\/product_brand?post=769173"},{"taxonomy":"product_cat","embeddable":true,"href":"https:\/\/roveyayinevi.com.tr\/index.php\/wp-json\/wp\/v2\/product_cat?post=769173"},{"taxonomy":"product_tag","embeddable":true,"href":"https:\/\/roveyayinevi.com.tr\/index.php\/wp-json\/wp\/v2\/product_tag?post=769173"}],"curies":[{"name":"wp","href":"https:\/\/api.w.org\/{rel}","templated":true}]}}