{"id":769172,"date":"2025-08-28T13:44:29","date_gmt":"2025-08-28T10:44:29","guid":{"rendered":"https:\/\/roveyayinevi.com.tr\/index.php\/urun\/yerel-kalkinmada-spor-tesisleri-hesarek-kayak-tesisi-ornegi\/"},"modified":"2026-04-15T03:35:00","modified_gmt":"2026-04-15T00:35:00","slug":"yerel-kalkinmada-spor-tesisleri-hesarek-kayak-tesisi-ornegi","status":"publish","type":"product","link":"https:\/\/roveyayinevi.com.tr\/index.php\/urun\/yerel-kalkinmada-spor-tesisleri-hesarek-kayak-tesisi-ornegi\/","title":{"rendered":"Yerel Kalk\u0131nmada Spor Tesisleri (Hesarek Kayak Tesisi \u00d6rne\u011fi)"},"content":{"rendered":"<p>\u0130\u00e7indekiler :     \u00b7         B\u0130R\u0130NC\u0130 B\u00d6L\u00dcM YEREL KALKINMA   \u00b7         \u0130K\u0130NC\u0130 B\u00d6L\u00dcM SPOR TES\u0130SLER\u0130   \u00b7         \u00dc\u00c7\u00dcNC\u00dc B\u00d6L\u00dcM KAYAK   \u00b7         D\u00d6RD\u00dcNC\u00dc B\u00d6L\u00dcM HESAREK KAYAK TES\u0130S\u0130   \u00b7         BE\u015e\u0130NC\u0130 B\u00d6L\u00dcM MATERYAL VE METOT   \u00b7         ALTINCI B\u00d6L\u00dcM BULGULAR   \u00b7         YED\u0130NC\u0130 B\u00d6L\u00dcM TARTI\u015eMA <\/p>\n","protected":false},"excerpt":{"rendered":"<p>\u0130\u00e7indekiler : \u00b7 B\u0130R\u0130NC\u0130 B\u00d6L\u00dcM YEREL KALKINMA \u00b7 \u0130K\u0130NC\u0130 B\u00d6L\u00dcM SPOR TES\u0130SLER\u0130 \u00b7 \u00dc\u00c7\u00dcNC\u00dc B\u00d6L\u00dcM KAYAK \u00b7 D\u00d6RD\u00dcNC\u00dc B\u00d6L\u00dcM HESAREK KAYAK TES\u0130S\u0130 \u00b7 BE\u015e\u0130NC\u0130 B\u00d6L\u00dcM MATERYAL<span class=\"excerpt-hellip\"> [\u2026]<\/span><\/p>\n","protected":false},"featured_media":0,"template":"","meta":{"_monsterinsights_skip_tracking":false,"_monsterinsights_sitenote_active":false,"_monsterinsights_sitenote_note":"","_monsterinsights_sitenote_category":0},"product_brand":[],"product_cat":[15563,15564],"product_tag":[],"class_list":{"0":"post-769172","1":"product","2":"type-product","3":"status-publish","5":"product_cat-hobi","6":"product_cat-spor","7":"pa_cilt-ciltsiz","8":"pa_tur-kitap","9":"pa_yayinevi-gazi-kitabevi","10":"pa_yazar-ahmet-omak","12":"first","13":"instock","14":"sale","15":"shipping-taxable","16":"purchasable","17":"product-type-simple"},"_links":{"self":[{"href":"https:\/\/roveyayinevi.com.tr\/index.php\/wp-json\/wp\/v2\/product\/769172","targetHints":{"allow":["GET"]}}],"collection":[{"href":"https:\/\/roveyayinevi.com.tr\/index.php\/wp-json\/wp\/v2\/product"}],"about":[{"href":"https:\/\/roveyayinevi.com.tr\/index.php\/wp-json\/wp\/v2\/types\/product"}],"wp:attachment":[{"href":"https:\/\/roveyayinevi.com.tr\/index.php\/wp-json\/wp\/v2\/media?parent=769172"}],"wp:term":[{"taxonomy":"product_brand","embeddable":true,"href":"https:\/\/roveyayinevi.com.tr\/index.php\/wp-json\/wp\/v2\/product_brand?post=769172"},{"taxonomy":"product_cat","embeddable":true,"href":"https:\/\/roveyayinevi.com.tr\/index.php\/wp-json\/wp\/v2\/product_cat?post=769172"},{"taxonomy":"product_tag","embeddable":true,"href":"https:\/\/roveyayinevi.com.tr\/index.php\/wp-json\/wp\/v2\/product_tag?post=769172"}],"curies":[{"name":"wp","href":"https:\/\/api.w.org\/{rel}","templated":true}]}}