{"id":769171,"date":"2025-08-28T13:44:26","date_gmt":"2025-08-28T10:44:26","guid":{"rendered":"https:\/\/roveyayinevi.com.tr\/index.php\/urun\/anabasis-onbinlerin-donusu-ciltli\/"},"modified":"2026-04-15T03:35:00","modified_gmt":"2026-04-15T00:35:00","slug":"anabasis-onbinlerin-donusu-ciltli","status":"publish","type":"product","link":"https:\/\/roveyayinevi.com.tr\/index.php\/urun\/anabasis-onbinlerin-donusu-ciltli\/","title":{"rendered":"Anabasis &#8211; Onbinlerin D\u00f6n\u00fc\u015f\u00fc (Ciltli)"},"content":{"rendered":"<p>Anabasis, Pers taht\u0131na g\u00f6z diken Kyros\u2019un a\u011fabeyi kral Artakserkses\u2019e meydan okumak i\u00e7in toplad\u0131\u011f\u0131 ve b\u00fcy\u00fck \u00e7o\u011funlu\u011fu Hellen paral\u0131 askerlerinden olu\u015fan muazzam ordunun Anadolu\u2019dan Mezopotamya i\u00e7lerine uzanan destans\u0131 y\u00fcr\u00fcy\u00fc\u015f\u00fcn\u00fcn\u00fcn ve bu ba\u015far\u0131s\u0131z sefer sonunda ba\u015f\u0131bo\u015f kalan Hellenlerin kendi ba\u015flar\u0131na Babil yak\u0131nlar\u0131ndaki Kunaksa\u2019dan y\u00fczlerce kilometre uzakl\u0131ktaki yurtlar\u0131na d\u00f6n\u00fc\u015f\u00fcn\u00fcn \u00e7ileli hik\u00e2yesidir. \u00dcnl\u00fc filozof Sokrates\u2019in \u00f6\u011frencisi, ayn\u0131 zamanda soylu ve zengin bir maceraperest olan Ksenophon, bu orduya tesad\u00fcfen kat\u0131lm\u0131\u015f, ordu komutans\u0131z kal\u0131nca da ona liderlik ederek Pers tuzaklar\u0131yla dolu tekinsiz yollarda ilerlemeye \u00e7al\u0131\u015fan, bilmedikleri co\u011frafyalarda biteviye \u00f6nlerini kesen sava\u015f\u00e7\u0131 kabileler kar\u015f\u0131s\u0131nda \u00f6l\u00fcm kal\u0131m sava\u015f\u0131 veren Hellenleri sonunda yurtlar\u0131na kavu\u015fturmay\u0131 ba\u015farm\u0131\u015ft\u0131r. Aylar s\u00fcren bu zorlu yolculuk sonunda Trabzon civar\u0131nda da\u011flar\u0131n zirvesinden denizi g\u00f6ren askerlerin sevin\u00e7 \u00e7\u0131\u011fl\u0131klar\u0131 Bat\u0131 uygarl\u0131\u011f\u0131n\u0131n zihninde h\u00e2l\u00e2 yank\u0131lanmaktad\u0131r: Thalatta! Thalatta!<\/p>\n","protected":false},"excerpt":{"rendered":"<p>Anabasis, Pers taht\u0131na g\u00f6z diken Kyros\u2019un a\u011fabeyi kral Artakserkses\u2019e meydan okumak i\u00e7in toplad\u0131\u011f\u0131 ve b\u00fcy\u00fck \u00e7o\u011funlu\u011fu Hellen paral\u0131 askerlerinden olu\u015fan muazzam ordunun Anadolu\u2019dan Mezopotamya i\u00e7lerine uzanan<span class=\"excerpt-hellip\"> [\u2026]<\/span><\/p>\n","protected":false},"featured_media":0,"template":"","meta":{"_monsterinsights_skip_tracking":false,"_monsterinsights_sitenote_active":false,"_monsterinsights_sitenote_note":"","_monsterinsights_sitenote_category":0},"product_brand":[],"product_cat":[12291,12745],"product_tag":[],"class_list":{"0":"post-769171","1":"product","2":"type-product","3":"status-publish","5":"product_cat-edebiyat","6":"product_cat-tarihi-roman","7":"pa_cilt-ciltli","8":"pa_tur-kitap","9":"pa_yayinevi-alfa-yayinlari","10":"pa_yazar-ksenophon","12":"first","13":"instock","14":"sale","15":"shipping-taxable","16":"purchasable","17":"product-type-simple"},"_links":{"self":[{"href":"https:\/\/roveyayinevi.com.tr\/index.php\/wp-json\/wp\/v2\/product\/769171","targetHints":{"allow":["GET"]}}],"collection":[{"href":"https:\/\/roveyayinevi.com.tr\/index.php\/wp-json\/wp\/v2\/product"}],"about":[{"href":"https:\/\/roveyayinevi.com.tr\/index.php\/wp-json\/wp\/v2\/types\/product"}],"wp:attachment":[{"href":"https:\/\/roveyayinevi.com.tr\/index.php\/wp-json\/wp\/v2\/media?parent=769171"}],"wp:term":[{"taxonomy":"product_brand","embeddable":true,"href":"https:\/\/roveyayinevi.com.tr\/index.php\/wp-json\/wp\/v2\/product_brand?post=769171"},{"taxonomy":"product_cat","embeddable":true,"href":"https:\/\/roveyayinevi.com.tr\/index.php\/wp-json\/wp\/v2\/product_cat?post=769171"},{"taxonomy":"product_tag","embeddable":true,"href":"https:\/\/roveyayinevi.com.tr\/index.php\/wp-json\/wp\/v2\/product_tag?post=769171"}],"curies":[{"name":"wp","href":"https:\/\/api.w.org\/{rel}","templated":true}]}}