{"id":769170,"date":"2025-08-28T13:44:23","date_gmt":"2025-08-28T10:44:23","guid":{"rendered":"https:\/\/roveyayinevi.com.tr\/index.php\/urun\/hicbir-ask-hicbir-olum\/"},"modified":"2026-04-15T03:35:00","modified_gmt":"2026-04-15T00:35:00","slug":"hicbir-ask-hicbir-olum","status":"publish","type":"product","link":"https:\/\/roveyayinevi.com.tr\/index.php\/urun\/hicbir-ask-hicbir-olum\/","title":{"rendered":"Hi\u00e7bir A\u015fk Hi\u00e7bir \u00d6l\u00fcm"},"content":{"rendered":"<p>Bo\u015fanma s\u00fcrecinde olan ve yeni bir hayata haz\u0131rlanan Simden ile g\u00f6nl\u00fcnce bir hayat ya\u015fam\u0131\u015f olan annesi Sara\u2026 Ge\u00e7mi\u015fi sorgulamay\u0131, gelecek kayg\u0131lar\u0131n\u0131, yarg\u0131lamalar\u0131 bar\u0131nd\u0131ran zorlu bir y\u00fczle\u015fme. \u00c7a\u011fda\u015f T\u00fcrk edebiyat\u0131n\u0131n en usta kalemlerinden \u0130nci Aral, ilk olarak 1997\u2019de yay\u0131mlanan Hi\u00e7bir A\u015fk Hi\u00e7bir \u00d6l\u00fcm\u2019de anne-k\u0131z \u00e7at\u0131\u015fmas\u0131 \u00fczerinden, \u00f6l\u00fcm ve varolu\u015f aras\u0131nda birbirini anlama \u00e7abas\u0131n\u0131, toplumsal cinsiyet rollerini ve kad\u0131n kimli\u011finin yeniden in\u015fas\u0131n\u0131 konu ediyor.   Zaman\u0131n bu kadar \u00e7abuk ge\u00e7i\u015fi, insan hayat\u0131n\u0131n b\u00f6ylesine k\u0131sa olu\u015fu haks\u0131zl\u0131kt\u0131. \u0130nsan, hele bir de kad\u0131nsa nas\u0131l ya\u015famas\u0131 gerekti\u011fini \u00f6\u011frendi\u011finde i\u015f i\u015ften ge\u00e7mi\u015f oluyordu. Nas\u0131l sevece\u011fini bildi\u011finde, ak\u015fam oluyordu. <\/p>\n","protected":false},"excerpt":{"rendered":"<p>Bo\u015fanma s\u00fcrecinde olan ve yeni bir hayata haz\u0131rlanan Simden ile g\u00f6nl\u00fcnce bir hayat ya\u015fam\u0131\u015f olan annesi Sara\u2026 Ge\u00e7mi\u015fi sorgulamay\u0131, gelecek kayg\u0131lar\u0131n\u0131, yarg\u0131lamalar\u0131 bar\u0131nd\u0131ran zorlu bir y\u00fczle\u015fme.<span class=\"excerpt-hellip\"> [\u2026]<\/span><\/p>\n","protected":false},"featured_media":0,"template":"","meta":{"_monsterinsights_skip_tracking":false,"_monsterinsights_sitenote_active":false,"_monsterinsights_sitenote_note":"","_monsterinsights_sitenote_category":0},"product_brand":[],"product_cat":[12291,12711],"product_tag":[],"class_list":{"0":"post-769170","1":"product","2":"type-product","3":"status-publish","5":"product_cat-edebiyat","6":"product_cat-roman-oyku","7":"pa_cilt-ciltsiz","8":"pa_tur-kitap","9":"pa_yayinevi-everest-yayinlari","10":"pa_yazar-inci-aral","12":"first","13":"instock","14":"sale","15":"shipping-taxable","16":"purchasable","17":"product-type-simple"},"_links":{"self":[{"href":"https:\/\/roveyayinevi.com.tr\/index.php\/wp-json\/wp\/v2\/product\/769170","targetHints":{"allow":["GET"]}}],"collection":[{"href":"https:\/\/roveyayinevi.com.tr\/index.php\/wp-json\/wp\/v2\/product"}],"about":[{"href":"https:\/\/roveyayinevi.com.tr\/index.php\/wp-json\/wp\/v2\/types\/product"}],"wp:attachment":[{"href":"https:\/\/roveyayinevi.com.tr\/index.php\/wp-json\/wp\/v2\/media?parent=769170"}],"wp:term":[{"taxonomy":"product_brand","embeddable":true,"href":"https:\/\/roveyayinevi.com.tr\/index.php\/wp-json\/wp\/v2\/product_brand?post=769170"},{"taxonomy":"product_cat","embeddable":true,"href":"https:\/\/roveyayinevi.com.tr\/index.php\/wp-json\/wp\/v2\/product_cat?post=769170"},{"taxonomy":"product_tag","embeddable":true,"href":"https:\/\/roveyayinevi.com.tr\/index.php\/wp-json\/wp\/v2\/product_tag?post=769170"}],"curies":[{"name":"wp","href":"https:\/\/api.w.org\/{rel}","templated":true}]}}