{"id":769166,"date":"2025-08-28T13:44:17","date_gmt":"2025-08-28T10:44:17","guid":{"rendered":"https:\/\/roveyayinevi.com.tr\/index.php\/urun\/akdeniz-ve-akdeniz-dunyasi-ii-ciltli\/"},"modified":"2026-04-15T03:35:00","modified_gmt":"2026-04-15T00:35:00","slug":"akdeniz-ve-akdeniz-dunyasi-ii-ciltli","status":"publish","type":"product","link":"https:\/\/roveyayinevi.com.tr\/index.php\/urun\/akdeniz-ve-akdeniz-dunyasi-ii-ciltli\/","title":{"rendered":"Akdeniz ve Akdeniz D\u00fcnyas\u0131 &#8211; II (Ciltli)"},"content":{"rendered":"<p>\u201cYirminci y\u00fczy\u0131l\u0131n en yenilik\u00e7i, haf\u0131zalarda en fazla iz b\u0131rakan ve en \u00f6nemli tarih \u00e7al\u0131\u015fmalar\u0131n\u0131n kayda de\u011fer bir b\u00f6l\u00fcm\u00fc Fransa\u2019da \u00fcretildi.\u201d Frans\u0131z Devrimi nas\u0131l d\u00fcnya siyasi tarihinin ve modern \u00e7a\u011f\u0131n y\u00f6n\u00fcn\u00fc belirleyen ve onu d\u00f6n\u00fc\u015ft\u00fcren bir yolun kap\u0131s\u0131n\u0131 a\u00e7t\u0131ysa, \u201cFrans\u0131z Tarih Devrimi\u201d de tarihyaz\u0131m\u0131 a\u00e7\u0131s\u0131ndan bu anlamda benzer bir etki yapacakt\u0131r.   Kitab\u0131n ilk cildinde bahsedilen, hareketsiz jeo-tarihin \u00fcst\u00fcnde \u015fimdi yava\u015f ritimli bir tarih fark edilmektedir; dip dalgalar\u0131 Akdeniz hayat\u0131n\u0131n b\u00fct\u00fcn\u00fcn\u00fc nas\u0131l y\u00fckseltiyor? \u0130\u015fte kitab\u0131n ikinci cildinde, birbirlerini takip edecek \u015fekilde ekonomileri, devletleri, toplumlar\u0131 incelerken ve nihayet tarih kavray\u0131\u015f\u0131n\u0131 daha iyi ayd\u0131nlatmak i\u00e7in denizdeki b\u00fct\u00fcn bu g\u00fc\u00e7lerin karma\u015f\u0131k sava\u015f alan\u0131nda nas\u0131l etki ettiklerini g\u00f6stermeye \u00e7al\u0131\u015f\u0131rken, Braudel\u2019in sordu\u011fu soru budur. Bu ba\u011flamda ele al\u0131nan demografi ve n\u00fcfus hareketleri, ticaret ve Amerika\u2019n\u0131n ke\u015ffiyle alt\u0131n ve g\u00fcm\u00fc\u015f hareketlerinin seyri, Afrika\u2019n\u0131n bat\u0131s\u0131ndan do\u011fusuna Hindistan deniz yolunun ke\u015ffi ve etkileri, imparatorluklar\u0131n yap\u0131s\u0131, toplumlar, b\u00fcrokrasi, uygarl\u0131k ve k\u00fclt\u00fcrel yap\u0131lar\u0131, al\u0131\u015fveri\u015fler ve sava\u015flar\u0131, kumpanyalar ve korsanl\u0131k bu cildin ba\u015fl\u0131ca konular\u0131d\u0131r. <\/p>\n","protected":false},"excerpt":{"rendered":"<p>\u201cYirminci y\u00fczy\u0131l\u0131n en yenilik\u00e7i, haf\u0131zalarda en fazla iz b\u0131rakan ve en \u00f6nemli tarih \u00e7al\u0131\u015fmalar\u0131n\u0131n kayda de\u011fer bir b\u00f6l\u00fcm\u00fc Fransa\u2019da \u00fcretildi.\u201d Frans\u0131z Devrimi nas\u0131l d\u00fcnya siyasi tarihinin<span class=\"excerpt-hellip\"> [\u2026]<\/span><\/p>\n","protected":false},"featured_media":0,"template":"","meta":{"_monsterinsights_skip_tracking":false,"_monsterinsights_sitenote_active":false,"_monsterinsights_sitenote_note":"","_monsterinsights_sitenote_category":0},"product_brand":[],"product_cat":[12304],"product_tag":[],"class_list":{"0":"post-769166","1":"product","2":"type-product","3":"status-publish","5":"product_cat-tarih","6":"pa_cilt-ciltli","7":"pa_tur-kitap","8":"pa_yayinevi-dogu-bati-yayinlari","9":"pa_yazar-fernand-braudel","11":"first","12":"instock","13":"sale","14":"shipping-taxable","15":"purchasable","16":"product-type-simple"},"_links":{"self":[{"href":"https:\/\/roveyayinevi.com.tr\/index.php\/wp-json\/wp\/v2\/product\/769166","targetHints":{"allow":["GET"]}}],"collection":[{"href":"https:\/\/roveyayinevi.com.tr\/index.php\/wp-json\/wp\/v2\/product"}],"about":[{"href":"https:\/\/roveyayinevi.com.tr\/index.php\/wp-json\/wp\/v2\/types\/product"}],"wp:attachment":[{"href":"https:\/\/roveyayinevi.com.tr\/index.php\/wp-json\/wp\/v2\/media?parent=769166"}],"wp:term":[{"taxonomy":"product_brand","embeddable":true,"href":"https:\/\/roveyayinevi.com.tr\/index.php\/wp-json\/wp\/v2\/product_brand?post=769166"},{"taxonomy":"product_cat","embeddable":true,"href":"https:\/\/roveyayinevi.com.tr\/index.php\/wp-json\/wp\/v2\/product_cat?post=769166"},{"taxonomy":"product_tag","embeddable":true,"href":"https:\/\/roveyayinevi.com.tr\/index.php\/wp-json\/wp\/v2\/product_tag?post=769166"}],"curies":[{"name":"wp","href":"https:\/\/api.w.org\/{rel}","templated":true}]}}