{"id":769163,"date":"2025-08-28T13:44:14","date_gmt":"2025-08-28T10:44:14","guid":{"rendered":"https:\/\/roveyayinevi.com.tr\/index.php\/urun\/zamansiz-planlayici-yola-cikmaya-cesaret-et-ciltli\/"},"modified":"2026-04-15T03:35:00","modified_gmt":"2026-04-15T00:35:00","slug":"zamansiz-planlayici-yola-cikmaya-cesaret-et-ciltli","status":"publish","type":"product","link":"https:\/\/roveyayinevi.com.tr\/index.php\/urun\/zamansiz-planlayici-yola-cikmaya-cesaret-et-ciltli\/","title":{"rendered":"Zamans\u0131z Planlay\u0131c\u0131 &#8211; Yola \u00e7\u0131kmaya cesaret et! (Ciltli)"},"content":{"rendered":"<p>Zamans\u0131z Planlay\u0131c\u0131 &#8211; Yola \u00e7\u0131kmaya cesaret et!<\/p>\n","protected":false},"excerpt":{"rendered":"<p>Zamans\u0131z Planlay\u0131c\u0131 &#8211; Yola \u00e7\u0131kmaya cesaret et!<\/p>\n","protected":false},"featured_media":0,"template":"","meta":{"_monsterinsights_skip_tracking":false,"_monsterinsights_sitenote_active":false,"_monsterinsights_sitenote_note":"","_monsterinsights_sitenote_category":0},"product_brand":[],"product_cat":[28265,15563],"product_tag":[],"class_list":{"0":"post-769163","1":"product","2":"type-product","3":"status-publish","5":"product_cat-diger-hobi","6":"product_cat-hobi","7":"pa_cilt-ciltli","8":"pa_tur-defter","9":"pa_yayinevi-leopar-yayinlari","10":"pa_yazar-kolektif","12":"first","13":"instock","14":"sale","15":"shipping-taxable","16":"purchasable","17":"product-type-simple"},"_links":{"self":[{"href":"https:\/\/roveyayinevi.com.tr\/index.php\/wp-json\/wp\/v2\/product\/769163","targetHints":{"allow":["GET"]}}],"collection":[{"href":"https:\/\/roveyayinevi.com.tr\/index.php\/wp-json\/wp\/v2\/product"}],"about":[{"href":"https:\/\/roveyayinevi.com.tr\/index.php\/wp-json\/wp\/v2\/types\/product"}],"wp:attachment":[{"href":"https:\/\/roveyayinevi.com.tr\/index.php\/wp-json\/wp\/v2\/media?parent=769163"}],"wp:term":[{"taxonomy":"product_brand","embeddable":true,"href":"https:\/\/roveyayinevi.com.tr\/index.php\/wp-json\/wp\/v2\/product_brand?post=769163"},{"taxonomy":"product_cat","embeddable":true,"href":"https:\/\/roveyayinevi.com.tr\/index.php\/wp-json\/wp\/v2\/product_cat?post=769163"},{"taxonomy":"product_tag","embeddable":true,"href":"https:\/\/roveyayinevi.com.tr\/index.php\/wp-json\/wp\/v2\/product_tag?post=769163"}],"curies":[{"name":"wp","href":"https:\/\/api.w.org\/{rel}","templated":true}]}}