{"id":769150,"date":"2025-08-28T13:43:52","date_gmt":"2025-08-28T10:43:52","guid":{"rendered":"https:\/\/roveyayinevi.com.tr\/index.php\/urun\/gemideki-cesur-ses\/"},"modified":"2026-04-15T03:35:00","modified_gmt":"2026-04-15T00:35:00","slug":"gemideki-cesur-ses","status":"publish","type":"product","link":"https:\/\/roveyayinevi.com.tr\/index.php\/urun\/gemideki-cesur-ses\/","title":{"rendered":"Gemideki Cesur Ses"},"content":{"rendered":"<p>\u00c7al\u0131nan seslerin izinde i\u00e7sel bir yolculuk.\u0130dil Pi\u015fgin Talan&#8217;\u0131n kaleme ald\u0131\u011f\u0131 Gemideki Cesur Ses, i\u00e7imizde b\u00fcy\u00fctt\u00fc\u011f\u00fcm\u00fcz kayg\u0131lar\u0131n sesini usulca k\u0131san bir korkularla y\u00fczle\u015fme roman\u0131.Okurlar\u0131, sonsuz mutlulu\u011fun \u015fifresini \u00e7\u00f6zmek \u00fczere gizemli bir yolculu\u011fa \u00e7\u0131karan kitap, kendini kabullenmeyi ba\u015farman\u0131n anahtar\u0131 olarak g\u00f6steriyor.  Heyecanland\u0131\u011f\u0131nda dili dola\u015fan I\u015f\u0131tan, konu\u015fma g\u00fc\u00e7l\u00fc\u011f\u00fc ile ba\u015fa \u00e7\u0131kmak i\u00e7in t\u00fcm taktikleri denemi\u015ftir. Ama nafile! Ad\u0131n\u0131 bile s\u00f6ylerken zorluk \u00e7eken kahraman\u0131m\u0131z k\u00fc\u00e7\u00fck ka\u00e7\u0131\u015f yollar\u0131yla en b\u00fcy\u00fck korkusunu g\u00f6r\u00fcnmez k\u0131lmay\u0131 ba\u015farm\u0131\u015f olsa da y\u00fcre\u011finde kopan f\u0131rt\u0131nalar\u0131 bir t\u00fcrl\u00fc dindirememi\u015ftir. Ta ki, d\u00fc\u015fle ger\u00e7e\u011fin kesi\u015fti\u011fi bir g\u00fcn kendini okyanusta seyreden hayal\u00ee bir gemide bulana de\u011fin. Korkular\u0131m\u0131z\u0131n \u00fczerine cesaret tohumlar\u0131 serpi\u015ftiren bu incelikli anlat\u0131, kendimizde &#8221;kusur&#8221; g\u00f6rd\u00fc\u011f\u00fcm\u00fcz farkl\u0131l\u0131klar\u0131m\u0131z\u0131 asl\u0131nda g\u00f6z\u00fcm\u00fczde b\u00fcy\u00fctmememiz gerekti\u011fini duyumsat\u0131yor.Bu kitab\u0131 okuyanlar\u0131 neler bekliyor?* G\u00fc\u00e7l\u00fc ve zay\u0131f y\u00f6nlerini ke\u015ffetmeleri i\u00e7in y\u00fcreklendiriyor.* Herkesin sorunlar\u0131 olabilece\u011fi ama \u00fcst\u00fcne giderek bunlar\u0131 a\u015fabilece\u011fi bilincine ula\u015ft\u0131r\u0131yor.<\/p>\n","protected":false},"excerpt":{"rendered":"<p>\u00c7al\u0131nan seslerin izinde i\u00e7sel bir yolculuk.\u0130dil Pi\u015fgin Talan&#8217;\u0131n kaleme ald\u0131\u011f\u0131 Gemideki Cesur Ses, i\u00e7imizde b\u00fcy\u00fctt\u00fc\u011f\u00fcm\u00fcz kayg\u0131lar\u0131n sesini usulca k\u0131san bir korkularla y\u00fczle\u015fme roman\u0131.Okurlar\u0131, sonsuz mutlulu\u011fun \u015fifresini<span class=\"excerpt-hellip\"> [\u2026]<\/span><\/p>\n","protected":false},"featured_media":0,"template":"","meta":{"_monsterinsights_skip_tracking":false,"_monsterinsights_sitenote_active":false,"_monsterinsights_sitenote_note":"","_monsterinsights_sitenote_category":0},"product_brand":[],"product_cat":[12291,12711],"product_tag":[],"class_list":{"0":"post-769150","1":"product","2":"type-product","3":"status-publish","5":"product_cat-edebiyat","6":"product_cat-roman-oyku","7":"pa_cilt-ciltsiz","8":"pa_tur-kitap","9":"pa_yayinevi-tudem-yayinlari","10":"pa_yazar-idil-pisgin-talan","12":"first","13":"instock","14":"sale","15":"shipping-taxable","16":"purchasable","17":"product-type-simple"},"_links":{"self":[{"href":"https:\/\/roveyayinevi.com.tr\/index.php\/wp-json\/wp\/v2\/product\/769150","targetHints":{"allow":["GET"]}}],"collection":[{"href":"https:\/\/roveyayinevi.com.tr\/index.php\/wp-json\/wp\/v2\/product"}],"about":[{"href":"https:\/\/roveyayinevi.com.tr\/index.php\/wp-json\/wp\/v2\/types\/product"}],"wp:attachment":[{"href":"https:\/\/roveyayinevi.com.tr\/index.php\/wp-json\/wp\/v2\/media?parent=769150"}],"wp:term":[{"taxonomy":"product_brand","embeddable":true,"href":"https:\/\/roveyayinevi.com.tr\/index.php\/wp-json\/wp\/v2\/product_brand?post=769150"},{"taxonomy":"product_cat","embeddable":true,"href":"https:\/\/roveyayinevi.com.tr\/index.php\/wp-json\/wp\/v2\/product_cat?post=769150"},{"taxonomy":"product_tag","embeddable":true,"href":"https:\/\/roveyayinevi.com.tr\/index.php\/wp-json\/wp\/v2\/product_tag?post=769150"}],"curies":[{"name":"wp","href":"https:\/\/api.w.org\/{rel}","templated":true}]}}