{"id":769147,"date":"2025-08-28T13:43:47","date_gmt":"2025-08-28T10:43:47","guid":{"rendered":"https:\/\/roveyayinevi.com.tr\/index.php\/urun\/ne-dusunuyorsun\/"},"modified":"2026-04-15T03:35:00","modified_gmt":"2026-04-15T00:35:00","slug":"ne-dusunuyorsun","status":"publish","type":"product","link":"https:\/\/roveyayinevi.com.tr\/index.php\/urun\/ne-dusunuyorsun\/","title":{"rendered":"Ne D\u00fc\u015f\u00fcn\u00fcyorsun?"},"content":{"rendered":"<p>Bu kitap son derece basit ve e\u011flenceli bir fikirden yola \u00e7\u0131k\u0131yor. Her \u015fey Fournier\u2019nin bir g\u00fcn filozof kedisi Artd\u00e9co\u2019yu seyrederken, \u201cAcaba ne d\u00fc\u015f\u00fcn\u00fcyor?\u201d diye sormas\u0131yla ba\u015fl\u0131yor.   Bunu bir oyuna d\u00f6n\u00fc\u015ft\u00fcren Fournier, farkl\u0131 hayvanlar\u0131n zihinlerinden ge\u00e7enleri ve insanlar hakk\u0131nda neler d\u00fc\u015f\u00fcnd\u00fcklerini mizahi bir dille anlat\u0131yor, Dominique Lange\u2019\u0131n \u00f6zg\u00fcn \u00e7izimleri ise ba\u015f d\u00f6nd\u00fcr\u00fcyor. <\/p>\n","protected":false},"excerpt":{"rendered":"<p>Bu kitap son derece basit ve e\u011flenceli bir fikirden yola \u00e7\u0131k\u0131yor. Her \u015fey Fournier\u2019nin bir g\u00fcn filozof kedisi Artd\u00e9co\u2019yu seyrederken, \u201cAcaba ne d\u00fc\u015f\u00fcn\u00fcyor?\u201d diye sormas\u0131yla ba\u015fl\u0131yor.<span class=\"excerpt-hellip\"> [\u2026]<\/span><\/p>\n","protected":false},"featured_media":0,"template":"","meta":{"_monsterinsights_skip_tracking":false,"_monsterinsights_sitenote_active":false,"_monsterinsights_sitenote_note":"","_monsterinsights_sitenote_category":0},"product_brand":[],"product_cat":[18545,12291],"product_tag":[],"class_list":{"0":"post-769147","1":"product","2":"type-product","3":"status-publish","5":"product_cat-anlati","6":"product_cat-edebiyat","7":"pa_cilt-ciltsiz","8":"pa_tur-kitap","9":"pa_yayinevi-yapi-kredi-yayinlari","10":"pa_yazar-jean-louis-fournier","12":"first","13":"instock","14":"sale","15":"shipping-taxable","16":"purchasable","17":"product-type-simple"},"_links":{"self":[{"href":"https:\/\/roveyayinevi.com.tr\/index.php\/wp-json\/wp\/v2\/product\/769147","targetHints":{"allow":["GET"]}}],"collection":[{"href":"https:\/\/roveyayinevi.com.tr\/index.php\/wp-json\/wp\/v2\/product"}],"about":[{"href":"https:\/\/roveyayinevi.com.tr\/index.php\/wp-json\/wp\/v2\/types\/product"}],"wp:attachment":[{"href":"https:\/\/roveyayinevi.com.tr\/index.php\/wp-json\/wp\/v2\/media?parent=769147"}],"wp:term":[{"taxonomy":"product_brand","embeddable":true,"href":"https:\/\/roveyayinevi.com.tr\/index.php\/wp-json\/wp\/v2\/product_brand?post=769147"},{"taxonomy":"product_cat","embeddable":true,"href":"https:\/\/roveyayinevi.com.tr\/index.php\/wp-json\/wp\/v2\/product_cat?post=769147"},{"taxonomy":"product_tag","embeddable":true,"href":"https:\/\/roveyayinevi.com.tr\/index.php\/wp-json\/wp\/v2\/product_tag?post=769147"}],"curies":[{"name":"wp","href":"https:\/\/api.w.org\/{rel}","templated":true}]}}