{"id":769146,"date":"2025-08-28T13:43:44","date_gmt":"2025-08-28T10:43:44","guid":{"rendered":"https:\/\/roveyayinevi.com.tr\/index.php\/urun\/general-uctu\/"},"modified":"2026-04-15T03:35:00","modified_gmt":"2026-04-15T00:35:00","slug":"general-uctu","status":"publish","type":"product","link":"https:\/\/roveyayinevi.com.tr\/index.php\/urun\/general-uctu\/","title":{"rendered":"General U\u00e7tu"},"content":{"rendered":"<p>K\u00f6y Enstit\u00fcs\u00fc mezunu Harun Bey ile kendi gibi \u00f6\u011fretmen e\u015fi M\u00fcnevver Han\u0131m, gen\u00e7 cumhuriyetin yokluklar i\u00e7inde yeti\u015fen idealist bireyleridir. \u00dclkeye e\u011fitimli gen\u00e7ler kazand\u0131rmak i\u00e7in tayin edildikleri Anadolu\u2019nun \u00e7e\u015fitli k\u00f6y ve kasabalar\u0131nda y\u0131llar y\u0131l\u0131, \u00f6zveriyle \u00e7al\u0131\u015f\u0131rlar. Son duraklar\u0131 \u0130stanbul\u2019a yerle\u015ferek dar gelirlerine, m\u00fctevaz\u0131 ya\u015famlar\u0131na kar\u015f\u0131n be\u015f \u00e7ocuklar\u0131n\u0131 da iyi okutur, mutlu bir aile olurlar.   Ancak 12 Eyl\u00fcl d\u00f6nemi, kimi \u00fcniversite s\u0131ralar\u0131nda kimi de evlenme haz\u0131rl\u0131\u011f\u0131ndaki evlatlar\u0131yla Harun Bey\u2019in ailesine de a\u011f\u0131r darbesini vurur. T\u00fcm idealleri y\u0131k\u0131lan, tarifsiz ac\u0131lar \u00e7eken Harun Bey, seneler ge\u00e7se bile ne ya\u015fad\u0131\u011f\u0131 korkun\u00e7 sars\u0131nt\u0131lar\u0131n ne de adaletsizli\u011fin \u00fcstesinden gelebilir.   2014 Yunus Nadi Roman \u00d6d\u00fcl\u00fc\u2019ne de\u011fer g\u00f6r\u00fclen General U\u00e7tu, 1940\u2019larda ba\u015flay\u0131p 2000\u2019li y\u0131llara uzanan, zamanda geri d\u00f6n\u00fc\u015flerle \u00f6r\u00fclm\u00fc\u015f bir roman. Yak\u0131n tarihimizin d\u00f6n\u00fcm noktalar\u0131n\u0131 ve k\u0131r\u0131lma anlar\u0131n\u0131 anlat\u0131rken gerek ku\u015faktan ku\u015fa\u011fa aktar\u0131lan travmalar gerekse birbirine eklemlenen adaletsizliklerle bug\u00fcnlere nas\u0131l gelindi\u011fini de konu ediniyor.   Mehmet Zaman Sa\u00e7l\u0131o\u011flu 80 Darbesi\u2019nin ya\u015fatt\u0131\u011f\u0131 ac\u0131lar\u0131 ve y\u0131llara yay\u0131lan etkisini bir ailenin hik\u00e2yesi e\u015fli\u011finde g\u00f6zler \u00f6n\u00fcne sererken bir baban\u0131n derin ac\u0131lar\u0131 ve ikilemleri \u00fczerinden vicdan, pi\u015fmanl\u0131k, intikam gibi hayati meseleleri de sorguluyor. <\/p>\n","protected":false},"excerpt":{"rendered":"<p>K\u00f6y Enstit\u00fcs\u00fc mezunu Harun Bey ile kendi gibi \u00f6\u011fretmen e\u015fi M\u00fcnevver Han\u0131m, gen\u00e7 cumhuriyetin yokluklar i\u00e7inde yeti\u015fen idealist bireyleridir. \u00dclkeye e\u011fitimli gen\u00e7ler kazand\u0131rmak i\u00e7in tayin edildikleri<span class=\"excerpt-hellip\"> [\u2026]<\/span><\/p>\n","protected":false},"featured_media":0,"template":"","meta":{"_monsterinsights_skip_tracking":false,"_monsterinsights_sitenote_active":false,"_monsterinsights_sitenote_note":"","_monsterinsights_sitenote_category":0},"product_brand":[],"product_cat":[12291,12711],"product_tag":[],"class_list":{"0":"post-769146","1":"product","2":"type-product","3":"status-publish","5":"product_cat-edebiyat","6":"product_cat-roman-oyku","7":"pa_cilt-ciltsiz","8":"pa_tur-kitap","9":"pa_yayinevi-yapi-kredi-yayinlari","10":"pa_yazar-mehmet-zaman-saclioglu","12":"first","13":"instock","14":"sale","15":"shipping-taxable","16":"purchasable","17":"product-type-simple"},"_links":{"self":[{"href":"https:\/\/roveyayinevi.com.tr\/index.php\/wp-json\/wp\/v2\/product\/769146","targetHints":{"allow":["GET"]}}],"collection":[{"href":"https:\/\/roveyayinevi.com.tr\/index.php\/wp-json\/wp\/v2\/product"}],"about":[{"href":"https:\/\/roveyayinevi.com.tr\/index.php\/wp-json\/wp\/v2\/types\/product"}],"wp:attachment":[{"href":"https:\/\/roveyayinevi.com.tr\/index.php\/wp-json\/wp\/v2\/media?parent=769146"}],"wp:term":[{"taxonomy":"product_brand","embeddable":true,"href":"https:\/\/roveyayinevi.com.tr\/index.php\/wp-json\/wp\/v2\/product_brand?post=769146"},{"taxonomy":"product_cat","embeddable":true,"href":"https:\/\/roveyayinevi.com.tr\/index.php\/wp-json\/wp\/v2\/product_cat?post=769146"},{"taxonomy":"product_tag","embeddable":true,"href":"https:\/\/roveyayinevi.com.tr\/index.php\/wp-json\/wp\/v2\/product_tag?post=769146"}],"curies":[{"name":"wp","href":"https:\/\/api.w.org\/{rel}","templated":true}]}}