{"id":769145,"date":"2025-08-28T13:43:41","date_gmt":"2025-08-28T10:43:41","guid":{"rendered":"https:\/\/roveyayinevi.com.tr\/index.php\/urun\/iyi-bir-okul\/"},"modified":"2026-04-15T03:35:00","modified_gmt":"2026-04-15T00:35:00","slug":"iyi-bir-okul","status":"publish","type":"product","link":"https:\/\/roveyayinevi.com.tr\/index.php\/urun\/iyi-bir-okul\/","title":{"rendered":"\u0130yi Bir Okul"},"content":{"rendered":"<p>Amerikan banliy\u00f6lerinin ve orta s\u0131n\u0131f hayat\u0131n\u0131n keskin g\u00f6zlemcisi Richard Yates, \u0130yi Bir Okul\u2019da bir yat\u0131l\u0131 erkek okulunu roman\u0131n\u0131n merkezine oturtuyor. New England k\u0131rsal\u0131ndaki Dorset Akademisi, yatakhane duvarlar\u0131n\u0131n ard\u0131nda tan\u0131d\u0131k yaln\u0131zl\u0131klar\u0131 ve hayal k\u0131r\u0131kl\u0131klar\u0131n\u0131 bar\u0131nd\u0131r\u0131r. D\u0131\u015flanm\u0131\u015f bir \u00f6\u011frenciyken okul gazetesindeki i\u015finde kendine yeni bir ama\u00e7 edinen William Grove, mutsuz bir evlili\u011fe mahk\u00fbm kimya \u00f6\u011fretmeni Jack Draper, okul m\u00fcd\u00fcr\u00fcn\u00fcn k\u0131z\u0131 Edith Stone ve ba\u015fka bir\u00e7ok \u00f6\u011frenci ve \u00f6\u011fretmenin hayatlar\u0131 her zamanki gibi s\u00fcr\u00fcp giderken ABD \u0130kinci D\u00fcnya Sava\u015f\u0131\u2019na dahil olur ve Dorset \u00f6\u011frencileri birer birer orduya yaz\u0131lmaya ba\u015flar.   Richard Yates \u0130yi Bir Okul\u2019da, ergenli\u011fin kayg\u0131 ve hayallerine, gen\u00e7li\u011fin sona eri\u015fine dair bir hik\u00e2ye anlat\u0131yor.     Birinci s\u0131n\u0131f bir hayal g\u00fcc\u00fcn\u00fcn \u00fcr\u00fcn\u00fc\u2026 \u0130yi Bir Okul pek \u00e7ok ustaca dokunu\u015fla zenginle\u015fen bir roman.                    Julian Moynehan, The New York Times Book Review     Richard Yates, Amerikal\u0131 yazarlar\u0131n en hakikilerinden biri.                                                                      Gina Berriault <\/p>\n","protected":false},"excerpt":{"rendered":"<p>Amerikan banliy\u00f6lerinin ve orta s\u0131n\u0131f hayat\u0131n\u0131n keskin g\u00f6zlemcisi Richard Yates, \u0130yi Bir Okul\u2019da bir yat\u0131l\u0131 erkek okulunu roman\u0131n\u0131n merkezine oturtuyor. New England k\u0131rsal\u0131ndaki Dorset Akademisi, yatakhane<span class=\"excerpt-hellip\"> [\u2026]<\/span><\/p>\n","protected":false},"featured_media":0,"template":"","meta":{"_monsterinsights_skip_tracking":false,"_monsterinsights_sitenote_active":false,"_monsterinsights_sitenote_note":"","_monsterinsights_sitenote_category":0},"product_brand":[],"product_cat":[12291,12711],"product_tag":[],"class_list":{"0":"post-769145","1":"product","2":"type-product","3":"status-publish","5":"product_cat-edebiyat","6":"product_cat-roman-oyku","7":"pa_cilt-ciltsiz","8":"pa_tur-kitap","9":"pa_yayinevi-yapi-kredi-yayinlari","10":"pa_yazar-richard-yates","12":"first","13":"instock","14":"sale","15":"shipping-taxable","16":"purchasable","17":"product-type-simple"},"_links":{"self":[{"href":"https:\/\/roveyayinevi.com.tr\/index.php\/wp-json\/wp\/v2\/product\/769145","targetHints":{"allow":["GET"]}}],"collection":[{"href":"https:\/\/roveyayinevi.com.tr\/index.php\/wp-json\/wp\/v2\/product"}],"about":[{"href":"https:\/\/roveyayinevi.com.tr\/index.php\/wp-json\/wp\/v2\/types\/product"}],"wp:attachment":[{"href":"https:\/\/roveyayinevi.com.tr\/index.php\/wp-json\/wp\/v2\/media?parent=769145"}],"wp:term":[{"taxonomy":"product_brand","embeddable":true,"href":"https:\/\/roveyayinevi.com.tr\/index.php\/wp-json\/wp\/v2\/product_brand?post=769145"},{"taxonomy":"product_cat","embeddable":true,"href":"https:\/\/roveyayinevi.com.tr\/index.php\/wp-json\/wp\/v2\/product_cat?post=769145"},{"taxonomy":"product_tag","embeddable":true,"href":"https:\/\/roveyayinevi.com.tr\/index.php\/wp-json\/wp\/v2\/product_tag?post=769145"}],"curies":[{"name":"wp","href":"https:\/\/api.w.org\/{rel}","templated":true}]}}