{"id":769141,"date":"2025-08-28T13:43:31","date_gmt":"2025-08-28T10:43:31","guid":{"rendered":"https:\/\/roveyayinevi.com.tr\/index.php\/urun\/gizemli-yuva\/"},"modified":"2026-04-15T03:35:00","modified_gmt":"2026-04-15T00:35:00","slug":"gizemli-yuva","status":"publish","type":"product","link":"https:\/\/roveyayinevi.com.tr\/index.php\/urun\/gizemli-yuva\/","title":{"rendered":"Gizemli Yuva"},"content":{"rendered":"<p>Sevgi ger\u00e7ekten iyile\u015ftirir mi, yoksa baz\u0131 s\u0131rlar sevginin bile \u00f6tesinde midir?   Kentin kuzeyinde, ulu a\u011fa\u00e7lar\u0131n g\u00f6lgesinde sakl\u0131, sessiz ve gizemli bir yer: Sevgi Yeti\u015ftirme Yurdu. D\u0131\u015far\u0131dan bak\u0131ld\u0131\u011f\u0131nda s\u0131radan g\u00f6r\u00fcnen bu yurdun duvarlar\u0131, karanl\u0131k s\u0131rlarla \u00f6r\u00fcl\u00fc. 49 odal\u0131 bu binada her \u015fey, garip bir \u015fekilde ayn\u0131 say\u0131n\u0131n etraf\u0131nda d\u00f6n\u00fcyor. Savc\u0131 Mete \u00dc\u00e7ok\u2019un b\u00fcy\u00fck bir \u00f6zveriyle kurdu\u011fu bu yuvada huzur de\u011fil, \u00e7\u00f6z\u00fclemeyen bir bilmece var. 49 g\u00fcn s\u00fcren in\u015faat, 49 i\u015f insan\u0131, hi\u00e7 eksilmeyen 49 \u00e7ocuk ve korkunun h\u00fck\u00fcm s\u00fcrd\u00fc\u011f\u00fc 49 numaral\u0131 oda&#8230; Ve \u015fimdi, G\u00f6k\u00e7e \u00d6zt\u00fcrk\u2019\u00fcn ad\u0131m att\u0131\u011f\u0131 bu yurt, saklad\u0131\u011f\u0131 s\u0131rlar\u0131 f\u0131s\u0131ldamaya ba\u015fl\u0131yor. Cesur kalbi ve adalet duygusuyla dolu G\u00f6k\u00e7e, Sevgi Yeti\u015ftirme Yurdu\u2019nun karanl\u0131k perdesini aralayabilecek mi? Yoksa o da bu gizemin bir par\u00e7as\u0131 m\u0131 olacak?   Hikmet Ulusoy\u2019un, gizem, cesaret ve merhametin i\u00e7 i\u00e7e ge\u00e7ti\u011fi Gizemli Yuva roman\u0131nda, her kap\u0131n\u0131n ard\u0131nda ba\u015fka bir s\u0131r sakl\u0131! Haz\u0131r m\u0131s\u0131n? \u00c7\u00fcnk\u00fc baz\u0131 kap\u0131lar bir kez a\u00e7\u0131ld\u0131\u011f\u0131nda, asla kapanmaz&#8230; <\/p>\n","protected":false},"excerpt":{"rendered":"<p>Sevgi ger\u00e7ekten iyile\u015ftirir mi, yoksa baz\u0131 s\u0131rlar sevginin bile \u00f6tesinde midir? Kentin kuzeyinde, ulu a\u011fa\u00e7lar\u0131n g\u00f6lgesinde sakl\u0131, sessiz ve gizemli bir yer: Sevgi Yeti\u015ftirme Yurdu. D\u0131\u015far\u0131dan<span class=\"excerpt-hellip\"> [\u2026]<\/span><\/p>\n","protected":false},"featured_media":0,"template":"","meta":{"_monsterinsights_skip_tracking":false,"_monsterinsights_sitenote_active":false,"_monsterinsights_sitenote_note":"","_monsterinsights_sitenote_category":0},"product_brand":[],"product_cat":[12274],"product_tag":[],"class_list":{"0":"post-769141","1":"product","2":"type-product","3":"status-publish","5":"product_cat-cocuk-ve-genclik-kitaplari","6":"pa_cilt-ciltsiz","7":"pa_tur-kitap","8":"pa_yayinevi-kirmizi-kedi-yayinevi","9":"pa_yazar-hikmet-ulusoy","11":"first","12":"instock","13":"sale","14":"shipping-taxable","15":"purchasable","16":"product-type-simple"},"_links":{"self":[{"href":"https:\/\/roveyayinevi.com.tr\/index.php\/wp-json\/wp\/v2\/product\/769141","targetHints":{"allow":["GET"]}}],"collection":[{"href":"https:\/\/roveyayinevi.com.tr\/index.php\/wp-json\/wp\/v2\/product"}],"about":[{"href":"https:\/\/roveyayinevi.com.tr\/index.php\/wp-json\/wp\/v2\/types\/product"}],"wp:attachment":[{"href":"https:\/\/roveyayinevi.com.tr\/index.php\/wp-json\/wp\/v2\/media?parent=769141"}],"wp:term":[{"taxonomy":"product_brand","embeddable":true,"href":"https:\/\/roveyayinevi.com.tr\/index.php\/wp-json\/wp\/v2\/product_brand?post=769141"},{"taxonomy":"product_cat","embeddable":true,"href":"https:\/\/roveyayinevi.com.tr\/index.php\/wp-json\/wp\/v2\/product_cat?post=769141"},{"taxonomy":"product_tag","embeddable":true,"href":"https:\/\/roveyayinevi.com.tr\/index.php\/wp-json\/wp\/v2\/product_tag?post=769141"}],"curies":[{"name":"wp","href":"https:\/\/api.w.org\/{rel}","templated":true}]}}