{"id":769137,"date":"2025-08-28T13:43:24","date_gmt":"2025-08-28T10:43:24","guid":{"rendered":"https:\/\/roveyayinevi.com.tr\/index.php\/urun\/spor-bilimleri-fakultesi-ogrencilerinin-dijital-oyun-oynama-tutumlarinin-incelenmesi-bir-karma-yontem-arastirmasi\/"},"modified":"2026-04-15T03:35:00","modified_gmt":"2026-04-15T00:35:00","slug":"spor-bilimleri-fakultesi-ogrencilerinin-dijital-oyun-oynama-tutumlarinin-incelenmesi-bir-karma-yontem-arastirmasi","status":"publish","type":"product","link":"https:\/\/roveyayinevi.com.tr\/index.php\/urun\/spor-bilimleri-fakultesi-ogrencilerinin-dijital-oyun-oynama-tutumlarinin-incelenmesi-bir-karma-yontem-arastirmasi\/","title":{"rendered":"Spor Bilimleri Fak\u00fcltesi \u00d6\u011frencilerinin Dijital Oyun Oynama Tutumlar\u0131n\u0131n \u0130ncelenmesi: Bir Karma Y\u00f6ntem Ara\u015ft\u0131rmas\u0131"},"content":{"rendered":"<p>\u0130\u00e7indekiler :          1. G\u0130R\u0130\u015e          2. GENEL (KURAMSAL, KAYNAK) B\u0130LG\u0130LER          3. GERE\u00c7 ve Y\u00d6NTEM          4. BULGULAR          5. TARTI\u015eMA          6. SONU\u00c7 ve \u00d6NER\u0130LER         7. KAYNAKLAR <\/p>\n","protected":false},"excerpt":{"rendered":"<p>\u0130\u00e7indekiler : 1. G\u0130R\u0130\u015e 2. GENEL (KURAMSAL, KAYNAK) B\u0130LG\u0130LER 3. GERE\u00c7 ve Y\u00d6NTEM 4. BULGULAR 5. TARTI\u015eMA 6. SONU\u00c7 ve \u00d6NER\u0130LER 7. KAYNAKLAR<\/p>\n","protected":false},"featured_media":0,"template":"","meta":{"_monsterinsights_skip_tracking":false,"_monsterinsights_sitenote_active":false,"_monsterinsights_sitenote_note":"","_monsterinsights_sitenote_category":0},"product_brand":[],"product_cat":[15563,15564],"product_tag":[],"class_list":{"0":"post-769137","1":"product","2":"type-product","3":"status-publish","5":"product_cat-hobi","6":"product_cat-spor","7":"pa_cilt-ciltsiz","8":"pa_tur-kitap","9":"pa_yayinevi-gazi-kitabevi","10":"pa_yazar-ebru-arac-ilgar-yekta-goksel-ogur","12":"first","13":"instock","14":"sale","15":"shipping-taxable","16":"purchasable","17":"product-type-simple"},"_links":{"self":[{"href":"https:\/\/roveyayinevi.com.tr\/index.php\/wp-json\/wp\/v2\/product\/769137","targetHints":{"allow":["GET"]}}],"collection":[{"href":"https:\/\/roveyayinevi.com.tr\/index.php\/wp-json\/wp\/v2\/product"}],"about":[{"href":"https:\/\/roveyayinevi.com.tr\/index.php\/wp-json\/wp\/v2\/types\/product"}],"wp:attachment":[{"href":"https:\/\/roveyayinevi.com.tr\/index.php\/wp-json\/wp\/v2\/media?parent=769137"}],"wp:term":[{"taxonomy":"product_brand","embeddable":true,"href":"https:\/\/roveyayinevi.com.tr\/index.php\/wp-json\/wp\/v2\/product_brand?post=769137"},{"taxonomy":"product_cat","embeddable":true,"href":"https:\/\/roveyayinevi.com.tr\/index.php\/wp-json\/wp\/v2\/product_cat?post=769137"},{"taxonomy":"product_tag","embeddable":true,"href":"https:\/\/roveyayinevi.com.tr\/index.php\/wp-json\/wp\/v2\/product_tag?post=769137"}],"curies":[{"name":"wp","href":"https:\/\/api.w.org\/{rel}","templated":true}]}}