{"id":769134,"date":"2025-08-28T13:43:17","date_gmt":"2025-08-28T10:43:17","guid":{"rendered":"https:\/\/roveyayinevi.com.tr\/index.php\/urun\/cicibiciler-unicornlar-faaliyet-kitabi\/"},"modified":"2026-04-15T03:35:00","modified_gmt":"2026-04-15T00:35:00","slug":"cicibiciler-unicornlar-faaliyet-kitabi","status":"publish","type":"product","link":"https:\/\/roveyayinevi.com.tr\/index.php\/urun\/cicibiciler-unicornlar-faaliyet-kitabi\/","title":{"rendered":"Cicibiciler Unicornlar Faaliyet Kitab\u0131"},"content":{"rendered":"<p>150\u2019den fazla renkli \u00e7\u0131kartma, \u00e7e\u015fit \u00e7e\u015fit oyunlar ve unicorn dostlar\u0131m\u0131zla dolu bu \u00e7\u0131kartmal\u0131 faaliyet kitab\u0131yla ne\u015feli saatler seni bekliyor. Hepsi birbirinden sevimli unicorn\u2019larla tan\u0131\u015facak ve labirentler, s\u00f6zc\u00fck bulmacalar\u0131, e\u015fle\u015ftirme oyunlar\u0131, boyama sayfalar\u0131 gibi bir\u00e7ok e\u011flenceli faaliyeti yaparken harika zaman ge\u00e7ireceksin!<\/p>\n","protected":false},"excerpt":{"rendered":"<p>150\u2019den fazla renkli \u00e7\u0131kartma, \u00e7e\u015fit \u00e7e\u015fit oyunlar ve unicorn dostlar\u0131m\u0131zla dolu bu \u00e7\u0131kartmal\u0131 faaliyet kitab\u0131yla ne\u015feli saatler seni bekliyor. Hepsi birbirinden sevimli unicorn\u2019larla tan\u0131\u015facak ve labirentler,<span class=\"excerpt-hellip\"> [\u2026]<\/span><\/p>\n","protected":false},"featured_media":0,"template":"","meta":{"_monsterinsights_skip_tracking":false,"_monsterinsights_sitenote_active":false,"_monsterinsights_sitenote_note":"","_monsterinsights_sitenote_category":0},"product_brand":[],"product_cat":[12554,12274],"product_tag":[],"class_list":{"0":"post-769134","1":"product","2":"type-product","3":"status-publish","5":"product_cat-cikartmali-kitaplar","6":"product_cat-cocuk-ve-genclik-kitaplari","7":"pa_cilt-ciltsiz","8":"pa_tur-kitap","9":"pa_yayinevi-beta-kids","10":"pa_yazar-connie-isaacs","12":"first","13":"instock","14":"sale","15":"shipping-taxable","16":"purchasable","17":"product-type-simple"},"_links":{"self":[{"href":"https:\/\/roveyayinevi.com.tr\/index.php\/wp-json\/wp\/v2\/product\/769134","targetHints":{"allow":["GET"]}}],"collection":[{"href":"https:\/\/roveyayinevi.com.tr\/index.php\/wp-json\/wp\/v2\/product"}],"about":[{"href":"https:\/\/roveyayinevi.com.tr\/index.php\/wp-json\/wp\/v2\/types\/product"}],"wp:attachment":[{"href":"https:\/\/roveyayinevi.com.tr\/index.php\/wp-json\/wp\/v2\/media?parent=769134"}],"wp:term":[{"taxonomy":"product_brand","embeddable":true,"href":"https:\/\/roveyayinevi.com.tr\/index.php\/wp-json\/wp\/v2\/product_brand?post=769134"},{"taxonomy":"product_cat","embeddable":true,"href":"https:\/\/roveyayinevi.com.tr\/index.php\/wp-json\/wp\/v2\/product_cat?post=769134"},{"taxonomy":"product_tag","embeddable":true,"href":"https:\/\/roveyayinevi.com.tr\/index.php\/wp-json\/wp\/v2\/product_tag?post=769134"}],"curies":[{"name":"wp","href":"https:\/\/api.w.org\/{rel}","templated":true}]}}