{"id":769130,"date":"2025-08-28T13:43:08","date_gmt":"2025-08-28T10:43:08","guid":{"rendered":"https:\/\/roveyayinevi.com.tr\/index.php\/urun\/gezegeni-kurtaran-kiz\/"},"modified":"2026-04-15T03:34:59","modified_gmt":"2026-04-15T00:34:59","slug":"gezegeni-kurtaran-kiz","status":"publish","type":"product","link":"https:\/\/roveyayinevi.com.tr\/index.php\/urun\/gezegeni-kurtaran-kiz\/","title":{"rendered":"Gezegeni Kurtaran K\u0131z"},"content":{"rendered":"<p>Teknolojiyle ku\u015fat\u0131lm\u0131\u015f bir d\u00fcnyada s\u0131ra d\u0131\u015f\u0131 bir \u00e7ocuk&#8230; Teknojistan kasabas\u0131nda hayat tamamen teknolojiye teslim olmu\u015f durumda. \u0130nsanlar\u0131n g\u00f6zlerinde \u00e7ip bilgisayarlar, parmaklar\u0131nda sens\u00f6rler, her hareketlerini ve meslek se\u00e7imlerini kontrol eden Teknokafa adl\u0131 bir yapay zek\u00e2&#8230; Monotonluk, uyum ve tekd\u00fczelik, kasaban\u0131n alt\u0131n kural\u0131. Fakat Karen Bolokur, bu kurallara uymayan bir \u00e7ocuk. O, kitaplar\u0131n b\u00fcy\u00fcl\u00fc d\u00fcnyas\u0131nda kaybolmay\u0131, hayal kurmay\u0131 ve do\u011fayla i\u00e7 i\u00e7e olmay\u0131 seviyor. Farkl\u0131l\u0131klar\u0131 y\u00fcz\u00fcnden d\u0131\u015flan\u0131yor, ailesi ve \u00e7evresi taraf\u0131ndan anormal bulunuyor. Peki, Karen bu monoton ve kontrol alt\u0131ndaki d\u00fcnyada kendine bir yol bulabilecek mi? Teknolojinin duvarlarla \u00e7evirdi\u011fi bir gelecekte, kendi yolunu bulmaya cesaret edenlerin kalbinde yank\u0131 bulacak. <\/p>\n","protected":false},"excerpt":{"rendered":"<p>Teknolojiyle ku\u015fat\u0131lm\u0131\u015f bir d\u00fcnyada s\u0131ra d\u0131\u015f\u0131 bir \u00e7ocuk&#8230; Teknojistan kasabas\u0131nda hayat tamamen teknolojiye teslim olmu\u015f durumda. \u0130nsanlar\u0131n g\u00f6zlerinde \u00e7ip bilgisayarlar, parmaklar\u0131nda sens\u00f6rler, her hareketlerini ve meslek<span class=\"excerpt-hellip\"> [\u2026]<\/span><\/p>\n","protected":false},"featured_media":0,"template":"","meta":{"_monsterinsights_skip_tracking":false,"_monsterinsights_sitenote_active":false,"_monsterinsights_sitenote_note":"","_monsterinsights_sitenote_category":0},"product_brand":[],"product_cat":[12540,12291],"product_tag":[],"class_list":{"0":"post-769130","1":"product","2":"type-product","3":"status-publish","5":"product_cat-bilim-kurgu","6":"product_cat-edebiyat","7":"pa_cilt-ciltsiz","8":"pa_tur-kitap","9":"pa_yayinevi-genc-hayat","10":"pa_yazar-mustafa-kemal-celik","12":"first","13":"instock","14":"sale","15":"shipping-taxable","16":"purchasable","17":"product-type-simple"},"_links":{"self":[{"href":"https:\/\/roveyayinevi.com.tr\/index.php\/wp-json\/wp\/v2\/product\/769130","targetHints":{"allow":["GET"]}}],"collection":[{"href":"https:\/\/roveyayinevi.com.tr\/index.php\/wp-json\/wp\/v2\/product"}],"about":[{"href":"https:\/\/roveyayinevi.com.tr\/index.php\/wp-json\/wp\/v2\/types\/product"}],"wp:attachment":[{"href":"https:\/\/roveyayinevi.com.tr\/index.php\/wp-json\/wp\/v2\/media?parent=769130"}],"wp:term":[{"taxonomy":"product_brand","embeddable":true,"href":"https:\/\/roveyayinevi.com.tr\/index.php\/wp-json\/wp\/v2\/product_brand?post=769130"},{"taxonomy":"product_cat","embeddable":true,"href":"https:\/\/roveyayinevi.com.tr\/index.php\/wp-json\/wp\/v2\/product_cat?post=769130"},{"taxonomy":"product_tag","embeddable":true,"href":"https:\/\/roveyayinevi.com.tr\/index.php\/wp-json\/wp\/v2\/product_tag?post=769130"}],"curies":[{"name":"wp","href":"https:\/\/api.w.org\/{rel}","templated":true}]}}