{"id":769129,"date":"2025-08-28T13:43:06","date_gmt":"2025-08-28T10:43:06","guid":{"rendered":"https:\/\/roveyayinevi.com.tr\/index.php\/urun\/hiper-degil-super-cemil\/"},"modified":"2026-04-15T03:34:59","modified_gmt":"2026-04-15T00:34:59","slug":"hiper-degil-super-cemil","status":"publish","type":"product","link":"https:\/\/roveyayinevi.com.tr\/index.php\/urun\/hiper-degil-super-cemil\/","title":{"rendered":"Hiper De\u011fil S\u00fcper Cemil"},"content":{"rendered":"<p>Hem e\u011flenceli hem de maceralar\u0131n i\u00e7inde fark\u0131ndal\u0131klarla dolu keyifli bir Hiper Cemil hik\u00e2yesi bu! *Heyecan i\u00e7inde s\u00fcr\u00fckleyici bir \u00e7ocuk roman\u0131 olan Hiper De\u011fil S\u00fcper Cemil kitab\u0131, \u201cHiper Cemil Serisi\u201dnin ba\u011f\u0131ms\u0131z kitab\u0131d\u0131r. Okullar aras\u0131 bilgi yar\u0131\u015fmas\u0131 d\u00fczenleniyor. Yar\u0131\u015fmada birinci ve sonuncu olan okul t\u00fcm gazetelerde ve televizyonlarda ilan edilecek. \u0130\u015fin ilginci, yar\u0131\u015fmaya kat\u0131lacak olan \u00f6\u011frenciyi \u00e7ark\u0131felek se\u00e7iyor. \u00c7ark\u0131felek d\u00f6nd\u00fc, d\u00f6nd\u00fc. Birincide Oyunbozan Ercan, ikincide Uyurgezer Ali\u2019nin ismi \u00e7\u0131kt\u0131. Cing\u00f6z \u015einasi a\u011flad\u0131, bay\u0131ld\u0131, ay\u0131ld\u0131 ve \u00e7ark\u0131fele\u011fi \u00fc\u00e7\u00fcnc\u00fc defa zorla \u00e7evirtti. \u00c7\u0131ka \u00e7\u0131ka benim ismim \u00e7\u0131kt\u0131. Cing\u00f6z \u015einasi bu sefer bir bay\u0131ld\u0131, bir hafta ay\u0131lamad\u0131. Herkes okulu kurtarmaya \u00e7al\u0131\u015f\u0131rken ben mahalle bakkal\u0131m\u0131z Nuri Amca ile ticarete at\u0131ld\u0131m. H\u00e2l b\u00f6yle olunca Cing\u00f6z \u015einasi ba\u015fta olmak \u00fczere herkes okulun sonuncu olaca\u011f\u0131na inanmaya ba\u015flad\u0131. Yani haks\u0131z da say\u0131lmazlard\u0131. Fakat \u00f6yle bir \u015fey oldu ki ben bile gaza gelip ders \u00e7al\u0131\u015fmaya ba\u015flad\u0131m. Peki ne mi oldu? \u00c7ok merak ettiysen haydi, sayfay\u0131 \u00e7evir ve okumaya ba\u015fla. Macera kitab\u0131n i\u00e7inde\u2026 <\/p>\n","protected":false},"excerpt":{"rendered":"<p>Hem e\u011flenceli hem de maceralar\u0131n i\u00e7inde fark\u0131ndal\u0131klarla dolu keyifli bir Hiper Cemil hik\u00e2yesi bu! *Heyecan i\u00e7inde s\u00fcr\u00fckleyici bir \u00e7ocuk roman\u0131 olan Hiper De\u011fil S\u00fcper Cemil kitab\u0131,<span class=\"excerpt-hellip\"> [\u2026]<\/span><\/p>\n","protected":false},"featured_media":0,"template":"","meta":{"_monsterinsights_skip_tracking":false,"_monsterinsights_sitenote_active":false,"_monsterinsights_sitenote_note":"","_monsterinsights_sitenote_category":0},"product_brand":[],"product_cat":[12291,12711],"product_tag":[],"class_list":{"0":"post-769129","1":"product","2":"type-product","3":"status-publish","5":"product_cat-edebiyat","6":"product_cat-roman-oyku","7":"pa_cilt-ciltsiz","8":"pa_tur-kitap","9":"pa_yayinevi-genc-hayat","10":"pa_yazar-mustafa-kemal-celik","12":"first","13":"instock","14":"sale","15":"shipping-taxable","16":"purchasable","17":"product-type-simple"},"_links":{"self":[{"href":"https:\/\/roveyayinevi.com.tr\/index.php\/wp-json\/wp\/v2\/product\/769129","targetHints":{"allow":["GET"]}}],"collection":[{"href":"https:\/\/roveyayinevi.com.tr\/index.php\/wp-json\/wp\/v2\/product"}],"about":[{"href":"https:\/\/roveyayinevi.com.tr\/index.php\/wp-json\/wp\/v2\/types\/product"}],"wp:attachment":[{"href":"https:\/\/roveyayinevi.com.tr\/index.php\/wp-json\/wp\/v2\/media?parent=769129"}],"wp:term":[{"taxonomy":"product_brand","embeddable":true,"href":"https:\/\/roveyayinevi.com.tr\/index.php\/wp-json\/wp\/v2\/product_brand?post=769129"},{"taxonomy":"product_cat","embeddable":true,"href":"https:\/\/roveyayinevi.com.tr\/index.php\/wp-json\/wp\/v2\/product_cat?post=769129"},{"taxonomy":"product_tag","embeddable":true,"href":"https:\/\/roveyayinevi.com.tr\/index.php\/wp-json\/wp\/v2\/product_tag?post=769129"}],"curies":[{"name":"wp","href":"https:\/\/api.w.org\/{rel}","templated":true}]}}