{"id":769128,"date":"2025-08-28T13:43:03","date_gmt":"2025-08-28T10:43:03","guid":{"rendered":"https:\/\/roveyayinevi.com.tr\/index.php\/urun\/gizemli-madalyon\/"},"modified":"2026-04-15T03:34:59","modified_gmt":"2026-04-15T00:34:59","slug":"gizemli-madalyon","status":"publish","type":"product","link":"https:\/\/roveyayinevi.com.tr\/index.php\/urun\/gizemli-madalyon\/","title":{"rendered":"Gizemli Madalyon"},"content":{"rendered":"<p>Kerem ve arkada\u015flar\u0131, terk edilmi\u015f bir binada gizemli bir kutu bulur. Bu kutuda onlar\u0131, zamanda yolculu\u011fa \u00e7\u0131karabilecek bir s\u0131r vard\u0131r. Cesaret ve dostlukla \u00f6r\u00fcl\u00fc bu macerada kahramanlar\u0131m\u0131z, hayal g\u00fc\u00e7leriyle ger\u00e7e\u011fin s\u0131n\u0131rlar\u0131n\u0131 zorluyor.  Gizemli Madalyon\u2019uokumaya ba\u015flad\u0131\u011f\u0131nda akl\u0131nda tek bir soru yer alacak: Madalyonun s\u0131rr\u0131 ne? \u201cBiz, gerekti\u011finde birbirini y\u00fcreklendiren Fikir Avc\u0131lar\u0131\u2019y\u0131z. Ba\u015farmak DNA\u2019m\u0131zda oldu\u011fu i\u00e7in, beynimizi t\u0131k\u0131r t\u0131k\u0131r \u00e7al\u0131\u015ft\u0131rd\u0131\u011f\u0131m\u0131z i\u00e7in g\u00f6revlerin hep \u00fcstesinden geliriz. Sorun \u015fu ki kalk\u0131\u015ft\u0131\u011f\u0131m\u0131z her i\u015fte ola\u011fan d\u0131\u015f\u0131 bir maceraya da at\u0131lm\u0131\u015f oluruz. Olsun, hi\u00e7 \u015fik\u00e2yet\u00e7i de\u011filim. Ba\u015far\u0131, zorlu yollar\u0131, eri\u015filmez da\u011flar\u0131 ve f\u0131rt\u0131nalar\u0131 a\u015f\u0131nca gelir. Bunu, okudu\u011fum kitaplardan, izledi\u011fim film ve belgesellerden biliyorum. Ara\u015ft\u0131rman\u0131n faydalar\u0131 diyelim\u2026\u201d <\/p>\n","protected":false},"excerpt":{"rendered":"<p>Kerem ve arkada\u015flar\u0131, terk edilmi\u015f bir binada gizemli bir kutu bulur. Bu kutuda onlar\u0131, zamanda yolculu\u011fa \u00e7\u0131karabilecek bir s\u0131r vard\u0131r. Cesaret ve dostlukla \u00f6r\u00fcl\u00fc bu macerada<span class=\"excerpt-hellip\"> [\u2026]<\/span><\/p>\n","protected":false},"featured_media":0,"template":"","meta":{"_monsterinsights_skip_tracking":false,"_monsterinsights_sitenote_active":false,"_monsterinsights_sitenote_note":"","_monsterinsights_sitenote_category":0},"product_brand":[],"product_cat":[12291,12711],"product_tag":[],"class_list":{"0":"post-769128","1":"product","2":"type-product","3":"status-publish","5":"product_cat-edebiyat","6":"product_cat-roman-oyku","7":"pa_cilt-ciltsiz","8":"pa_tur-kitap","9":"pa_yayinevi-genc-hayat","10":"pa_yazar-zekeriya-efiloglu","12":"first","13":"instock","14":"sale","15":"shipping-taxable","16":"purchasable","17":"product-type-simple"},"_links":{"self":[{"href":"https:\/\/roveyayinevi.com.tr\/index.php\/wp-json\/wp\/v2\/product\/769128","targetHints":{"allow":["GET"]}}],"collection":[{"href":"https:\/\/roveyayinevi.com.tr\/index.php\/wp-json\/wp\/v2\/product"}],"about":[{"href":"https:\/\/roveyayinevi.com.tr\/index.php\/wp-json\/wp\/v2\/types\/product"}],"wp:attachment":[{"href":"https:\/\/roveyayinevi.com.tr\/index.php\/wp-json\/wp\/v2\/media?parent=769128"}],"wp:term":[{"taxonomy":"product_brand","embeddable":true,"href":"https:\/\/roveyayinevi.com.tr\/index.php\/wp-json\/wp\/v2\/product_brand?post=769128"},{"taxonomy":"product_cat","embeddable":true,"href":"https:\/\/roveyayinevi.com.tr\/index.php\/wp-json\/wp\/v2\/product_cat?post=769128"},{"taxonomy":"product_tag","embeddable":true,"href":"https:\/\/roveyayinevi.com.tr\/index.php\/wp-json\/wp\/v2\/product_tag?post=769128"}],"curies":[{"name":"wp","href":"https:\/\/api.w.org\/{rel}","templated":true}]}}