{"id":769123,"date":"2025-08-28T13:42:51","date_gmt":"2025-08-28T10:42:51","guid":{"rendered":"https:\/\/roveyayinevi.com.tr\/index.php\/urun\/kaderin-uc-dokumacisi\/"},"modified":"2026-04-15T03:34:59","modified_gmt":"2026-04-15T00:34:59","slug":"kaderin-uc-dokumacisi","status":"publish","type":"product","link":"https:\/\/roveyayinevi.com.tr\/index.php\/urun\/kaderin-uc-dokumacisi\/","title":{"rendered":"Kaderin \u00dc\u00e7 Dokumac\u0131s\u0131"},"content":{"rendered":"<p>Ge\u00e7mi\u015f ve g\u00fcn\u00fcm\u00fczde i\u00e7 i\u00e7e ge\u00e7erek kesi\u015fen dramlar\u0131n \u00f6yk\u00fcs\u00fc&#8230; \u201c\u0130nsan\u0131n kar\u015f\u0131s\u0131na, kaderine soru sorma f\u0131rsat\u0131 hi\u00e7 \u00e7\u0131kar m\u0131? Elif\u2019in \u00e7\u0131km\u0131\u015ft\u0131 ve o da kiminle s\u0131nanaca\u011f\u0131n\u0131 sormu\u015ftu. Cevab\u0131n Ozan oldu\u011funu bile bile\u2026\u201d Galata\u2019da, insanlar\u0131n ya\u015fam hal\u0131lar\u0131n\u0131 dokuyan \u00fc\u00e7 k\u0131z karde\u015f \u2013Hayat, Kader ve Sonver\u2013 ya\u015far. Hayat insanlar\u0131n do\u011fum vaktini, Kader nas\u0131l s\u0131nanacaklar\u0131n\u0131, Sonver ise \u00f6l\u00fcm an\u0131n\u0131 belirler. Kader o g\u00fcn Elif\u2019in hal\u0131s\u0131n\u0131 dokumak \u00fczere tezg\u00e2h\u0131n\u0131n ba\u015f\u0131na oturdu\u011funda, Elif lise a\u015fk\u0131 Ozan\u2019la okulun mezunlar g\u00fcn\u00fcnde kar\u015f\u0131la\u015fm\u0131\u015ft\u0131r. Elif, olayl\u0131 bi\u00e7imde ayr\u0131ld\u0131\u011f\u0131 Ozan\u2019\u0131 g\u00f6r\u00fcnce okul binas\u0131n\u0131 terk eder. Biti\u015fikteki genelev soka\u011f\u0131ndan yoku\u015fu \u00e7\u0131karken yaral\u0131 bir hayat kad\u0131n\u0131 \u00fcst\u00fcne yuvarlan\u0131r. Elif ile pe\u015finden gelen Ozan, zor durumdaki bu kad\u0131n\u0131 isteseler de b\u0131rakamazlar. Y\u00fcksek Kald\u0131r\u0131m\u2019dan Galata Mevlevihanesi\u2019ne ve oradan da T\u00fcnel\u2019e uzanan bu macera, on dokuzuncu y\u00fczy\u0131l\u0131n g\u00f6zde yosmas\u0131 Feride\u2019nin hik\u00e2yesiyle kesi\u015fecektir.<\/p>\n","protected":false},"excerpt":{"rendered":"<p>Ge\u00e7mi\u015f ve g\u00fcn\u00fcm\u00fczde i\u00e7 i\u00e7e ge\u00e7erek kesi\u015fen dramlar\u0131n \u00f6yk\u00fcs\u00fc&#8230; \u201c\u0130nsan\u0131n kar\u015f\u0131s\u0131na, kaderine soru sorma f\u0131rsat\u0131 hi\u00e7 \u00e7\u0131kar m\u0131? Elif\u2019in \u00e7\u0131km\u0131\u015ft\u0131 ve o da kiminle s\u0131nanaca\u011f\u0131n\u0131 sormu\u015ftu.<span class=\"excerpt-hellip\"> [\u2026]<\/span><\/p>\n","protected":false},"featured_media":0,"template":"","meta":{"_monsterinsights_skip_tracking":false,"_monsterinsights_sitenote_active":false,"_monsterinsights_sitenote_note":"","_monsterinsights_sitenote_category":0},"product_brand":[],"product_cat":[12291,12711],"product_tag":[],"class_list":{"0":"post-769123","1":"product","2":"type-product","3":"status-publish","5":"product_cat-edebiyat","6":"product_cat-roman-oyku","7":"pa_cilt-ciltsiz","8":"pa_tur-kitap","9":"pa_yayinevi-remzi-kitabevi","10":"pa_yazar-yonca-eldener","12":"first","13":"instock","14":"sale","15":"shipping-taxable","16":"purchasable","17":"product-type-simple"},"_links":{"self":[{"href":"https:\/\/roveyayinevi.com.tr\/index.php\/wp-json\/wp\/v2\/product\/769123","targetHints":{"allow":["GET"]}}],"collection":[{"href":"https:\/\/roveyayinevi.com.tr\/index.php\/wp-json\/wp\/v2\/product"}],"about":[{"href":"https:\/\/roveyayinevi.com.tr\/index.php\/wp-json\/wp\/v2\/types\/product"}],"wp:attachment":[{"href":"https:\/\/roveyayinevi.com.tr\/index.php\/wp-json\/wp\/v2\/media?parent=769123"}],"wp:term":[{"taxonomy":"product_brand","embeddable":true,"href":"https:\/\/roveyayinevi.com.tr\/index.php\/wp-json\/wp\/v2\/product_brand?post=769123"},{"taxonomy":"product_cat","embeddable":true,"href":"https:\/\/roveyayinevi.com.tr\/index.php\/wp-json\/wp\/v2\/product_cat?post=769123"},{"taxonomy":"product_tag","embeddable":true,"href":"https:\/\/roveyayinevi.com.tr\/index.php\/wp-json\/wp\/v2\/product_tag?post=769123"}],"curies":[{"name":"wp","href":"https:\/\/api.w.org\/{rel}","templated":true}]}}