{"id":769122,"date":"2025-08-28T13:42:49","date_gmt":"2025-08-28T10:42:49","guid":{"rendered":"https:\/\/roveyayinevi.com.tr\/index.php\/urun\/her-seyin-evrimi\/"},"modified":"2026-04-15T03:34:59","modified_gmt":"2026-04-15T00:34:59","slug":"her-seyin-evrimi","status":"publish","type":"product","link":"https:\/\/roveyayinevi.com.tr\/index.php\/urun\/her-seyin-evrimi\/","title":{"rendered":"Her \u015eeyin Evrimi"},"content":{"rendered":"<p>Ak\u0131lc\u0131 \u0130yimser ve Genom kitaplar\u0131n\u0131n yazar\u0131, tehlikeli ve yayg\u0131n bir efsaneyi kesin bir \u015fekilde \u00e7\u00fcr\u00fcten b\u00fcy\u00fcleyici ve parlak bir evrim arg\u00fcman\u0131yla geri d\u00f6n\u00fcyor: D\u00fcnyam\u0131z\u0131 y\u00f6netebilir ve kontrol edebiliriz. Ridley\u2019in bilim, ekonomi, tarih, siyaset ve felsefeden anekdotlarla dokudu\u011fu bu kapsaml\u0131 ve son derece tart\u0131\u015fmal\u0131 eseri, bilimsel ve sosyal zorunluluklar\u0131n ister h\u00fck\u00fcmet, ister i\u015f d\u00fcnyas\u0131, ister akademi ya da ahlak alan\u0131nda olsun, yukar\u0131dakiler taraf\u0131ndan dikte edildi\u011fine dair geleneksel varsay\u0131mlar\u0131 yerle bir ediyor. Aksine, ne kadar kar\u015f\u0131 \u00e7\u0131ksak ve g\u00f6rmezden gelsek de, a\u015fa\u011f\u0131dan yukar\u0131ya e\u011filimler d\u00fcnyay\u0131 \u015fekillendirir. Ridley yerle\u015fik kal\u0131plar\u0131 yerle bir ediyor ve akl\u0131n\u0131za gelecek her \u015feyde evrimi etkili bir \u015fekilde savunuyor.   \u2122D\u00fcnyaya dair son derece zekice ve y\u00fcreklendirici bir \u015fekilde gelenekleri yerle bir eden bir bak\u0131\u015f a\u00e7\u0131s\u0131. Hayat\u0131 yeni g\u00f6zlerle g\u00f6rmemizi sa\u011fl\u0131yor.\u222b \u2013New York Times Book Review   Muhte\u015fem bir kitap: okunmas\u0131 ola\u011fan\u00fcst\u00fc kolay, anla\u015f\u0131lmas\u0131 kolay, takdir edilmesi kolay. Nas\u0131l evrim en uygun olan\u0131 \u00f6ne \u00e7\u0131kar\u0131yorsa, Her \u015eeyin Evrimi de evrimin her yerde var oldu\u011fu iddias\u0131n\u0131 savunmak i\u00e7in en uygun metin olarak \u00f6ne \u00e7\u0131k\u0131yor.\u222b \u2013Washington Times   \u2122Bu derinlemesine kitap Ridley\u2019in bug\u00fcne kadarki en iyi ve en \u00f6nemli \u00e7al\u0131\u015fmas\u0131. Bu a\u015fa\u011f\u0131dan yukar\u0131ya yakla\u015f\u0131m\u0131nda son derece demokratik ve e\u015fitlik\u00e7i, hatta se\u00e7kinci kar\u015f\u0131t\u0131 bir \u015fey var: Herkesin de\u011fi\u015fimi getirmede bir rol\u00fc olabilir.\u222b \u2013Wall Street Journal <\/p>\n","protected":false},"excerpt":{"rendered":"<p>Ak\u0131lc\u0131 \u0130yimser ve Genom kitaplar\u0131n\u0131n yazar\u0131, tehlikeli ve yayg\u0131n bir efsaneyi kesin bir \u015fekilde \u00e7\u00fcr\u00fcten b\u00fcy\u00fcleyici ve parlak bir evrim arg\u00fcman\u0131yla geri d\u00f6n\u00fcyor: D\u00fcnyam\u0131z\u0131 y\u00f6netebilir ve<span class=\"excerpt-hellip\"> [\u2026]<\/span><\/p>\n","protected":false},"featured_media":0,"template":"","meta":{"_monsterinsights_skip_tracking":false,"_monsterinsights_sitenote_active":false,"_monsterinsights_sitenote_note":"","_monsterinsights_sitenote_category":0},"product_brand":[],"product_cat":[52477],"product_tag":[],"class_list":{"0":"post-769122","1":"product","2":"type-product","3":"status-publish","5":"product_cat-arastirma","6":"pa_cilt-ciltsiz","7":"pa_tur-kitap","8":"pa_yayinevi-alfa-yayinlari","9":"pa_yazar-matt-ridley","11":"first","12":"instock","13":"sale","14":"shipping-taxable","15":"purchasable","16":"product-type-simple"},"_links":{"self":[{"href":"https:\/\/roveyayinevi.com.tr\/index.php\/wp-json\/wp\/v2\/product\/769122","targetHints":{"allow":["GET"]}}],"collection":[{"href":"https:\/\/roveyayinevi.com.tr\/index.php\/wp-json\/wp\/v2\/product"}],"about":[{"href":"https:\/\/roveyayinevi.com.tr\/index.php\/wp-json\/wp\/v2\/types\/product"}],"wp:attachment":[{"href":"https:\/\/roveyayinevi.com.tr\/index.php\/wp-json\/wp\/v2\/media?parent=769122"}],"wp:term":[{"taxonomy":"product_brand","embeddable":true,"href":"https:\/\/roveyayinevi.com.tr\/index.php\/wp-json\/wp\/v2\/product_brand?post=769122"},{"taxonomy":"product_cat","embeddable":true,"href":"https:\/\/roveyayinevi.com.tr\/index.php\/wp-json\/wp\/v2\/product_cat?post=769122"},{"taxonomy":"product_tag","embeddable":true,"href":"https:\/\/roveyayinevi.com.tr\/index.php\/wp-json\/wp\/v2\/product_tag?post=769122"}],"curies":[{"name":"wp","href":"https:\/\/api.w.org\/{rel}","templated":true}]}}