{"id":769121,"date":"2025-08-28T13:42:47","date_gmt":"2025-08-28T10:42:47","guid":{"rendered":"https:\/\/roveyayinevi.com.tr\/index.php\/urun\/golge-avcisinin-el-kitabi-olumcul-oyuncaklar\/"},"modified":"2026-04-15T03:34:59","modified_gmt":"2026-04-15T00:34:59","slug":"golge-avcisinin-el-kitabi-olumcul-oyuncaklar","status":"publish","type":"product","link":"https:\/\/roveyayinevi.com.tr\/index.php\/urun\/golge-avcisinin-el-kitabi-olumcul-oyuncaklar\/","title":{"rendered":"G\u00f6lge Avc\u0131s\u0131\u2019n\u0131n El Kitab\u0131 &#8211; \u00d6l\u00fcmc\u00fcl Oyuncaklar"},"content":{"rendered":"<p>G\u00f6lge Avc\u0131lar\u0131 d\u00fcnyas\u0131na \u0131\u015f\u0131k tutacak bu resimli rehber sayesinde bildi\u011finiz d\u00fcnyan\u0131n \u00f6tesine ge\u00e7meye haz\u0131rolun!  Hem \u201c\u00d6l\u00fcmc\u00fcl Oyuncaklar\u201d hem de \u201cCehennem Makineleri\u201dnde ad\u0131 ge\u00e7en bu el kitab\u0131, 13. Y\u00fczy\u0131ldan beri G\u00f6lge Avc\u0131s\u0131 olma yolundaki her gen\u00e7 Nefilim i\u00e7in vazge\u00e7ilmez bir ihtiya\u00e7. Ahenkle resimlenmi\u015f rehberimiz, me\u015fhur Nefilimler\u2019in gelmi\u015finin ve ge\u00e7mi\u015finin yan\u0131s\u0131ra, di\u011fer A\u015fa\u011f\u0131 D\u00fcnyal\u0131lar\u2019\u0131n tasvirlerini de i\u00e7eriyor.    Ancak bu kitap, G\u00f6lge Avc\u0131s\u0131\u2019n\u0131n El Kitab\u0131\u2019n\u0131n s\u0131radan bir bask\u0131s\u0131 de\u011fil.Clary\u2019nin kendi n\u00fcshas\u0131. Kendisi de bir sanat\u00e7\u0131 olan Clary, kitapta arkada\u015flar\u0131n\u0131n ve ailesinin enfes \u00e7izimlerini yapm\u0131\u015f, sayfa bo\u015fluklar\u0131na i\u015finize yarayacak \u00f6neriler karalam\u0131\u015f. Jace ve Simon\u2019\u0131n kendifikirlerini eklemelerine de engel olamam\u0131\u015f. Bir yandan ansiklopedi, bir yandan tarih kitab\u0131, bir yandan da al\u0131\u015ft\u0131rma kitap\u00e7\u0131\u011f\u0131 olan bu rehber, 13.y\u00fczy\u0131l da \u00e7ok satar listesi gibi bir gelenek olsayd\u0131 t\u0131pk\u0131 \u201c\u00d6l\u00fcmc\u00fcl Oyuncaklar\u201d ve \u201cCehennem Makineleri\u201d gibi zirveyi kimseye b\u0131rakmazd\u0131!     <\/p>\n","protected":false},"excerpt":{"rendered":"<p>G\u00f6lge Avc\u0131lar\u0131 d\u00fcnyas\u0131na \u0131\u015f\u0131k tutacak bu resimli rehber sayesinde bildi\u011finiz d\u00fcnyan\u0131n \u00f6tesine ge\u00e7meye haz\u0131rolun! Hem \u201c\u00d6l\u00fcmc\u00fcl Oyuncaklar\u201d hem de \u201cCehennem Makineleri\u201dnde ad\u0131 ge\u00e7en bu el kitab\u0131,<span class=\"excerpt-hellip\"> [\u2026]<\/span><\/p>\n","protected":false},"featured_media":0,"template":"","meta":{"_monsterinsights_skip_tracking":false,"_monsterinsights_sitenote_active":false,"_monsterinsights_sitenote_note":"","_monsterinsights_sitenote_category":0},"product_brand":[],"product_cat":[12291,14777],"product_tag":[],"class_list":{"0":"post-769121","1":"product","2":"type-product","3":"status-publish","5":"product_cat-edebiyat","6":"product_cat-fantastik","7":"pa_cilt-ciltli","8":"pa_tur-kitap","9":"pa_yayinevi-artemis-yayinlari","10":"pa_yazar-cassandra-clare","12":"first","13":"instock","14":"sale","15":"shipping-taxable","16":"purchasable","17":"product-type-simple"},"_links":{"self":[{"href":"https:\/\/roveyayinevi.com.tr\/index.php\/wp-json\/wp\/v2\/product\/769121","targetHints":{"allow":["GET"]}}],"collection":[{"href":"https:\/\/roveyayinevi.com.tr\/index.php\/wp-json\/wp\/v2\/product"}],"about":[{"href":"https:\/\/roveyayinevi.com.tr\/index.php\/wp-json\/wp\/v2\/types\/product"}],"wp:attachment":[{"href":"https:\/\/roveyayinevi.com.tr\/index.php\/wp-json\/wp\/v2\/media?parent=769121"}],"wp:term":[{"taxonomy":"product_brand","embeddable":true,"href":"https:\/\/roveyayinevi.com.tr\/index.php\/wp-json\/wp\/v2\/product_brand?post=769121"},{"taxonomy":"product_cat","embeddable":true,"href":"https:\/\/roveyayinevi.com.tr\/index.php\/wp-json\/wp\/v2\/product_cat?post=769121"},{"taxonomy":"product_tag","embeddable":true,"href":"https:\/\/roveyayinevi.com.tr\/index.php\/wp-json\/wp\/v2\/product_tag?post=769121"}],"curies":[{"name":"wp","href":"https:\/\/api.w.org\/{rel}","templated":true}]}}