{"id":769120,"date":"2025-08-28T13:42:45","date_gmt":"2025-08-28T10:42:45","guid":{"rendered":"https:\/\/roveyayinevi.com.tr\/index.php\/urun\/fistanli-tavuk\/"},"modified":"2026-04-15T03:34:59","modified_gmt":"2026-04-15T00:34:59","slug":"fistanli-tavuk","status":"publish","type":"product","link":"https:\/\/roveyayinevi.com.tr\/index.php\/urun\/fistanli-tavuk\/","title":{"rendered":"Fistanl\u0131 Tavuk"},"content":{"rendered":"<p>Yaramaz bir tavu\u011fun maceralar\u0131n\u0131n anlat\u0131ld\u0131\u011f\u0131 kitap, 4 ya\u015f ve \u00fcst\u00fc \u00e7ocuklara masals\u0131 anlat\u0131m\u0131yla sesleniyor. Kahraman\u0131m\u0131z Cemil\u2019in bah\u00e7edeki tuhaf de\u011fi\u015fikleri fark etmesiyle ba\u015flayan macera; Cemil\u2019in, Fistanl\u0131 ve arkada\u015flar\u0131n\u0131 takip etmesiyle s\u00fcr\u00fcyor. Kitap ak\u0131c\u0131 \u00fcslubu, \u00e7ocuklar\u0131n ilgisini \u00e7ekecek kafiyeli anlat\u0131m\u0131yla \u00e7ocuklara, dinlerken de okurken de e\u011flenceli dakikalar sunacak. Tabiat\u0131 ke\u015ffetme ve tan\u0131ma, hayal g\u00fcc\u00fcn\u00fc geli\u015ftirme, sorgulayarak anlama ve \u00f6\u011frenme gibi kazan\u0131mlarla \u00e7ocuklar\u0131n d\u00fcnyas\u0131n\u0131 zenginle\u015ftirecek <\/p>\n","protected":false},"excerpt":{"rendered":"<p>Yaramaz bir tavu\u011fun maceralar\u0131n\u0131n anlat\u0131ld\u0131\u011f\u0131 kitap, 4 ya\u015f ve \u00fcst\u00fc \u00e7ocuklara masals\u0131 anlat\u0131m\u0131yla sesleniyor. Kahraman\u0131m\u0131z Cemil\u2019in bah\u00e7edeki tuhaf de\u011fi\u015fikleri fark etmesiyle ba\u015flayan macera; Cemil\u2019in, Fistanl\u0131 ve<span class=\"excerpt-hellip\"> [\u2026]<\/span><\/p>\n","protected":false},"featured_media":0,"template":"","meta":{"_monsterinsights_skip_tracking":false,"_monsterinsights_sitenote_active":false,"_monsterinsights_sitenote_note":"","_monsterinsights_sitenote_category":0},"product_brand":[],"product_cat":[12274,12284],"product_tag":[],"class_list":{"0":"post-769120","1":"product","2":"type-product","3":"status-publish","5":"product_cat-cocuk-ve-genclik-kitaplari","6":"product_cat-hikayeler","7":"pa_cilt-ciltsiz","8":"pa_tur-kitap","9":"pa_yayinevi-bambu-kitap","10":"pa_yazar-kubra-sinem-celebi","12":"first","13":"instock","14":"sale","15":"shipping-taxable","16":"purchasable","17":"product-type-simple"},"_links":{"self":[{"href":"https:\/\/roveyayinevi.com.tr\/index.php\/wp-json\/wp\/v2\/product\/769120","targetHints":{"allow":["GET"]}}],"collection":[{"href":"https:\/\/roveyayinevi.com.tr\/index.php\/wp-json\/wp\/v2\/product"}],"about":[{"href":"https:\/\/roveyayinevi.com.tr\/index.php\/wp-json\/wp\/v2\/types\/product"}],"wp:attachment":[{"href":"https:\/\/roveyayinevi.com.tr\/index.php\/wp-json\/wp\/v2\/media?parent=769120"}],"wp:term":[{"taxonomy":"product_brand","embeddable":true,"href":"https:\/\/roveyayinevi.com.tr\/index.php\/wp-json\/wp\/v2\/product_brand?post=769120"},{"taxonomy":"product_cat","embeddable":true,"href":"https:\/\/roveyayinevi.com.tr\/index.php\/wp-json\/wp\/v2\/product_cat?post=769120"},{"taxonomy":"product_tag","embeddable":true,"href":"https:\/\/roveyayinevi.com.tr\/index.php\/wp-json\/wp\/v2\/product_tag?post=769120"}],"curies":[{"name":"wp","href":"https:\/\/api.w.org\/{rel}","templated":true}]}}