{"id":769119,"date":"2025-08-28T13:42:42","date_gmt":"2025-08-28T10:42:42","guid":{"rendered":"https:\/\/roveyayinevi.com.tr\/index.php\/urun\/bu-ada-baska-ada\/"},"modified":"2026-04-08T03:31:15","modified_gmt":"2026-04-08T00:31:15","slug":"bu-ada-baska-ada","status":"publish","type":"product","link":"https:\/\/roveyayinevi.com.tr\/index.php\/urun\/bu-ada-baska-ada\/","title":{"rendered":"Bu Ada Ba\u015fka Ada"},"content":{"rendered":"<p>\u201cErken \u00c7ocukluk D\u00f6nemi\u201d ad\u0131 verilen, hayat\u0131n \u00f6zellikle ilk alt\u0131 senesinde mahremiyet e\u011fitimi \u00e7ok \u00f6nemli bir yer tutar. Sa\u011fl\u0131kl\u0131 bir ki\u015fili\u011fin temeli bu d\u00f6nemde at\u0131l\u0131r. Mahremiyet bilinci kazanan \u00e7ocuklar \u00f6z alan\u0131n\u0131 bilir, bu alanlar\u0131n\u0131 korumaya \u00e7al\u0131\u015f\u0131r ve ba\u015fkalar\u0131n\u0131n alan\u0131na, haklar\u0131na sayg\u0131 g\u00f6stermeyi \u00f6\u011frenir. Bu da nitelikli nesillerin in\u015fas\u0131nda son derece \u00f6nemli bir husustur. \u00c7\u00fcnk\u00fc s\u0131n\u0131r koymay\u0131 \u00f6\u011frenen, alan\u0131n\u0131 koruyabilen \u00e7ocuklar nitelikli bir toplum olu\u015fmas\u0131nda sorumluluk al\u0131r. Bu Ada Ba\u015fka Ada, bu bilin\u00e7le manevi de\u011ferler \u0131\u015f\u0131\u011f\u0131nda \u00e7ocu\u011fa \u201cBedenim bana aittir\u201d bilinci, \u00f6zel alan\u0131 tan\u0131mlama (\u00f6zel b\u00f6lgeleri sevgi objesi yapmama), yabanc\u0131lar\u0131n izinsiz fiziksel temaslar\u0131na kar\u015f\u0131 bedenini ke\u015ffetme gibi temel insani becerileri \u00f6\u011fretir. Haz\u0131rlanan k\u0131lavuzda ebeveyn ve e\u011fitimcilerin, kitab\u0131 okurken \u00e7ocuklar\u0131 nas\u0131l y\u00f6nlendirebilecekleri de belirtiliyor. Kitab\u0131n arkas\u0131ndaki karekodu okutarak k\u0131lavuza ula\u015fabilirsiniz. Ayr\u0131ca kitap, ba\u015fkalar\u0131n\u0131n \u00f6n\u00fcnde \u00e7ocu\u011fun k\u0131yafetinin de\u011fi\u015ftirilmemesi gerekti\u011fi, \u00e7ocu\u011fa g\u00fcvenli be\u015fli kavram\u0131n\u0131n \u00f6\u011fretilmesi, tuvalet al\u0131\u015fkanl\u0131\u011f\u0131 kazand\u0131r\u0131rken mahremiyetin \u00f6nemi, \u00e7ocu\u011fun odas\u0131na izinsiz girmeme gibi bir\u00e7ok kazan\u0131mlar a\u00e7\u0131s\u0131ndan da veli, yeti\u015fkin ve \u00e7ocuklara rehberlik ediyor. <\/p>\n","protected":false},"excerpt":{"rendered":"<p>\u201cErken \u00c7ocukluk D\u00f6nemi\u201d ad\u0131 verilen, hayat\u0131n \u00f6zellikle ilk alt\u0131 senesinde mahremiyet e\u011fitimi \u00e7ok \u00f6nemli bir yer tutar. Sa\u011fl\u0131kl\u0131 bir ki\u015fili\u011fin temeli bu d\u00f6nemde at\u0131l\u0131r. Mahremiyet bilinci<span class=\"excerpt-hellip\"> [\u2026]<\/span><\/p>\n","protected":false},"featured_media":0,"template":"","meta":{"_monsterinsights_skip_tracking":false,"_monsterinsights_sitenote_active":false,"_monsterinsights_sitenote_note":"","_monsterinsights_sitenote_category":0},"product_brand":[],"product_cat":[12274,12284],"product_tag":[],"class_list":{"0":"post-769119","1":"product","2":"type-product","3":"status-publish","5":"product_cat-cocuk-ve-genclik-kitaplari","6":"product_cat-hikayeler","7":"pa_cilt-ciltsiz","8":"pa_tur-kitap","9":"pa_yayinevi-bambu-kitap","10":"pa_yazar-didem-tarhan-saliha-aktas-ekingen","12":"first","13":"instock","14":"sale","15":"shipping-taxable","16":"purchasable","17":"product-type-simple"},"_links":{"self":[{"href":"https:\/\/roveyayinevi.com.tr\/index.php\/wp-json\/wp\/v2\/product\/769119","targetHints":{"allow":["GET"]}}],"collection":[{"href":"https:\/\/roveyayinevi.com.tr\/index.php\/wp-json\/wp\/v2\/product"}],"about":[{"href":"https:\/\/roveyayinevi.com.tr\/index.php\/wp-json\/wp\/v2\/types\/product"}],"wp:attachment":[{"href":"https:\/\/roveyayinevi.com.tr\/index.php\/wp-json\/wp\/v2\/media?parent=769119"}],"wp:term":[{"taxonomy":"product_brand","embeddable":true,"href":"https:\/\/roveyayinevi.com.tr\/index.php\/wp-json\/wp\/v2\/product_brand?post=769119"},{"taxonomy":"product_cat","embeddable":true,"href":"https:\/\/roveyayinevi.com.tr\/index.php\/wp-json\/wp\/v2\/product_cat?post=769119"},{"taxonomy":"product_tag","embeddable":true,"href":"https:\/\/roveyayinevi.com.tr\/index.php\/wp-json\/wp\/v2\/product_tag?post=769119"}],"curies":[{"name":"wp","href":"https:\/\/api.w.org\/{rel}","templated":true}]}}