{"id":769118,"date":"2025-08-28T13:42:41","date_gmt":"2025-08-28T10:42:41","guid":{"rendered":"https:\/\/roveyayinevi.com.tr\/index.php\/urun\/gelistirilmis-jeotermal-sistemler-ve-turkiye-potansiyeli\/"},"modified":"2026-04-15T03:34:59","modified_gmt":"2026-04-15T00:34:59","slug":"gelistirilmis-jeotermal-sistemler-ve-turkiye-potansiyeli","status":"publish","type":"product","link":"https:\/\/roveyayinevi.com.tr\/index.php\/urun\/gelistirilmis-jeotermal-sistemler-ve-turkiye-potansiyeli\/","title":{"rendered":"Geli\u015ftirilmi\u015f Jeotermal Sistemler Ve T\u00fcrkiye Potansiyeli"},"content":{"rendered":"<p>\u0130\u00e7indekiler :   B\u00d6L\u00dcM I JEOTERMAL ENERJ\u0130   B\u00d6L\u00dcM II GEL\u0130\u015eT\u0130R\u0130LM\u0130\u015e JEOTERMAL S\u0130STEMLER   B\u00d6L\u00dcM III D\u00dcNYADA GEL\u0130\u015eT\u0130R\u0130LM\u0130\u015e JEOTERMAL S\u0130STEM UYGULAMALARI   B\u00d6L\u00dcM IV T\u00dcRK\u0130YEDE GEL\u0130\u015eT\u0130R\u0130LM\u0130\u015e JEOTERMAL S\u0130STEM POTANS\u0130YEL ALANLARI   B\u00d6L\u00dcM V SONU\u00c7LAR   <\/p>\n","protected":false},"excerpt":{"rendered":"<p>\u0130\u00e7indekiler : B\u00d6L\u00dcM I JEOTERMAL ENERJ\u0130 B\u00d6L\u00dcM II GEL\u0130\u015eT\u0130R\u0130LM\u0130\u015e JEOTERMAL S\u0130STEMLER B\u00d6L\u00dcM III D\u00dcNYADA GEL\u0130\u015eT\u0130R\u0130LM\u0130\u015e JEOTERMAL S\u0130STEM UYGULAMALARI B\u00d6L\u00dcM IV T\u00dcRK\u0130YEDE GEL\u0130\u015eT\u0130R\u0130LM\u0130\u015e JEOTERMAL S\u0130STEM POTANS\u0130YEL ALANLARI<span class=\"excerpt-hellip\"> [\u2026]<\/span><\/p>\n","protected":false},"featured_media":0,"template":"","meta":{"_monsterinsights_skip_tracking":false,"_monsterinsights_sitenote_active":false,"_monsterinsights_sitenote_note":"","_monsterinsights_sitenote_category":0},"product_brand":[],"product_cat":[13005,40995],"product_tag":[],"class_list":{"0":"post-769118","1":"product","2":"type-product","3":"status-publish","5":"product_cat-bilim-muhendislik","6":"product_cat-sosyal-bilimler","7":"pa_cilt-ciltsiz","8":"pa_tur-kitap","9":"pa_yayinevi-gazi-kitabevi","10":"pa_yazar-mehmet-furkan-sener","12":"first","13":"instock","14":"sale","15":"shipping-taxable","16":"purchasable","17":"product-type-simple"},"_links":{"self":[{"href":"https:\/\/roveyayinevi.com.tr\/index.php\/wp-json\/wp\/v2\/product\/769118","targetHints":{"allow":["GET"]}}],"collection":[{"href":"https:\/\/roveyayinevi.com.tr\/index.php\/wp-json\/wp\/v2\/product"}],"about":[{"href":"https:\/\/roveyayinevi.com.tr\/index.php\/wp-json\/wp\/v2\/types\/product"}],"wp:attachment":[{"href":"https:\/\/roveyayinevi.com.tr\/index.php\/wp-json\/wp\/v2\/media?parent=769118"}],"wp:term":[{"taxonomy":"product_brand","embeddable":true,"href":"https:\/\/roveyayinevi.com.tr\/index.php\/wp-json\/wp\/v2\/product_brand?post=769118"},{"taxonomy":"product_cat","embeddable":true,"href":"https:\/\/roveyayinevi.com.tr\/index.php\/wp-json\/wp\/v2\/product_cat?post=769118"},{"taxonomy":"product_tag","embeddable":true,"href":"https:\/\/roveyayinevi.com.tr\/index.php\/wp-json\/wp\/v2\/product_tag?post=769118"}],"curies":[{"name":"wp","href":"https:\/\/api.w.org\/{rel}","templated":true}]}}