{"id":769117,"date":"2025-08-28T13:42:40","date_gmt":"2025-08-28T10:42:40","guid":{"rendered":"https:\/\/roveyayinevi.com.tr\/index.php\/urun\/aciklanabilir-yapay-zeka-yaklasimlari-alzheimer-hastaliginin-tespitine-yonelik-uygulamalar\/"},"modified":"2026-04-15T03:34:59","modified_gmt":"2026-04-15T00:34:59","slug":"aciklanabilir-yapay-zeka-yaklasimlari-alzheimer-hastaliginin-tespitine-yonelik-uygulamalar","status":"publish","type":"product","link":"https:\/\/roveyayinevi.com.tr\/index.php\/urun\/aciklanabilir-yapay-zeka-yaklasimlari-alzheimer-hastaliginin-tespitine-yonelik-uygulamalar\/","title":{"rendered":"A\u00e7\u0131klanabilir Yapay Zek\u00e2 Yakla\u015f\u0131mlar\u0131: Alzheimer Hastal\u0131\u011f\u0131n\u0131n Tespitine Y\u00f6nelik Uygulamalar"},"content":{"rendered":"<p>\u0130\u00e7indekiler :     B\u0130R\u0130NC\u0130 B\u00d6L\u00dcM YAPAY \u00d6\u011eRENME   \u0130K\u0130NC\u0130 B\u00d6L\u00dcM A\u00c7IKLANAB\u0130L\u0130R YAPAY ZEK\u00c2 (XAI)   \u00dc\u00c7\u00dcNC\u00dc B\u00d6L\u00dcM ALZHE\u0130MER HASTALI\u011eININ TANISINDA XAI YAKLA\u015eIMLARI <\/p>\n","protected":false},"excerpt":{"rendered":"<p>\u0130\u00e7indekiler : B\u0130R\u0130NC\u0130 B\u00d6L\u00dcM YAPAY \u00d6\u011eRENME \u0130K\u0130NC\u0130 B\u00d6L\u00dcM A\u00c7IKLANAB\u0130L\u0130R YAPAY ZEK\u00c2 (XAI) \u00dc\u00c7\u00dcNC\u00dc B\u00d6L\u00dcM ALZHE\u0130MER HASTALI\u011eININ TANISINDA XAI YAKLA\u015eIMLARI<\/p>\n","protected":false},"featured_media":0,"template":"","meta":{"_monsterinsights_skip_tracking":false,"_monsterinsights_sitenote_active":false,"_monsterinsights_sitenote_note":"","_monsterinsights_sitenote_category":0},"product_brand":[],"product_cat":[13005,40995],"product_tag":[],"class_list":{"0":"post-769117","1":"product","2":"type-product","3":"status-publish","5":"product_cat-bilim-muhendislik","6":"product_cat-sosyal-bilimler","7":"pa_cilt-ciltsiz","8":"pa_tur-kitap","9":"pa_yayinevi-gazi-kitabevi","10":"pa_yazar-ceyda-unal","12":"first","13":"instock","14":"sale","15":"shipping-taxable","16":"purchasable","17":"product-type-simple"},"_links":{"self":[{"href":"https:\/\/roveyayinevi.com.tr\/index.php\/wp-json\/wp\/v2\/product\/769117","targetHints":{"allow":["GET"]}}],"collection":[{"href":"https:\/\/roveyayinevi.com.tr\/index.php\/wp-json\/wp\/v2\/product"}],"about":[{"href":"https:\/\/roveyayinevi.com.tr\/index.php\/wp-json\/wp\/v2\/types\/product"}],"wp:attachment":[{"href":"https:\/\/roveyayinevi.com.tr\/index.php\/wp-json\/wp\/v2\/media?parent=769117"}],"wp:term":[{"taxonomy":"product_brand","embeddable":true,"href":"https:\/\/roveyayinevi.com.tr\/index.php\/wp-json\/wp\/v2\/product_brand?post=769117"},{"taxonomy":"product_cat","embeddable":true,"href":"https:\/\/roveyayinevi.com.tr\/index.php\/wp-json\/wp\/v2\/product_cat?post=769117"},{"taxonomy":"product_tag","embeddable":true,"href":"https:\/\/roveyayinevi.com.tr\/index.php\/wp-json\/wp\/v2\/product_tag?post=769117"}],"curies":[{"name":"wp","href":"https:\/\/api.w.org\/{rel}","templated":true}]}}