{"id":769106,"date":"2025-08-28T13:42:16","date_gmt":"2025-08-28T10:42:16","guid":{"rendered":"https:\/\/roveyayinevi.com.tr\/index.php\/urun\/golge-gezegen\/"},"modified":"2026-04-15T03:34:59","modified_gmt":"2026-04-15T00:34:59","slug":"golge-gezegen","status":"publish","type":"product","link":"https:\/\/roveyayinevi.com.tr\/index.php\/urun\/golge-gezegen\/","title":{"rendered":"G\u00f6lge Gezegen"},"content":{"rendered":"<p>Vecihi\u2019nin s\u0131radan g\u00f6r\u00fcnen hayat\u0131, bir ak\u015fam yeme\u011finde anne babas\u0131n\u0131n verdi\u011fi tuhaf haberle alt\u00fcst oldu: Yak\u0131nda evlerinin \u00e7at\u0131 kat\u0131na uzayl\u0131lar ta\u015f\u0131nacakt\u0131! Vecihi ve emekli itfaiyeci dedesi Hadi Bey, uzayl\u0131 canavarlar\u0131n istilas\u0131ndan korunmak i\u00e7in acilen haz\u0131rl\u0131k yapmal\u0131yd\u0131lar! Ne var ki Mars\u0131k gezegeninden D\u00fcnya\u2019ya s\u0131\u011f\u0131nan uzayl\u0131lar hi\u00e7 de filmlerde g\u00f6rd\u00fckleri canavarlara benzemiyordu. Acaba t\u0131pk\u0131 insan gibi g\u00f6r\u00fcnen bu Mars\u0131kl\u0131 misafirler ger\u00e7ekte dost muydu yoksa d\u00fc\u015fman m\u0131? Uzak bir gezegenden D\u00fcnya\u2019ya gelen uzayl\u0131lar, gizemli bir kolye, beklenmedik dostluklar ve y\u0131llard\u0131r herkesten saklanan b\u00fcy\u00fck bir s\u0131r&#8230; Koray Avc\u0131 \u00c7akman\u2019\u0131n yazd\u0131\u011f\u0131 G\u00f6lge Gezegen, okurunu mizah ve heyecan dolu, benzersiz bir uzay maceras\u0131na davet ediyor!<\/p>\n","protected":false},"excerpt":{"rendered":"<p>Vecihi\u2019nin s\u0131radan g\u00f6r\u00fcnen hayat\u0131, bir ak\u015fam yeme\u011finde anne babas\u0131n\u0131n verdi\u011fi tuhaf haberle alt\u00fcst oldu: Yak\u0131nda evlerinin \u00e7at\u0131 kat\u0131na uzayl\u0131lar ta\u015f\u0131nacakt\u0131! Vecihi ve emekli itfaiyeci dedesi Hadi<span class=\"excerpt-hellip\"> [\u2026]<\/span><\/p>\n","protected":false},"featured_media":0,"template":"","meta":{"_monsterinsights_skip_tracking":false,"_monsterinsights_sitenote_active":false,"_monsterinsights_sitenote_note":"","_monsterinsights_sitenote_category":0},"product_brand":[],"product_cat":[12274,12284],"product_tag":[],"class_list":{"0":"post-769106","1":"product","2":"type-product","3":"status-publish","5":"product_cat-cocuk-ve-genclik-kitaplari","6":"product_cat-hikayeler","7":"pa_cilt-ciltsiz","8":"pa_tur-kitap","9":"pa_yayinevi-hep-kitap","10":"pa_yazar-koray-avci-cakman","12":"first","13":"instock","14":"sale","15":"shipping-taxable","16":"purchasable","17":"product-type-simple"},"_links":{"self":[{"href":"https:\/\/roveyayinevi.com.tr\/index.php\/wp-json\/wp\/v2\/product\/769106","targetHints":{"allow":["GET"]}}],"collection":[{"href":"https:\/\/roveyayinevi.com.tr\/index.php\/wp-json\/wp\/v2\/product"}],"about":[{"href":"https:\/\/roveyayinevi.com.tr\/index.php\/wp-json\/wp\/v2\/types\/product"}],"wp:attachment":[{"href":"https:\/\/roveyayinevi.com.tr\/index.php\/wp-json\/wp\/v2\/media?parent=769106"}],"wp:term":[{"taxonomy":"product_brand","embeddable":true,"href":"https:\/\/roveyayinevi.com.tr\/index.php\/wp-json\/wp\/v2\/product_brand?post=769106"},{"taxonomy":"product_cat","embeddable":true,"href":"https:\/\/roveyayinevi.com.tr\/index.php\/wp-json\/wp\/v2\/product_cat?post=769106"},{"taxonomy":"product_tag","embeddable":true,"href":"https:\/\/roveyayinevi.com.tr\/index.php\/wp-json\/wp\/v2\/product_tag?post=769106"}],"curies":[{"name":"wp","href":"https:\/\/api.w.org\/{rel}","templated":true}]}}