{"id":769104,"date":"2025-08-28T13:42:13","date_gmt":"2025-08-28T10:42:13","guid":{"rendered":"https:\/\/roveyayinevi.com.tr\/index.php\/urun\/helenistik-cag\/"},"modified":"2026-04-15T03:34:59","modified_gmt":"2026-04-15T00:34:59","slug":"helenistik-cag","status":"publish","type":"product","link":"https:\/\/roveyayinevi.com.tr\/index.php\/urun\/helenistik-cag\/","title":{"rendered":"Helenistik \u00c7a\u011f"},"content":{"rendered":"<p>B\u00fcy\u00fck \u0130skender\u2019in fetihlerini takip eden \u00fc\u00e7 y\u00fcz y\u0131lda, Adriyatik\u2019ten Himalayalar\u2019a uzanan geni\u015f co\u011frafya, Do\u011fu ve Bat\u0131 k\u00fclt\u00fcrlerinin kayna\u015ft\u0131\u011f\u0131 ola\u011fan\u00fcst\u00fc bir k\u00fcreselle\u015fme d\u00f6nemine sahne oldu. Bu \u00f6yle bir d\u00f6nemdi ki K\u0131br\u0131sl\u0131 bir Yunan filozofu ilk elden edindi\u011fi bilgilere dayanarak Brahmanlar\u0131n diniyle Yahudilerin dini aras\u0131nda mukayeseler yap\u0131yor, A\u015fa\u011f\u0131 Tuna\u2019dan gelen bir Kelt, M\u0131s\u0131r\u2019da h\u00fck\u00fcm s\u00fcren Makedon kral\u0131n\u0131n ordusunda paral\u0131 asker olabiliyordu. Yunanca konu\u015fan topluluklar\u0131n kitlesel g\u00f6\u00e7leriyle birlikte, Yunan dilinin kullan\u0131m sahas\u0131 Nil Nehri\u2019nden Ceyhun\u2019a, \u0130ndus Vadisi\u2019ne kadar yay\u0131ld\u0131. \u0130skender\u2019in fethetti\u011fi topraklar\u0131 b\u00f6l\u00fc\u015fen krall\u0131klarda y\u00fczlerce yeni \u015fehrin kuruldu\u011fu bu \u00e7a\u011fda siyasi yap\u0131da oldu\u011fu kadar sanatta ve bilimde de yeni geli\u015fmeler ya\u015fan\u0131yor, \u0130skenderiye\u2019deki \u00e2limler d\u00fcnyan\u0131n \u00e7evresini \u00f6l\u00e7erken \u00f6nc\u00fc denizciler Hint Okyanusu\u2019nu ve Bat\u0131 Afrika k\u0131y\u0131lar\u0131n\u0131 ke\u015ffe \u00e7\u0131k\u0131yordu. Peter Thonemann bu kitapta, yaz\u0131tlar, papir\u00fcsler, sikkeler, \u015fiirler, sanat eserleri ve arkeolojik kal\u0131nt\u0131lardan derledi\u011fi bilgiler \u0131\u015f\u0131\u011f\u0131nda, B\u00fcy\u00fck \u0130skender\u2019in \u00f6l\u00fcm\u00fcnden (M\u00d6 323) M\u0131s\u0131r\u2019daki Ptolemaios Krall\u0131\u011f\u0131\u2019n\u0131n Roma egemenli\u011fine girdi\u011fi tarihe (M\u00d6 30) kadar olan d\u00f6nemde Helenistik d\u00fcnyan\u0131n zengin tarihini ve k\u00fclt\u00fcr\u00fcn\u00fc derli toplu bir bi\u00e7imde mercek alt\u0131na al\u0131yor. Peter Thonemann, Oxford \u00dcniversitesi\u2019nde antik\u00e7a\u011f tarihi profes\u00f6r\u00fcd\u00fcr.<\/p>\n","protected":false},"excerpt":{"rendered":"<p>B\u00fcy\u00fck \u0130skender\u2019in fetihlerini takip eden \u00fc\u00e7 y\u00fcz y\u0131lda, Adriyatik\u2019ten Himalayalar\u2019a uzanan geni\u015f co\u011frafya, Do\u011fu ve Bat\u0131 k\u00fclt\u00fcrlerinin kayna\u015ft\u0131\u011f\u0131 ola\u011fan\u00fcst\u00fc bir k\u00fcreselle\u015fme d\u00f6nemine sahne oldu. Bu \u00f6yle<span class=\"excerpt-hellip\"> [\u2026]<\/span><\/p>\n","protected":false},"featured_media":0,"template":"","meta":{"_monsterinsights_skip_tracking":false,"_monsterinsights_sitenote_active":false,"_monsterinsights_sitenote_note":"","_monsterinsights_sitenote_category":0},"product_brand":[],"product_cat":[12370,12304],"product_tag":[],"class_list":{"0":"post-769104","1":"product","2":"type-product","3":"status-publish","5":"product_cat-arastirma-inceleme","6":"product_cat-tarih","7":"pa_cilt-ciltsiz","8":"pa_tur-kitap","9":"pa_yayinevi-koc-universitesi-yayinlari","10":"pa_yazar-peter-thonemann","12":"first","13":"instock","14":"sale","15":"shipping-taxable","16":"purchasable","17":"product-type-simple"},"_links":{"self":[{"href":"https:\/\/roveyayinevi.com.tr\/index.php\/wp-json\/wp\/v2\/product\/769104","targetHints":{"allow":["GET"]}}],"collection":[{"href":"https:\/\/roveyayinevi.com.tr\/index.php\/wp-json\/wp\/v2\/product"}],"about":[{"href":"https:\/\/roveyayinevi.com.tr\/index.php\/wp-json\/wp\/v2\/types\/product"}],"wp:attachment":[{"href":"https:\/\/roveyayinevi.com.tr\/index.php\/wp-json\/wp\/v2\/media?parent=769104"}],"wp:term":[{"taxonomy":"product_brand","embeddable":true,"href":"https:\/\/roveyayinevi.com.tr\/index.php\/wp-json\/wp\/v2\/product_brand?post=769104"},{"taxonomy":"product_cat","embeddable":true,"href":"https:\/\/roveyayinevi.com.tr\/index.php\/wp-json\/wp\/v2\/product_cat?post=769104"},{"taxonomy":"product_tag","embeddable":true,"href":"https:\/\/roveyayinevi.com.tr\/index.php\/wp-json\/wp\/v2\/product_tag?post=769104"}],"curies":[{"name":"wp","href":"https:\/\/api.w.org\/{rel}","templated":true}]}}