{"id":769102,"date":"2025-08-28T13:42:10","date_gmt":"2025-08-28T10:42:10","guid":{"rendered":"https:\/\/roveyayinevi.com.tr\/index.php\/urun\/cin-yolculugu-defterleri\/"},"modified":"2026-04-15T03:34:59","modified_gmt":"2026-04-15T00:34:59","slug":"cin-yolculugu-defterleri","status":"publish","type":"product","link":"https:\/\/roveyayinevi.com.tr\/index.php\/urun\/cin-yolculugu-defterleri\/","title":{"rendered":"\u00c7in Yolculu\u011fu Defterleri"},"content":{"rendered":"<p>Roland Barthes Nisan-May\u0131s 1974\u2019te \u00c7in\u2019e gitmi\u015fti.   Yan\u0131nda felsefeci ve yay\u0131n y\u00f6netmeni Fran\u00e7ois Wahl ile Tel Quel dergisi toplulu\u011fundan Philippe Sollers, Julia Kristeva, Marcelin Pleynet vard\u0131. \u00c7in\u2019den bir metinle d\u00f6nmeyi arzulayan Barthes yolculu\u011fun ilk anlar\u0131ndan itibaren defterine \u00e7izimler e\u015fli\u011finde notlar almaya ba\u015flam\u0131\u015f, yolculu\u011fun son g\u00fcn\u00fcne kadar da titizlikle s\u00fcrd\u00fcrm\u00fc\u015ft\u00fc bu \u00e7abas\u0131n\u0131.   Notlarda neler mi var? \u00d6zellikle propaganda konu\u015fmalar\u0131n\u0131n ard\u0131ndaki Mao\u2019nun \u00c7in\u2019i var; birer tablo izlenimi veren, tek tek s\u00f6zc\u00fcklerden olu\u015fmu\u015f anl\u0131k g\u00f6r\u00fcnt\u00fcler var; ve elbette g\u00f6zlemledikleriyle, ya\u015fad\u0131klar\u0131yla, yorumlar\u0131yla, ki\u015fisel hazlar\u0131yla, ge\u00e7ici s\u0131k\u0131nt\u0131lar\u0131 ve anl\u0131k k\u00fc\u00e7\u00fck mutluluklar\u0131yla \u201cbenzersiz yazar\u201d Barthes var.   Olaylara, durumlara, g\u00f6revlilere, gen\u00e7lere ve \u015feylere  fenomenolojik bir bak\u0131\u015fla yakla\u015fan Barthes\u2019\u0131n esinleyici, an\u0131msat\u0131c\u0131,  \u00e7a\u011fr\u0131\u015ft\u0131r\u0131c\u0131 notlar\u0131nda kendine \u00f6zg\u00fc ele\u015ftirel, \u00e7arp\u0131c\u0131, ironik tutumu da s\u00fcrekli hissediliyor.  <\/p>\n","protected":false},"excerpt":{"rendered":"<p>Roland Barthes Nisan-May\u0131s 1974\u2019te \u00c7in\u2019e gitmi\u015fti. Yan\u0131nda felsefeci ve yay\u0131n y\u00f6netmeni Fran\u00e7ois Wahl ile Tel Quel dergisi toplulu\u011fundan Philippe Sollers, Julia Kristeva, Marcelin Pleynet vard\u0131. \u00c7in\u2019den<span class=\"excerpt-hellip\"> [\u2026]<\/span><\/p>\n","protected":false},"featured_media":0,"template":"","meta":{"_monsterinsights_skip_tracking":false,"_monsterinsights_sitenote_active":false,"_monsterinsights_sitenote_note":"","_monsterinsights_sitenote_category":0},"product_brand":[],"product_cat":[18545,12291],"product_tag":[],"class_list":{"0":"post-769102","1":"product","2":"type-product","3":"status-publish","5":"product_cat-anlati","6":"product_cat-edebiyat","7":"pa_cilt-ciltsiz","8":"pa_tur-kitap","9":"pa_yayinevi-alfa-yayinlari","10":"pa_yazar-roland-barthes","12":"first","13":"instock","14":"sale","15":"shipping-taxable","16":"purchasable","17":"product-type-simple"},"_links":{"self":[{"href":"https:\/\/roveyayinevi.com.tr\/index.php\/wp-json\/wp\/v2\/product\/769102","targetHints":{"allow":["GET"]}}],"collection":[{"href":"https:\/\/roveyayinevi.com.tr\/index.php\/wp-json\/wp\/v2\/product"}],"about":[{"href":"https:\/\/roveyayinevi.com.tr\/index.php\/wp-json\/wp\/v2\/types\/product"}],"wp:attachment":[{"href":"https:\/\/roveyayinevi.com.tr\/index.php\/wp-json\/wp\/v2\/media?parent=769102"}],"wp:term":[{"taxonomy":"product_brand","embeddable":true,"href":"https:\/\/roveyayinevi.com.tr\/index.php\/wp-json\/wp\/v2\/product_brand?post=769102"},{"taxonomy":"product_cat","embeddable":true,"href":"https:\/\/roveyayinevi.com.tr\/index.php\/wp-json\/wp\/v2\/product_cat?post=769102"},{"taxonomy":"product_tag","embeddable":true,"href":"https:\/\/roveyayinevi.com.tr\/index.php\/wp-json\/wp\/v2\/product_tag?post=769102"}],"curies":[{"name":"wp","href":"https:\/\/api.w.org\/{rel}","templated":true}]}}